{"id":20749,"date":"2023-07-28T13:40:36","date_gmt":"2023-07-28T13:40:36","guid":{"rendered":"https:\/\/www.customywear.com\/?post_type=product&#038;p=20749"},"modified":"2026-05-05T20:24:11","modified_gmt":"2026-05-05T20:24:11","slug":"bubenar-portret-tricko-personalizovane","status":"publish","type":"product","link":"https:\/\/www.customywear.com\/sk\/custom-drummer-portrait-tee\/","title":{"rendered":"Tri\u010dko s portr\u00e9tom buben\u00edka | Personalizovan\u00e9 tri\u010dko s hudobn\u00edkom"},"content":{"rendered":"<p>Pozdvihnite svoj \u0161t\u00fdl a predve\u010fte svoju v\u00e1\u0161e\u0148 pre hudbu s na\u0161\u00edm vynikaj\u00facim tri\u010dkom s portr\u00e9tom buben\u00edka na mieru. Toto unisex tri\u010dko s dlh\u00fdm aj kr\u00e1tkym ruk\u00e1vom, vyroben\u00e9 do dokonalosti, zachyt\u00e1va podstatu bubnovania prostredn\u00edctvom \u00fa\u017easn\u00e9ho vektorov\u00e9ho portr\u00e9tu, a to v\u0161etko z va\u0161ej ob\u013e\u00fabenej fotografie. \u010ci u\u017e ste sk\u00fasen\u00fd hudobn\u00edk, oddan\u00fd u\u010dite\u013e hudby alebo jednoducho niekto, kto miluje rytmus, toto personalizovan\u00e9 hudobn\u00e9 tri\u010dko je skuto\u010dn\u00fdm d\u00f4kazom v\u00e1\u0161ho hudobn\u00e9ho ducha. Za\u017eite k\u00fazlo personalizovan\u00e9ho dizajnu, ke\u010f premen\u00edme va\u0161u fotografiu na \u00fachvatn\u00e9ho buben\u00edka hraj\u00faceho na bicie. Toto jedine\u010dn\u00e9 hudobn\u00e9 tri\u010dko je dokonal\u00fdm dar\u010dekom pre nad\u0161encov bubnovania v\u0161etk\u00fdch vekov\u00fdch kateg\u00f3ri\u00ed, od dospel\u00fdch a ml\u00e1de\u017ee a\u017e po deti a bato\u013eat\u00e1. Vychutnajte si rytmus a groove s dizajnom, ktor\u00fd rezonuje s va\u0161ou hudobnou identitou. Ponorte sa do najjemnej\u0161\u00edch detailov, ktor\u00e9 o\u017eivili zru\u010dn\u00e9 ruky na\u0161ich dizajn\u00e9rov, ktor\u00ed pou\u017e\u00edvaj\u00fa \u0161pi\u010dkov\u00e9 n\u00e1stroje, ako s\u00fa Adobe Illustrator a Adobe Photoshop. V\u00fdsledok? Vysokokvalitn\u00e9 majstrovsk\u00e9 dielo vektorov\u00e9ho umenia, ktor\u00e9 je rovnako jedine\u010dn\u00e9 ako vy. Toto tri\u010dko na mieru nie je len kus oble\u010denia; Je to pl\u00e1tno pre sebavyjadrenie. V\u010faka mo\u017enosti personaliz\u00e1cie s akouko\u013evek \u013eudskou alebo zvieracou tv\u00e1rou si ho m\u00f4\u017eete skuto\u010dne prisp\u00f4sobi\u0165. Nenechajte si ujs\u0165 \u0161ancu vlastni\u0165 nosite\u013en\u00e9 umeleck\u00e9 dielo, ktor\u00e9 dokonale lad\u00ed s va\u0161ou hudobnou cestou. Presk\u00famajte svet mo\u017enost\u00ed prisp\u00f4sobenia e\u0161te dnes!<\/p>","protected":false},"excerpt":{"rendered":"<p>Rock out s vlastn\u00fdm tri\u010dkom na portr\u00e9t buben\u00edka. Personalizovan\u00e9 tri\u010dko Musician premen\u00ed ak\u00fako\u013evek fotografiu na jedine\u010dn\u00e9 tri\u010dko s hudobnou tematikou.<\/p>","protected":false},"featured_media":142684,"comment_status":"open","ping_status":"closed","template":"","meta":{"_acf_changed":false},"product_brand":[],"product_cat":[6195,1577,186,6340,1582,6412,6428],"product_tag":[6433,1578,6216,1583,1580],"class_list":{"0":"post-20749","1":"product","2":"type-product","3":"status-publish","4":"has-post-thumbnail","6":"product_cat-t-shirts-men","7":"product_cat-custom-gifts-drummers","8":"product_cat-men","9":"product_cat-mens-music-t-shirts","10":"product_cat-music","11":"product_cat-photo-to-tees","12":"product_cat-translate-products","13":"product_tag-ai-artwork","14":"product_tag-gift_for_drummer","15":"product_tag-mens-custom-t-shirts","16":"product_tag-music","17":"product_tag-music_teacher_shirt","19":"first","20":"instock","21":"taxable","22":"shipping-taxable","23":"purchasable","24":"product-type-simple"},"acf":[],"wcpa_form_fields":null,"_links":{"self":[{"href":"https:\/\/www.customywear.com\/sk\/wp-json\/wp\/v2\/product\/20749","targetHints":{"allow":["GET"]}}],"collection":[{"href":"https:\/\/www.customywear.com\/sk\/wp-json\/wp\/v2\/product"}],"about":[{"href":"https:\/\/www.customywear.com\/sk\/wp-json\/wp\/v2\/types\/product"}],"replies":[{"embeddable":true,"href":"https:\/\/www.customywear.com\/sk\/wp-json\/wp\/v2\/comments?post=20749"}],"wp:featuredmedia":[{"embeddable":true,"href":"https:\/\/www.customywear.com\/sk\/wp-json\/wp\/v2\/media\/142684"}],"wp:attachment":[{"href":"https:\/\/www.customywear.com\/sk\/wp-json\/wp\/v2\/media?parent=20749"}],"wp:term":[{"taxonomy":"product_brand","embeddable":true,"href":"https:\/\/www.customywear.com\/sk\/wp-json\/wp\/v2\/product_brand?post=20749"},{"taxonomy":"product_cat","embeddable":true,"href":"https:\/\/www.customywear.com\/sk\/wp-json\/wp\/v2\/product_cat?post=20749"},{"taxonomy":"product_tag","embeddable":true,"href":"https:\/\/www.customywear.com\/sk\/wp-json\/wp\/v2\/product_tag?post=20749"}],"curies":[{"name":"wp","href":"https:\/\/api.w.org\/{rel}","templated":true}]}}