{"id":20762,"date":"2023-07-28T13:40:45","date_gmt":"2023-07-28T13:40:45","guid":{"rendered":"https:\/\/www.customywear.com\/?post_type=product&#038;p=20762"},"modified":"2026-05-05T20:24:10","modified_gmt":"2026-05-05T20:24:10","slug":"vlastne-tricko-morskej-panny-pre-neho","status":"publish","type":"product","link":"https:\/\/www.customywear.com\/sk\/custom-mermaid-shirt-for-him\/","title":{"rendered":"Zachy\u0165te svoju l\u00e1sku pod vlnami: Tri\u010dko s morskou pannou na mieru pre neho"},"content":{"rendered":"<p>Uvo\u013enite vlnu romantiky s na\u0161\u00edm <strong>Zachy\u0165te svoju l\u00e1sku pod vlnami: Tri\u010dko s morskou pannou na mieru pre neho<\/strong>Ponorte sa do sveta fant\u00e1zie, ako to s vami sk\u00fasene urob\u00edme <strong>preme\u0148te svoje fotografie na p\u00fatav\u00e9 vektorov\u00e9 portr\u00e9ty<\/strong>..., ktor\u00e1 zobrazuje v\u00e1s a va\u0161u milovan\u00fa osobu ako morsk\u00e9 panny tancuj\u00face pod hladinou oce\u00e1nu. Toto personalizovan\u00e9 tri\u010dko je srde\u010dn\u00fdm dar\u010dekom pre nad\u0161encov oce\u00e1nu, ktor\u00fd zachyt\u00e1va podstatu v\u00e1\u0161ho spojenia v umeleck\u00fdch detailoch. Na\u0161i zru\u010dn\u00ed remeseln\u00edci ovl\u00e1daj\u00fa k\u00fazlo programov Adobe Illustrator a Adobe Photoshop a zabezpe\u010duj\u00fa, aby va\u0161a v\u00edzia bola d\u00f4kladne vd\u00fdchnut\u00e1 \u017eivotu. V\u00fdsledok? A <strong>vysokokvalitn\u00e1 vektorov\u00e1 grafika<\/strong> Majstrovsk\u00e9 dielo, starostlivo vytla\u010den\u00e9 pomocou pokro\u010dilej technol\u00f3gie DTG. Tieto \u017eiariv\u00e9 a nad\u010dasov\u00e9 farby odr\u00e1\u017eaj\u00fa kr\u00e1su samotn\u00e9ho mora. Za\u017eite \u010daro na\u0161ich unisex tri\u010diek na mieru, ktor\u00e9 s\u00fa prisp\u00f4soben\u00e9 pre v\u0161etky vekov\u00e9 kateg\u00f3rie \u2013 od dospel\u00fdch a\u017e po bato\u013eat\u00e1. Harmonick\u00e1 zmes \u0161t\u00fdlu a pohodlia zaru\u010duje perfektn\u00e9 nosenie pre ka\u017ed\u00e9ho \u010dlena va\u0161ej rodiny vr\u00e1tane va\u0161ich chlpat\u00fdch priate\u013eov. Na\u0161a kolekcia obsahuje mno\u017estvo p\u00fatav\u00fdch dizajnov, pri\u010dom ka\u017ed\u00fd je vytvoren\u00fd s rovnak\u00fdm nasaden\u00edm pre kreativitu a prec\u00edznos\u0165. Pre\u010do si vybra\u0165 na\u0161e tri\u010dko Capture Your Love Under the Waves: Custom Mermaid Shirt pre neho? <strong>Personalizovan\u00e1 romantika:<\/strong> Preneste seba a svojho partnera do podvodnej r\u00ed\u0161e, v\u00e1\u0161 \u013e\u00fabostn\u00fd pr\u00edbeh bude zobrazen\u00fd ako spolo\u010dn\u00ed\u010dky morsk\u00fdch panien pod vlnami. <strong>Umenie v novom svetle:<\/strong> Na\u0161i remeseln\u00edci pou\u017e\u00edvaj\u00fa \u0161pi\u010dkov\u00e9 dizajn\u00e9rske n\u00e1stroje na zachytenie podstaty v\u00e1\u0161ho prepojenia a vytv\u00e1raj\u00fa zlo\u017eit\u00e9 vysokokvalitn\u00e9 vektorov\u00e9 umenie. <strong>Ve\u010dn\u00e1 vibr\u00e1cia:<\/strong> Tla\u010d DTG zais\u0165uje, \u017ee farby zostan\u00fa \u017eiv\u00e9 a trv\u00e1cne, \u010d\u00edm odr\u00e1\u017eaj\u00fa nad\u010dasov\u00e9 \u010daro oce\u00e1nu. <strong>Nad\u010dasov\u00e1 pr\u00ed\u0165a\u017elivos\u0165:<\/strong> Na\u0161e unisex tri\u010dk\u00e1 s\u00fa ur\u010den\u00e9 pre v\u0161etky vekov\u00e9 kateg\u00f3rie a pon\u00fakaj\u00fa bezprobl\u00e9mov\u00fa kombin\u00e1ciu pohodlia a \u0161t\u00fdlu, ktor\u00e1 odr\u00e1\u017ea trval\u00e9 k\u00fazlo l\u00e1sky. <strong>V\u00e1\u017een\u00e9 dlhopisy:<\/strong> Od \u013eudsk\u00fdch vz\u0165ahov a\u017e po vz\u00e1cne puto s va\u0161imi milovan\u00fdmi dom\u00e1cimi mil\u00e1\u010dikmi, na\u0161e n\u00e1vrhy steles\u0148uj\u00fa to najd\u00f4le\u017eitej\u0161ie. Doprajte si k\u00fazlo personalizovan\u00e9ho umenia s na\u0161ou ko\u0161e\u013eou Capture Your Love Under the Waves: Personalized Mermaid Shirt for Hem. Pozdvihnite svoj \u0161atn\u00edk o\u010daren\u00edm mora a osl\u00e1vte svoje puto \u0161t\u00fdlom, ktor\u00fd je jedine\u010dn\u00fd pre v\u00e1s. Ponorte sa do na\u0161ej podmanivej kolekcie a nechajte svoje oble\u010denie sta\u0165 sa pl\u00e1tnom pre va\u0161e najhlb\u0161ie em\u00f3cie. Za\u010dnite svoju personalizovan\u00fa cestu e\u0161te dnes.<\/p>","protected":false},"excerpt":{"rendered":"<p>Zachy\u0165te svoju l\u00e1sku pod vlnami vlastnou ko\u0161e\u013eou morskej panny pre neho. Personalizovan\u00e9 tri\u010dk\u00e1 premenia ak\u00fako\u013evek fotografiu na jedine\u010dn\u00fa pamiatku in\u0161pirovan\u00fa oce\u00e1nom.<\/p>","protected":false},"featured_media":142990,"comment_status":"open","ping_status":"closed","template":"","meta":{"_acf_changed":false},"product_brand":[],"product_cat":[6195,1615,186,6343,6412,6428],"product_tag":[6433,1616,352,6216,1617,1618,2457],"class_list":{"0":"post-20762","1":"product","2":"type-product","3":"status-publish","4":"has-post-thumbnail","6":"product_cat-t-shirts-men","7":"product_cat-custom-gifts-mermaid","8":"product_cat-men","9":"product_cat-mens-anniversary-t-shirts","10":"product_cat-photo-to-tees","11":"product_cat-translate-products","12":"product_tag-ai-artwork","13":"product_tag-custom-arts-mermaid","14":"product_tag-honeymoon_shirt","15":"product_tag-mens-custom-t-shirts","16":"product_tag-mermaid_gifts","17":"product_tag-mermaid_shirt","18":"product_tag-ocean_shirt","20":"first","21":"instock","22":"taxable","23":"shipping-taxable","24":"purchasable","25":"product-type-simple"},"acf":[],"wcpa_form_fields":null,"_links":{"self":[{"href":"https:\/\/www.customywear.com\/sk\/wp-json\/wp\/v2\/product\/20762","targetHints":{"allow":["GET"]}}],"collection":[{"href":"https:\/\/www.customywear.com\/sk\/wp-json\/wp\/v2\/product"}],"about":[{"href":"https:\/\/www.customywear.com\/sk\/wp-json\/wp\/v2\/types\/product"}],"replies":[{"embeddable":true,"href":"https:\/\/www.customywear.com\/sk\/wp-json\/wp\/v2\/comments?post=20762"}],"wp:featuredmedia":[{"embeddable":true,"href":"https:\/\/www.customywear.com\/sk\/wp-json\/wp\/v2\/media\/142990"}],"wp:attachment":[{"href":"https:\/\/www.customywear.com\/sk\/wp-json\/wp\/v2\/media?parent=20762"}],"wp:term":[{"taxonomy":"product_brand","embeddable":true,"href":"https:\/\/www.customywear.com\/sk\/wp-json\/wp\/v2\/product_brand?post=20762"},{"taxonomy":"product_cat","embeddable":true,"href":"https:\/\/www.customywear.com\/sk\/wp-json\/wp\/v2\/product_cat?post=20762"},{"taxonomy":"product_tag","embeddable":true,"href":"https:\/\/www.customywear.com\/sk\/wp-json\/wp\/v2\/product_tag?post=20762"}],"curies":[{"name":"wp","href":"https:\/\/api.w.org\/{rel}","templated":true}]}}