{"id":20773,"date":"2023-07-28T13:40:53","date_gmt":"2023-07-28T13:40:53","guid":{"rendered":"https:\/\/www.customywear.com\/?post_type=product&#038;p=20773"},"modified":"2026-05-05T20:24:10","modified_gmt":"2026-05-05T20:24:10","slug":"mexicka-kosela-na-mieru","status":"publish","type":"product","link":"https:\/\/www.customywear.com\/sk\/custom-mexican-dress-shirt\/","title":{"rendered":"Mexico Shirt For men &#8211; Travel to Mexico Personalized Gift Tee"},"content":{"rendered":"<p>Preme\u0148te svoj vzh\u013ead s na\u0161ou jedine\u010dnou mexickou ko\u0161e\u013eou na mieru! Preme\u0148te svoju fotografiu na \u0161t\u00fdlov\u00e9 personalizovan\u00e9 tri\u010dko, ktor\u00e9 v\u00e1s uk\u00e1\u017ee oble\u010den\u00fdch v tradi\u010dnom mexickom oble\u010den\u00ed. Na\u0161i odborn\u00ed umelci zru\u010dne vytvoria vektorov\u00e9 portr\u00e9ty, ktor\u00e9 v\u00e1s zobrazia s mexickou kult\u00farou. Toto tri\u010dko na mieru je ide\u00e1lnym dar\u010dekom pre nad\u0161encov Mexika a jedine\u010dnej m\u00f3dy. Prijmite mexick\u00fa trad\u00edciu: N\u00e1\u0161 proces tvorby na mieru vyu\u017e\u00edva Adobe Illustrator a Adobe Photoshop na transform\u00e1ciu v\u00e1\u0161ho obr\u00e1zka na umeleck\u00e9 dielo. V\u010faka tla\u010di DTG je ka\u017ed\u00fd detail zachyten\u00fd v \u017eiariv\u00fdch farb\u00e1ch na unisex pl\u00e1tne. Vyberte si medzi kr\u00e1tkym a dlh\u00fdm ruk\u00e1vom, vhodn\u00e9 pre dospel\u00fdch, ml\u00e1de\u017e, deti a bato\u013eat\u00e1. Perfektn\u00e9 dar\u010deky na \u0161peci\u00e1lne pr\u00edle\u017eitosti: \u010ci u\u017e ide o narodeniny spev\u00e1ka, v\u00fdro\u010die alebo jednoducho dar\u010dek pre niekoho, kto zbo\u017e\u0148uje Mexiko, na\u0161a mexick\u00e1 ko\u0161e\u013ea na mieru je premyslen\u00fdm a personalizovan\u00fdm dar\u010dekom. Presk\u00famajte nekone\u010dn\u00e9 mo\u017enosti: Objavte na\u0161u \u0161k\u00e1lu podmaniv\u00fdch dizajnov a t\u00e9m. Od osl\u00e1v mexick\u00e9ho hrdosti a\u017e po kult\u00farne pocty, na\u0161e tri\u010dk\u00e1 na mieru dodaj\u00fa v\u00e1\u0161mu \u0161atn\u00edku n\u00e1dych osobnosti. V\u00e1\u017ete si spomienky a kult\u00faru: Objavte kr\u00e1su mexick\u00e9ho dedi\u010dstva a oslavujte svoje puto s ka\u017ed\u00fdm krokom. Vyjadrite svoju l\u00e1sku k Mexiku \u0161t\u00fdlovo s na\u0161imi personalizovan\u00fdmi tri\u010dkami s fotografiou! N\u00e1jdite \u010fal\u0161ie jedine\u010dn\u00e9 dizajny a pozdvihnite svoj \u0161atn\u00edk s personalizovan\u00fdmi tri\u010dkami!<\/p>","protected":false},"excerpt":{"rendered":"<p>Honor tradition with a Custom Mexican Dress Shirt. Personalizovan\u00e9 dar\u010dekov\u00e9 tri\u010dk\u00e1 Mexika premenia ak\u00fako\u013evek fotografiu na jedine\u010dn\u00e9 kult\u00farne tri\u010dko.<\/p>","protected":false},"featured_media":143018,"comment_status":"open","ping_status":"closed","template":"","meta":{"_acf_changed":false},"product_brand":[],"product_cat":[6195,6157,6156,2689,6345,6412,6428],"product_tag":[6433,193,2690,102,6216,209],"class_list":{"0":"post-20773","1":"product","2":"type-product","3":"status-publish","4":"has-post-thumbnail","6":"product_cat-t-shirts-men","7":"product_cat-country","8":"product_cat-culture","9":"product_cat-custom-gifts-mexican-culture","10":"product_cat-mens-country-culture-t-shirts","11":"product_cat-photo-to-tees","12":"product_cat-translate-products","13":"product_tag-ai-artwork","14":"product_tag-boyfriend_gift","15":"product_tag-custom-arts-mexican","16":"product_tag-long_distance_gift","17":"product_tag-mens-custom-t-shirts","18":"product_tag-travel_lover_gift","20":"first","21":"instock","22":"taxable","23":"shipping-taxable","24":"purchasable","25":"product-type-simple"},"acf":[],"wcpa_form_fields":null,"_links":{"self":[{"href":"https:\/\/www.customywear.com\/sk\/wp-json\/wp\/v2\/product\/20773","targetHints":{"allow":["GET"]}}],"collection":[{"href":"https:\/\/www.customywear.com\/sk\/wp-json\/wp\/v2\/product"}],"about":[{"href":"https:\/\/www.customywear.com\/sk\/wp-json\/wp\/v2\/types\/product"}],"replies":[{"embeddable":true,"href":"https:\/\/www.customywear.com\/sk\/wp-json\/wp\/v2\/comments?post=20773"}],"wp:featuredmedia":[{"embeddable":true,"href":"https:\/\/www.customywear.com\/sk\/wp-json\/wp\/v2\/media\/143018"}],"wp:attachment":[{"href":"https:\/\/www.customywear.com\/sk\/wp-json\/wp\/v2\/media?parent=20773"}],"wp:term":[{"taxonomy":"product_brand","embeddable":true,"href":"https:\/\/www.customywear.com\/sk\/wp-json\/wp\/v2\/product_brand?post=20773"},{"taxonomy":"product_cat","embeddable":true,"href":"https:\/\/www.customywear.com\/sk\/wp-json\/wp\/v2\/product_cat?post=20773"},{"taxonomy":"product_tag","embeddable":true,"href":"https:\/\/www.customywear.com\/sk\/wp-json\/wp\/v2\/product_tag?post=20773"}],"curies":[{"name":"wp","href":"https:\/\/api.w.org\/{rel}","templated":true}]}}