{"id":20888,"date":"2023-07-28T13:42:41","date_gmt":"2023-07-28T13:42:41","guid":{"rendered":"https:\/\/www.customywear.com\/?post_type=product&#038;p=20888"},"modified":"2026-05-13T19:50:34","modified_gmt":"2026-05-13T19:50:34","slug":"vlastne-bezecke-kosele-pre-pary","status":"publish","type":"product","link":"https:\/\/www.customywear.com\/sk\/custom-running-couples-shirts\/","title":{"rendered":"Vlastn\u00e9 Be\u017eeck\u00e9 P\u00e1ry Ko\u0161ele | Prisp\u00f4soben\u00e9 Cvi\u010denie Dar\u010dek"},"content":{"rendered":"<p>Vykro\u010dte k fitness a jednote s na\u0161imi \u200d\u2642\ufe0f Be\u017eeck\u00fdmi tri\u010dkami pre p\u00e1ry na mieru! Preme\u0148te svoje zachyten\u00e9 okamihy na dynamick\u00e9 umenie, zatia\u013e \u010do vy a v\u00e1\u0161 partner \u0161printujete bok po boku, vd\u00fdchnut\u00ed \u017eivotom prostredn\u00edctvom prec\u00edzne vytvoren\u00fdch vektorov\u00fdch portr\u00e9tov. Na\u0161i zru\u010dn\u00ed umelci vyu\u017e\u00edvaj\u00fa kreat\u00edvne k\u00fazlo programov Adobe Illustrator a Adobe Photoshop, aby stv\u00e1rnili va\u0161e odhodlanie v motivuj\u00facom a in\u0161pirat\u00edvnom dizajne. Toto v\u00fdnimo\u010dn\u00e9 tri\u010dko na mieru nie je len oble\u010denie; je to \u00faprimn\u00e1 oslava zdravia a jednoty. Pode\u013ete sa o k\u00fazlo v\u00e1\u0161ho puta s dizajnom prisp\u00f4soben\u00fdm v\u00e1\u0161mu pr\u00edbehu, ktor\u00fd zobrazuje v\u00e1s a v\u00e1\u0161ho partnera ako dynamick\u00e9 duo na ceste k pohode. Hlavn\u00e9 vlastnosti produktu: \ufe0f Majstrovsk\u00e9 vektorov\u00e9 umenie: Va\u0161e fotografie sa premenia na podmaniv\u00e9 vektorov\u00e9 majstrovsk\u00e9 diela. Unisex pohodlie: U\u017eite si \u0161t\u00fdl a pohodlie vhodn\u00e9 pre v\u0161etky vekov\u00e9 kateg\u00f3rie a pohlavia. Vhodn\u00e9 pre dom\u00e1ce zvierat\u00e1: Dodajte rozko\u0161n\u00fd n\u00e1dych zobrazen\u00edm va\u0161ich chlpat\u00fdch spolo\u010dn\u00edkov. \ufe0f Presn\u00e1 DTG tla\u010d: Vychutnajte si \u017eiv\u00e9, dlhotrvaj\u00face potla\u010de zachyt\u00e1vaj\u00face ka\u017ed\u00fd detail. Atrakt\u00edvne pre v\u0161etky vekov\u00e9 kateg\u00f3rie: Od batoliat a\u017e po dospel\u00fdch, na\u0161e ve\u013ekosti uspokoja ka\u017ed\u00e9ho \u010dlena rodiny. Pr\u00e9miov\u00e9 remeseln\u00e9 spracovanie: Za\u017eite \u0161pi\u010dkov\u00fa kvalitu od n\u00e1vrhu a\u017e po realiz\u00e1ciu. Nekone\u010dn\u00e1 kreativita: Presk\u00famajte \u010fal\u0161ie p\u00fatav\u00e9 dizajny v na\u0161ej rozmanitej kolekcii. Oslavujte fitness m\u00ed\u013eniky, v\u00fdro\u010dia alebo prekvapte svojho partnera dar\u010dekom, ktor\u00fd sp\u00e1ja motiv\u00e1ciu a n\u00e1klonnos\u0165. \u010ci u\u017e pripom\u00ednate \u0161peci\u00e1lnu pr\u00edle\u017eitos\u0165, darujete kolegovi, ktor\u00fd je nad\u0161encom fitness, alebo jednoducho spolo\u010dne vyzn\u00e1vate zdrav\u00fd \u017eivotn\u00fd \u0161t\u00fdl, na\u0161e be\u017eeck\u00e9 tri\u010dk\u00e1 pre p\u00e1ry na mieru s\u00fa tou najlep\u0161ou vo\u013ebou. Zdie\u013eajte \u00fasmevy, zahajujte konverz\u00e1cie a s hrdos\u0165ou noste svoje jedine\u010dn\u00e9 puto, ke\u010f kr\u00e1\u010date k zdraviu a \u0161\u0165astiu. Toto nie je len tri\u010dko; je to symbol va\u0161ej spolo\u010dnej fitness cesty, pripraven\u00fd na nosenie a v\u00e1\u017eenie si ho v\u0161etci!<\/p>","protected":false},"excerpt":{"rendered":"<p>Behajte spolu v ko\u0161eliach Running Couples na mieru. Personalizovan\u00e9 dar\u010deky na cvi\u010denie premenia va\u0161e fotografie na zodpovedaj\u00face, jedine\u010dn\u00e9 tri\u010dk\u00e1.<\/p>","protected":false},"featured_media":143963,"comment_status":"open","ping_status":"closed","template":"","meta":{"_acf_changed":false},"product_brand":[],"product_cat":[6197,6365,6369,3004,6412,6428],"product_tag":[6440,3005,1025,546,2213,1827],"class_list":{"0":"post-20888","1":"product","2":"type-product","3":"status-publish","4":"has-post-thumbnail","6":"product_cat-t-shirts-couple","7":"product_cat-couples-sports-t-shirts","8":"product_cat-couples-summer-t-shirts","9":"product_cat-custom-gifts-running-and-jogging","10":"product_cat-photo-to-tees","11":"product_cat-translate-products","12":"product_tag-ai-artwork-couple","13":"product_tag-custom-arts-running-jogging","14":"product_tag-funny_couples_shirts","15":"product_tag-gym","16":"product_tag-gym_gifts","17":"product_tag-workout_shirt","19":"first","20":"instock","21":"taxable","22":"shipping-taxable","23":"purchasable","24":"product-type-simple"},"acf":[],"wcpa_form_fields":null,"_links":{"self":[{"href":"https:\/\/www.customywear.com\/sk\/wp-json\/wp\/v2\/product\/20888","targetHints":{"allow":["GET"]}}],"collection":[{"href":"https:\/\/www.customywear.com\/sk\/wp-json\/wp\/v2\/product"}],"about":[{"href":"https:\/\/www.customywear.com\/sk\/wp-json\/wp\/v2\/types\/product"}],"replies":[{"embeddable":true,"href":"https:\/\/www.customywear.com\/sk\/wp-json\/wp\/v2\/comments?post=20888"}],"wp:featuredmedia":[{"embeddable":true,"href":"https:\/\/www.customywear.com\/sk\/wp-json\/wp\/v2\/media\/143963"}],"wp:attachment":[{"href":"https:\/\/www.customywear.com\/sk\/wp-json\/wp\/v2\/media?parent=20888"}],"wp:term":[{"taxonomy":"product_brand","embeddable":true,"href":"https:\/\/www.customywear.com\/sk\/wp-json\/wp\/v2\/product_brand?post=20888"},{"taxonomy":"product_cat","embeddable":true,"href":"https:\/\/www.customywear.com\/sk\/wp-json\/wp\/v2\/product_cat?post=20888"},{"taxonomy":"product_tag","embeddable":true,"href":"https:\/\/www.customywear.com\/sk\/wp-json\/wp\/v2\/product_tag?post=20888"}],"curies":[{"name":"wp","href":"https:\/\/api.w.org\/{rel}","templated":true}]}}