{"id":21035,"date":"2023-07-28T13:44:46","date_gmt":"2023-07-28T13:44:46","guid":{"rendered":"https:\/\/www.customywear.com\/?post_type=product&#038;p=21035"},"modified":"2026-05-05T20:23:32","modified_gmt":"2026-05-05T20:23:32","slug":"personalizovane-damske-tricko-na-jogu","status":"publish","type":"product","link":"https:\/\/www.customywear.com\/sk\/personalized-yoga-shirt-women\/","title":{"rendered":"Personalizovan\u00e9 tri\u010dko na jogu pre \u017eeny | Tri\u010dko s ilustr\u00e1ciou jogy na mieru"},"content":{"rendered":"<p>Vst\u00fapte do sveta pokoja a sebavyjadrenia s na\u0161\u00edm personalizovan\u00fdm tri\u010dkom na jogu pre \u017eeny. Na\u0161i talentovan\u00ed umelci s vyu\u017eit\u00edm va\u0161ej fotografie ako referencie vytvoria \u00fa\u017easn\u00fa ilustr\u00e1ciu v\u00e1s, ako cvi\u010d\u00edte jogu, obklopen\u00fa pokojnou kr\u00e1sou mot\u00fdl\u00edch kr\u00eddel a majest\u00e1tnych h\u00f4r. Toto tri\u010dko na jogu na mieru nielen\u017ee prezentuje va\u0161u v\u00e1\u0161e\u0148 pre jogu, ale oslavuje aj va\u0161e spojenie s pr\u00edrodou, v\u010faka \u010domu je skuto\u010dne jedine\u010dn\u00fdm k\u00faskom, ktor\u00fd odr\u00e1\u017ea v\u00e1\u0161 vn\u00fatorn\u00fd pokoj a v\u0161\u00edmavos\u0165.<\/p>\n<p>Na\u0161e tri\u010dko na jogu na mieru, vyroben\u00e9 s maxim\u00e1lnou starostlivos\u0165ou a d\u00f4razom na detail, je perfektn\u00fdm dar\u010dekom pre milovn\u00edkov jogy a fitness nad\u0161encov. Vychutnajte si silu osobn\u00e9ho sebavyjadrenia s mo\u017enos\u0165ou prida\u0165 \u013eubovo\u013en\u00fa \u013eudsk\u00fa alebo zvieraciu tv\u00e1r, v\u010faka \u010domu sa toto tri\u010dko stane hrejiv\u00fdm suven\u00edrom, ktor\u00fd zachyt\u00e1va va\u0161u podstatu a l\u00e1sku k joge. \u010ci u\u017e ste v\u00e1\u0161niv\u00fdm cvi\u010dite\u013eom alebo za\u010diato\u010dn\u00edkom na svojej ceste jogy, toto vysoko kvalitn\u00e9 unisex tri\u010dko zaru\u010d\u00ed pohodlie a \u0161t\u00fdl pre v\u0161etky vekov\u00e9 kateg\u00f3rie vr\u00e1tane dospel\u00fdch, ml\u00e1de\u017ee, det\u00ed a batoliat. Nechajte n\u00e1\u0161 t\u00edm sk\u00fasen\u00fdch umelcov premeni\u0165 va\u0161e jogov\u00e9 sny na \u017eivot, od oby\u010dajnej fotografie a\u017e po \u00fa\u017easn\u00fa ilustr\u00e1ciu, a posu\u0148te svoju prax jogy do nov\u00fdch v\u00fd\u0161in s na\u0161\u00edm personalizovan\u00fdm tri\u010dkom na jogu pre \u017eeny. Namaste.<\/p>","protected":false},"excerpt":{"rendered":"<p>Natiahnite \u0161t\u00fdlovo s personalizovanou ko\u0161e\u013eou na jogu pre \u017eeny. Vlastn\u00e9 tri\u010dk\u00e1 na ilustr\u00e1ciu jogy premie\u0148aj\u00fa fotografie na pokojn\u00e9, jedine\u010dn\u00e9 tri\u010dk\u00e1.<\/p>","protected":false},"featured_media":143226,"comment_status":"open","ping_status":"closed","template":"","meta":{"_acf_changed":false},"product_brand":[],"product_cat":[6191,6412,6428,6362,6248],"product_tag":[6214,6433,229,576,6215],"class_list":{"0":"post-21035","1":"product","2":"type-product","3":"status-publish","4":"has-post-thumbnail","6":"product_cat-t-shirts-women","7":"product_cat-photo-to-tees","8":"product_cat-translate-products","9":"product_cat-womens-yoga-t-shirts","10":"product_cat-yoga-gifts","11":"product_tag-affordable-custom-t-shirts","12":"product_tag-ai-artwork","13":"product_tag-custom-tee-shirts","14":"product_tag-cute-yoga-shirts","15":"product_tag-screen-printing-near-me","17":"first","18":"instock","19":"taxable","20":"shipping-taxable","21":"purchasable","22":"product-type-simple"},"acf":[],"wcpa_form_fields":null,"_links":{"self":[{"href":"https:\/\/www.customywear.com\/sk\/wp-json\/wp\/v2\/product\/21035","targetHints":{"allow":["GET"]}}],"collection":[{"href":"https:\/\/www.customywear.com\/sk\/wp-json\/wp\/v2\/product"}],"about":[{"href":"https:\/\/www.customywear.com\/sk\/wp-json\/wp\/v2\/types\/product"}],"replies":[{"embeddable":true,"href":"https:\/\/www.customywear.com\/sk\/wp-json\/wp\/v2\/comments?post=21035"}],"wp:featuredmedia":[{"embeddable":true,"href":"https:\/\/www.customywear.com\/sk\/wp-json\/wp\/v2\/media\/143226"}],"wp:attachment":[{"href":"https:\/\/www.customywear.com\/sk\/wp-json\/wp\/v2\/media?parent=21035"}],"wp:term":[{"taxonomy":"product_brand","embeddable":true,"href":"https:\/\/www.customywear.com\/sk\/wp-json\/wp\/v2\/product_brand?post=21035"},{"taxonomy":"product_cat","embeddable":true,"href":"https:\/\/www.customywear.com\/sk\/wp-json\/wp\/v2\/product_cat?post=21035"},{"taxonomy":"product_tag","embeddable":true,"href":"https:\/\/www.customywear.com\/sk\/wp-json\/wp\/v2\/product_tag?post=21035"}],"curies":[{"name":"wp","href":"https:\/\/api.w.org\/{rel}","templated":true}]}}