{"id":21083,"date":"2023-07-28T13:45:25","date_gmt":"2023-07-28T13:45:25","guid":{"rendered":"https:\/\/www.customywear.com\/?post_type=product&#038;p=21083"},"modified":"2026-05-07T15:29:55","modified_gmt":"2026-05-07T15:29:55","slug":"personalizovane-tricko-japonsko-mladez-transformovat-fotku","status":"publish","type":"product","link":"https:\/\/www.customywear.com\/sk\/custom-japanese-tee-transform-photo-youth-japan-shirt\/","title":{"rendered":"Custom Japanese Tee for girls &#8211; your photo to Japan Shirt"},"content":{"rendered":"<p>H\u013ead\u00e1te jedine\u010dn\u00fd a personalizovan\u00fd dar\u010dek, ktor\u00fd zanech\u00e1 trval\u00fd dojem? U\u017e neh\u013eadajte! Predstavujeme v\u00e1m na\u0161e detsk\u00e9 tri\u010dko s kr\u00e1tkym a dlh\u00fdm ruk\u00e1vom na mieru, kde premen\u00edme va\u0161u ob\u013e\u00faben\u00fa fotografiu na \u00fa\u017easn\u00fd vektorov\u00fd portr\u00e9t, ktor\u00fd vyzer\u00e1, akoby va\u0161e die\u0165a malo na sebe tradi\u010dn\u00e9 japonsk\u00e9 \u0161aty. V\u010faka tomu je to perfektn\u00fd dar\u010dek pre milovn\u00edkov japonskej alebo \u00e1zijskej kult\u00fary v\u0161etk\u00fdch vekov\u00fdch kateg\u00f3ri\u00ed. Sme hrd\u00ed na na\u0161e remeseln\u00e9 spracovanie a pou\u017e\u00edvame \u0161pi\u010dkov\u00fd softv\u00e9r vr\u00e1tane Adobe Illustratoru a Adobe Photoshopu, aby sme starostlivo nakreslili va\u0161e fotografie a vytvorili tento jedine\u010dn\u00fd dizajn. To zaru\u010duje vysoko kvalitn\u00e9 vektorov\u00e9 umenie, ktor\u00e9 s presnos\u0165ou zachyt\u00e1va ka\u017ed\u00fd detail. A nebojte sa, n\u00e1\u0161 proces tla\u010de vyu\u017e\u00edva technol\u00f3giu tla\u010de DTG na dosiahnutie \u017eiariv\u00fdch a dlhotrvaj\u00facich farieb. Tieto tri\u010dk\u00e1 nie s\u00fa dostupn\u00e9 len pre ml\u00e1de\u017e, ale s\u00fa dostupn\u00e9 aj vo ve\u013ekostiach pre dospel\u00fdch, deti a dokonca aj bato\u013eat\u00e1! \u010ci u\u017e teda chcete prekvapi\u0165 svoje die\u0165a na narodeniny alebo si pripomen\u00fa\u0165 \u0161peci\u00e1lnu pr\u00edle\u017eitos\u0165, na\u0161e tri\u010dko na mieru bude nezabudnute\u013en\u00fdm a zmyslupln\u00fdm dar\u010dekom. A \u010do je najlep\u0161ie? Tieto tri\u010dk\u00e1 si m\u00f4\u017eete prisp\u00f4sobi\u0165 pomocou tv\u00e1re svojich bl\u00edzkych, vr\u00e1tane \u013eud\u00ed aj dom\u00e1cich mil\u00e1\u010dikov. Objedn\u00e1vanie je jednoduch\u00e9 a bezprobl\u00e9mov\u00e9. Sta\u010d\u00ed n\u00e1m poskytn\u00fa\u0165 va\u0161u ob\u013e\u00faben\u00fa fotografiu a na\u0161i talentovan\u00ed umelci ju premenia na umeleck\u00e9 dielo. Ak m\u00e1te ak\u00e9ko\u013evek ot\u00e1zky alebo potrebujete \u010fal\u0161iu pomoc, n\u00e1\u0161 priate\u013esk\u00fd t\u00edm z\u00e1kazn\u00edckej podpory je v\u00e1m k dispoz\u00edcii. Tak na\u010do \u010daka\u0165? Vytvorte si e\u0161te dnes vlastn\u00e9 japonsk\u00e9 tri\u010dko a vd\u00fdchnite svojim fotografi\u00e1m \u017eivot skuto\u010dne jedine\u010dn\u00fdm sp\u00f4sobom.<\/p>","protected":false},"excerpt":{"rendered":"<p>Cti kult\u00faru vlastn\u00fdm japonsk\u00fdm tri\u010dkom. Preme\u0148te svoju fotografiu na personalizovan\u00fa japonsk\u00fa ko\u0161e\u013eu pre jedine\u010dn\u00e9, jedine\u010dn\u00e9 tri\u010dko.<\/p>","protected":false},"featured_media":142913,"comment_status":"open","ping_status":"closed","template":"","meta":{"_acf_changed":false},"product_brand":[],"product_cat":[6193,6157,6156,2341,6412,6428],"product_tag":[6433,6439,64,2342,67,557],"class_list":{"0":"post-21083","1":"product","2":"type-product","3":"status-publish","4":"has-post-thumbnail","6":"product_cat-girls-t-shirts","7":"product_cat-country","8":"product_cat-culture","9":"product_cat-custom-gifts-japanese-tradition","10":"product_cat-photo-to-tees","11":"product_cat-translate-products","12":"product_tag-ai-artwork","13":"product_tag-ai-kids-artwork","14":"product_tag-country_shirts","15":"product_tag-custom-arts-japanese","16":"product_tag-kids_birthday_shirt","17":"product_tag-manga_shirt","19":"first","20":"instock","21":"taxable","22":"shipping-taxable","23":"purchasable","24":"product-type-simple"},"acf":[],"wcpa_form_fields":null,"_links":{"self":[{"href":"https:\/\/www.customywear.com\/sk\/wp-json\/wp\/v2\/product\/21083","targetHints":{"allow":["GET"]}}],"collection":[{"href":"https:\/\/www.customywear.com\/sk\/wp-json\/wp\/v2\/product"}],"about":[{"href":"https:\/\/www.customywear.com\/sk\/wp-json\/wp\/v2\/types\/product"}],"replies":[{"embeddable":true,"href":"https:\/\/www.customywear.com\/sk\/wp-json\/wp\/v2\/comments?post=21083"}],"wp:featuredmedia":[{"embeddable":true,"href":"https:\/\/www.customywear.com\/sk\/wp-json\/wp\/v2\/media\/142913"}],"wp:attachment":[{"href":"https:\/\/www.customywear.com\/sk\/wp-json\/wp\/v2\/media?parent=21083"}],"wp:term":[{"taxonomy":"product_brand","embeddable":true,"href":"https:\/\/www.customywear.com\/sk\/wp-json\/wp\/v2\/product_brand?post=21083"},{"taxonomy":"product_cat","embeddable":true,"href":"https:\/\/www.customywear.com\/sk\/wp-json\/wp\/v2\/product_cat?post=21083"},{"taxonomy":"product_tag","embeddable":true,"href":"https:\/\/www.customywear.com\/sk\/wp-json\/wp\/v2\/product_tag?post=21083"}],"curies":[{"name":"wp","href":"https:\/\/api.w.org\/{rel}","templated":true}]}}