{"id":21124,"date":"2023-07-28T13:45:54","date_gmt":"2023-07-28T13:45:54","guid":{"rendered":"https:\/\/www.customywear.com\/?post_type=product&#038;p=21124"},"modified":"2026-05-07T15:29:52","modified_gmt":"2026-05-07T15:29:52","slug":"chlapcenske-tricko-bubenika","status":"publish","type":"product","link":"https:\/\/www.customywear.com\/sk\/drummer-boy-t-shirt\/","title":{"rendered":"Tri\u010dko Drummer Boy na mieru | Preme\u0148te svoju fotografiu na personalizovan\u00e9 hudobn\u00e9 tri\u010dko"},"content":{"rendered":"<p>Pripravte sa na rozbehnutie p\u00f3dia s na\u0161\u00edm kreat\u00edvnym detsk\u00fdm tri\u010dkom s kr\u00e1tkym a dlh\u00fdm ruk\u00e1vom! Na\u0161i talentovan\u00ed umelci premenia fotografiu v\u00e1\u0161ho die\u0165a\u0165a na \u017eiv\u00fd vektorov\u00fd dizajn, v\u010faka ktor\u00e9mu bude vyzera\u0165, akoby hralo na bicie s v\u00e1\u0161\u0148ou a energiou. Toto personalizovan\u00e9 hudobn\u00e9 tri\u010dko je perfektn\u00fdm in\u0161pirat\u00edvnym dar\u010dekom pre mal\u00e9 deti, ktor\u00e9 s\u00fa hudobn\u00fdmi nad\u0161encami a miluj\u00fa rytmus! Pomocou programov Adobe Illustrator a Adobe Photoshop starostlivo vytvor\u00edme vysoko kvalitn\u00fd dizajn, ktor\u00fd zachyt\u00e1va l\u00e1sku v\u00e1\u0161ho die\u0165a\u0165a k hudbe. Na\u0161a technol\u00f3gia tla\u010de DTG zais\u0165uje, \u017ee dizajn je vytla\u010den\u00fd s prec\u00edznos\u0165ou a zostane dlho \u017eiv\u00fd. Tieto tri\u010dk\u00e1 s\u00fa dostupn\u00e9 v unisex \u0161t\u00fdle, v\u010faka \u010domu s\u00fa vhodn\u00e9 pre dospel\u00fdch, ml\u00e1de\u017e, deti a dokonca aj bato\u013eat\u00e1, ktor\u00e9 sa chc\u00fa prida\u0165 ku kapele! Posu\u0148te toto personalizovan\u00e9 tri\u010dko na vy\u0161\u0161iu \u00farove\u0148 pridan\u00edm tv\u00e1re dom\u00e1ceho mazn\u00e1\u010dika v\u00e1\u0161ho die\u0165a\u0165a alebo tv\u00e1re in\u00e9ho \u010dlena rodiny do dizajnu. To dod\u00e1 n\u00e1dych personaliz\u00e1cie, v\u010faka ktorej sa stane nezabudnute\u013en\u00fdm dar\u010dekom. Objedn\u00e1vanie je jednoduch\u00e9 \u2013 jednoducho nahrajte svoju fotografiu a nechajte n\u00e1s postara\u0165 sa o zvy\u0161ok. Ak m\u00e1te ak\u00e9ko\u013evek ot\u00e1zky alebo potrebujete pomoc, n\u00e1\u0161 \u0161pecializovan\u00fd t\u00edm z\u00e1kazn\u00edckej podpory je tu, aby v\u00e1m pomohol. Pripravte sa ponori\u0165 do sveta hudby s t\u00fdmto tri\u010dkom s buben\u00edkom na mieru! Objednajte si teraz a nechajte v\u00e1\u0161e\u0148 a talent v\u00e1\u0161ho die\u0165a\u0165a za\u017eiari\u0165 prostredn\u00edctvom jeho nov\u00e9ho ob\u013e\u00faben\u00e9ho tri\u010dka.<\/p>","protected":false},"excerpt":{"rendered":"<p>Rock Out s tri\u010dkom Drummer Boy. Preme\u0148te svoju fotografiu na prisp\u00f4soben\u00e9 hudobn\u00e9 tri\u010dko pre z\u00e1bavn\u00e9, jedine\u010dn\u00e9 tri\u010dko.<\/p>","protected":false},"featured_media":142698,"comment_status":"open","ping_status":"closed","template":"","meta":{"_acf_changed":false},"product_brand":[],"product_cat":[6189,1577,1582,6412,6428],"product_tag":[6433,6439,1578,65,73],"class_list":{"0":"post-21124","1":"product","2":"type-product","3":"status-publish","4":"has-post-thumbnail","6":"product_cat-boys-t-shirts","7":"product_cat-custom-gifts-drummers","8":"product_cat-music","9":"product_cat-photo-to-tees","10":"product_cat-translate-products","11":"product_tag-ai-artwork","12":"product_tag-ai-kids-artwork","13":"product_tag-gift_for_drummer","14":"product_tag-kid","15":"product_tag-youth-boy","17":"first","18":"instock","19":"taxable","20":"shipping-taxable","21":"purchasable","22":"product-type-simple"},"acf":[],"wcpa_form_fields":null,"_links":{"self":[{"href":"https:\/\/www.customywear.com\/sk\/wp-json\/wp\/v2\/product\/21124","targetHints":{"allow":["GET"]}}],"collection":[{"href":"https:\/\/www.customywear.com\/sk\/wp-json\/wp\/v2\/product"}],"about":[{"href":"https:\/\/www.customywear.com\/sk\/wp-json\/wp\/v2\/types\/product"}],"replies":[{"embeddable":true,"href":"https:\/\/www.customywear.com\/sk\/wp-json\/wp\/v2\/comments?post=21124"}],"wp:featuredmedia":[{"embeddable":true,"href":"https:\/\/www.customywear.com\/sk\/wp-json\/wp\/v2\/media\/142698"}],"wp:attachment":[{"href":"https:\/\/www.customywear.com\/sk\/wp-json\/wp\/v2\/media?parent=21124"}],"wp:term":[{"taxonomy":"product_brand","embeddable":true,"href":"https:\/\/www.customywear.com\/sk\/wp-json\/wp\/v2\/product_brand?post=21124"},{"taxonomy":"product_cat","embeddable":true,"href":"https:\/\/www.customywear.com\/sk\/wp-json\/wp\/v2\/product_cat?post=21124"},{"taxonomy":"product_tag","embeddable":true,"href":"https:\/\/www.customywear.com\/sk\/wp-json\/wp\/v2\/product_tag?post=21124"}],"curies":[{"name":"wp","href":"https:\/\/api.w.org\/{rel}","templated":true}]}}