{"id":21125,"date":"2023-07-28T13:45:54","date_gmt":"2023-07-28T13:45:54","guid":{"rendered":"https:\/\/www.customywear.com\/?post_type=product&#038;p=21125"},"modified":"2026-05-07T15:29:52","modified_gmt":"2026-05-07T15:29:52","slug":"personalizovane-dievcenske-tricko-pre-bubenika","status":"publish","type":"product","link":"https:\/\/www.customywear.com\/sk\/personalized-drummer-girl-shirt\/","title":{"rendered":"Personalizovan\u00e9 tri\u010dko pre buben\u00ed\u010dku \u2013 detsk\u00e9 rock n rollov\u00e9 tri\u010dko na mieru"},"content":{"rendered":"<p>Zap\u00e1\u013ete vo svojom die\u0165ati v\u00e1\u0161e\u0148 pre hudbu s na\u0161\u00edm p\u00fatav\u00fdm <em>Personalizovan\u00e9 tri\u010dko pre buben\u00ed\u010dku<\/em>Ponorte ju do rytmu rock n&#039; rollu a my jej fotografiu premen\u00edme na dynamick\u00fa vektorov\u00fa grafiku pomocou programu Adobe Illustrator, ktor\u00e1 zachyt\u00e1va podstatu mladej buben\u00ed\u010dky ponorenej do hudby. Toto tri\u010dko na mieru je harmonick\u00fdm a in\u0161pirat\u00edvnym dar\u010dekom pre za\u010d\u00ednaj\u00facich hudobn\u00edkov, ktor\u00ed pochoduj\u00fa do rytmu vlastn\u00e9ho bubna. N\u00e1\u0161 prec\u00edzny proces n\u00e1vrhu zaru\u010duje pozornos\u0165 venovan\u00fa detailom a kreat\u00edvnemu vyjadreniu s vyu\u017eit\u00edm sily Adobe Photoshopu a technol\u00f3gie tla\u010de DTG. V\u00fdsledkom je \u017eiariv\u00e9 a kvalitn\u00e9 unisex tri\u010dko, prisp\u00f4soben\u00e9 pre ml\u00e1de\u017e, deti a bato\u013eat\u00e1, ktor\u00e9 zabezpe\u010d\u00ed, \u017ee va\u0161e die\u0165a \u0161t\u00fdlovo vynikne. Nechajte jej kreativitu dosta\u0165 sa do centra pozornosti, ke\u010f predvedie svoju v\u00e1\u0161e\u0148 pre hudbu vo svojom jedine\u010dnom a personalizovanom oble\u010den\u00ed s t\u00e9mou buben\u00edka. Urobte jej dar\u010dek skuto\u010dne nezabudnute\u013en\u00fdm personaliz\u00e1ciou dizajnu tv\u00e1rami pod\u013ea jej v\u00fdberu, \u010di u\u017e je to jej vlastn\u00e1 tv\u00e1r alebo dokonca tv\u00e1r jej milovan\u00e9ho dom\u00e1ceho mazn\u00e1\u010dika. Objavte svet hudby a rytmu s k\u00faskom na mieru, ktor\u00fd oslavuje jej individualitu. \u010ci u\u017e cvi\u010d\u00ed svoje rytmy alebo sa jednoducho pon\u00e1ra do svojich ob\u013e\u00faben\u00fdch mel\u00f3di\u00ed, toto tri\u010dko je neust\u00e1lou pripomienkou sily sebavyjadrenia a kreativity. Presk\u00famajte \u010fal\u0161ie dizajny a s ka\u017ed\u00fdm oble\u010den\u00edm umocnite jej l\u00e1sku k hudbe.<\/p>","protected":false},"excerpt":{"rendered":"<p>O\u017eivte hudbu s personalizovanou ko\u0161e\u013eou buben\u00edka. Vlastn\u00e9 rock n rollov\u00e9 detsk\u00e9 tri\u010dk\u00e1 premenia ak\u00fako\u013evek fotografiu na hrav\u00e9, jedine\u010dn\u00e9 tri\u010dko.<\/p>","protected":false},"featured_media":142705,"comment_status":"open","ping_status":"closed","template":"","meta":{"_acf_changed":false},"product_brand":[],"product_cat":[6193,1577,6412,6428],"product_tag":[6433,6439,1578,65,1583,156],"class_list":{"0":"post-21125","1":"product","2":"type-product","3":"status-publish","4":"has-post-thumbnail","6":"product_cat-girls-t-shirts","7":"product_cat-custom-gifts-drummers","8":"product_cat-photo-to-tees","9":"product_cat-translate-products","10":"product_tag-ai-artwork","11":"product_tag-ai-kids-artwork","12":"product_tag-gift_for_drummer","13":"product_tag-kid","14":"product_tag-music","15":"product_tag-youth-girl","17":"first","18":"instock","19":"taxable","20":"shipping-taxable","21":"purchasable","22":"product-type-simple"},"acf":[],"wcpa_form_fields":null,"_links":{"self":[{"href":"https:\/\/www.customywear.com\/sk\/wp-json\/wp\/v2\/product\/21125","targetHints":{"allow":["GET"]}}],"collection":[{"href":"https:\/\/www.customywear.com\/sk\/wp-json\/wp\/v2\/product"}],"about":[{"href":"https:\/\/www.customywear.com\/sk\/wp-json\/wp\/v2\/types\/product"}],"replies":[{"embeddable":true,"href":"https:\/\/www.customywear.com\/sk\/wp-json\/wp\/v2\/comments?post=21125"}],"wp:featuredmedia":[{"embeddable":true,"href":"https:\/\/www.customywear.com\/sk\/wp-json\/wp\/v2\/media\/142705"}],"wp:attachment":[{"href":"https:\/\/www.customywear.com\/sk\/wp-json\/wp\/v2\/media?parent=21125"}],"wp:term":[{"taxonomy":"product_brand","embeddable":true,"href":"https:\/\/www.customywear.com\/sk\/wp-json\/wp\/v2\/product_brand?post=21125"},{"taxonomy":"product_cat","embeddable":true,"href":"https:\/\/www.customywear.com\/sk\/wp-json\/wp\/v2\/product_cat?post=21125"},{"taxonomy":"product_tag","embeddable":true,"href":"https:\/\/www.customywear.com\/sk\/wp-json\/wp\/v2\/product_tag?post=21125"}],"curies":[{"name":"wp","href":"https:\/\/api.w.org\/{rel}","templated":true}]}}