{"id":21164,"date":"2023-07-28T13:46:12","date_gmt":"2023-07-28T13:46:12","guid":{"rendered":"https:\/\/www.customywear.com\/?post_type=product&#038;p=21164"},"modified":"2026-05-05T20:23:32","modified_gmt":"2026-05-05T20:23:32","slug":"tricko-s-logom-superhrdinky-pre-zeny","status":"publish","type":"product","link":"https:\/\/www.customywear.com\/sk\/custom-female-superhero-t-shirt\/","title":{"rendered":"Tri\u010dko s n\u00e1pisom superhrdinka na mieru \u2013 personalizovan\u00fd dar\u010dek pre hrdinky"},"content":{"rendered":"<p>Prebu\u010fte svojho vn\u00fatorn\u00e9ho hrdinu s na\u0161\u00edm <em>Tri\u010dko so superhrdinkou na mieru pre \u017eeny<\/em>Preme\u0148te svoju fotografiu na \u00fachvatn\u00fa superhrdinsk\u00fa postavu, ktor\u00e1 zachyt\u00e1va podstatu sily, odvahy a posilnenia. Toto personalizovan\u00e9 tri\u010dko je dokonal\u00fdm dar\u010dekom pre t\u00fdch, ktor\u00ed zbo\u017e\u0148uj\u00fa superhrdinov a chc\u00fa si osvoji\u0165 ich hrdinsk\u00e9ho ducha. N\u00e1\u0161 dizajnov\u00fd proces vyu\u017e\u00edva silu programov Adobe Illustrator a Adobe Photoshop na vytvorenie p\u00fatav\u00e9ho vektorov\u00e9ho umeleck\u00e9ho majstrovsk\u00e9ho diela. V\u010faka najmodernej\u0161ej DTG tla\u010di zabezpe\u010dujeme, aby sa v\u00e1\u0161 superhrdinsk\u00fd dizajn mohol pochv\u00e1li\u0165 \u00fa\u017easn\u00fdmi farbami a v\u00fdnimo\u010dnou kvalitou. Toto tri\u010dko, ktor\u00e9 je k dispoz\u00edcii vo v\u0161estrannom unisex \u0161t\u00fdle, je vhodn\u00e9 pre v\u0161etky vekov\u00e9 kateg\u00f3rie, od det\u00ed a\u017e po dospel\u00fdch, v\u010faka \u010domu je pozoruhodn\u00fdm doplnkom ka\u017ed\u00e9ho \u0161atn\u00edka. Pozdvihnite svoj \u0161t\u00fdl a osl\u00e1vte svoju vlastn\u00fa superhrdinsk\u00fa cestu. Prisp\u00f4sobte si dizajn e\u0161te viac pridan\u00edm svojej tv\u00e1re alebo tv\u00e1re svojho dom\u00e1ceho mazn\u00e1\u010dika, \u010d\u00edm tri\u010dku vd\u00fdchnete svoju jedine\u010dn\u00fa identitu. \u010ci u\u017e ste supermama, neboj\u00e1cny priate\u013e alebo str\u00e1\u017eca spravodlivosti, toto tri\u010dko na mieru vzd\u00e1va hold va\u0161im mimoriadnym vlastnostiam. Prijmite svet superhrdinov s vysoko kvalitn\u00fdm, na mieru vyroben\u00fdm k\u00faskom, ktor\u00fd v\u00e1m dod\u00e1 silu zv\u00ed\u0165azi\u0165 nad ka\u017ed\u00fdm d\u0148om. Presk\u00famajte \u010fal\u0161ie dizajny a oble\u010dte si svoju hrdinsk\u00fa hrdos\u0165 e\u0161te dnes.<\/p>","protected":false},"excerpt":{"rendered":"<p>Celebrate courage with a Custom Female Superhero T-Shirt. Personalized Heroic Women&#8217;s Gifts turn any photo into a unique, empowering t-shirt.<\/p>","protected":false},"featured_media":122667,"comment_status":"open","ping_status":"closed","template":"","meta":{"_acf_changed":false},"product_brand":[],"product_cat":[6191,6227,6412,515,6428,6435,6350],"product_tag":[503,521,524,112],"class_list":{"0":"post-21164","1":"product","2":"type-product","3":"status-publish","4":"has-post-thumbnail","6":"product_cat-t-shirts-women","7":"product_cat-custom-gifts-superhero-original-red","8":"product_cat-photo-to-tees","9":"product_cat-superhero","10":"product_cat-translate-products","11":"product_cat-v2-women-tee","12":"product_cat-womens-superhero-t-shirts","13":"product_tag-girlfriend_gift","14":"product_tag-superhero","15":"product_tag-superhero_shirts","16":"product_tag-women","17":"wcpa_has_options","19":"first","20":"instock","21":"taxable","22":"shipping-taxable","23":"purchasable","24":"product-type-simple"},"acf":[],"wcpa_form_fields":{"wcpaData":{"product":{"product_price":24.99,"price_html":"<span class=\"wmc-wc-price\" ><span class=\"woocommerce-Price-amount amount\"><bdi><span class=\"woocommerce-Price-currencySymbol\">&euro;<\/span>24,99<\/bdi><\/span><span data-wmc_price_cache=\"{&quot;USD&quot;:&quot;&lt;span class=\\&quot;woocommerce-Price-amount amount\\&quot;&gt;&lt;bdi&gt;&lt;span class=\\&quot;woocommerce-Price-currencySymbol\\&quot;&gt;&amp;#36;&lt;\\\/span&gt;28,99&lt;\\\/bdi&gt;&lt;\\\/span&gt;&quot;,&quot;EUR&quot;:&quot;&lt;span class=\\&quot;woocommerce-Price-amount amount\\&quot;&gt;&lt;bdi&gt;&lt;span class=\\&quot;woocommerce-Price-currencySymbol\\&quot;&gt;&amp;euro;&lt;\\\/span&gt;24,99&lt;\\\/bdi&gt;&lt;\\\/span&gt;&quot;,&quot;CAD&quot;:&quot;&lt;span class=\\&quot;woocommerce-Price-amount amount\\&quot;&gt;&lt;bdi&gt;&lt;span class=\\&quot;woocommerce-Price-currencySymbol\\&quot;&gt;CAD$ &lt;\\\/span&gt;39,98&lt;\\\/bdi&gt;&lt;\\\/span&gt;&quot;,&quot;GBP&quot;:&quot;&lt;span class=\\&quot;woocommerce-Price-amount amount\\&quot;&gt;&lt;bdi&gt;&lt;span class=\\&quot;woocommerce-Price-currencySymbol\\&quot;&gt;&amp;pound;&lt;\\\/span&gt;21,74&lt;\\\/bdi&gt;&lt;\\\/span&gt;&quot;,&quot;PLN&quot;:&quot;&lt;span class=\\&quot;woocommerce-Price-amount amount\\&quot;&gt;&lt;bdi&gt;&lt;span class=\\&quot;woocommerce-Price-currencySymbol\\&quot;&gt;z\\u0142 &lt;\\\/span&gt;106,21&lt;\\\/bdi&gt;&lt;\\\/span&gt;&quot;,&quot;SEK&quot;:&quot;&lt;span class=\\&quot;woocommerce-Price-amount amount\\&quot;&gt;&lt;bdi&gt;&lt;span class=\\&quot;woocommerce-Price-currencySymbol\\&quot;&gt;kr &lt;\\\/span&gt;274,14&lt;\\\/bdi&gt;&lt;\\\/span&gt;&quot;,&quot;AUD&quot;:&quot;&lt;span class=\\&quot;woocommerce-Price-amount amount\\&quot;&gt;&lt;bdi&gt;&lt;span class=\\&quot;woocommerce-Price-currencySymbol\\&quot;&gt;AUD$ &lt;\\\/span&gt;40,48&lt;\\\/bdi&gt;&lt;\\\/span&gt;&quot;,&quot;JPY&quot;:&quot;&lt;span class=\\&quot;woocommerce-Price-amount amount\\&quot;&gt;&lt;bdi&gt;&lt;span class=\\&quot;woocommerce-Price-currencySymbol\\&quot;&gt;&amp;yen;&lt;\\\/span&gt;4.608,16&lt;\\\/bdi&gt;&lt;\\\/span&gt;&quot;,&quot;CZK&quot;:&quot;&lt;span class=\\&quot;woocommerce-Price-amount amount\\&quot;&gt;&lt;bdi&gt;&lt;span class=\\&quot;woocommerce-Price-currencySymbol\\&quot;&gt;K\\u010d &lt;\\\/span&gt;608,01&lt;\\\/bdi&gt;&lt;\\\/span&gt;&quot;,&quot;NZD&quot;:&quot;&lt;span class=\\&quot;woocommerce-Price-amount amount\\&quot;&gt;&lt;bdi&gt;&lt;span class=\\&quot;woocommerce-Price-currencySymbol\\&quot;&gt;NZD$ &lt;\\\/span&gt;49,73&lt;\\\/bdi&gt;&lt;\\\/span&gt;&quot;,&quot;CHF&quot;:&quot;&lt;span class=\\&quot;woocommerce-Price-amount amount\\&quot;&gt;&lt;bdi&gt;&lt;span class=\\&quot;woocommerce-Price-currencySymbol\\&quot;&gt;CHF &lt;\\\/span&gt;22,74&lt;\\\/bdi&gt;&lt;\\\/span&gt;&quot;}\" style=\"display: none;\" class=\"wmc-price-cache-list\"><\/span><\/span>","original_product_price":24.99,"price_including_tax":24.99,"price_excluding_tax":20.825,"product_id":{"parent":21164,"variation":false},"is_variable":false,"stock_status":"instock","stock_quantity":null,"parent_sku":"custom-tees-493","product_attributes":{"pa_style":{"is_variation":false,"values":["womens-t-shirt"]},"pa_customization":{"is_variation":false,"values":["add-your-photo","add-your-text-or-name","add-your-logo"]},"pa_material":{"is_variation":false,"values":["100-cotton"]},"pa_key-details":{"is_variation":false,"values":["unisex","regular-fit","premium-quality","digital-art"]},"pa_brand":{"is_variation":false,"values":["customywear"]},"pa_age-group":{"is_variation":false,"values":["adult"]},"pa_color":{"is_variation":false,"values":["black","white","navy","red"]},"pa_print-type":{"is_variation":false,"values":["dtg-print-direct-to-garment"]},"pa_gender":{"is_variation":false,"values":["female"]},"pa_size":{"is_variation":false,"values":["xs","s","m","l","xl","2xl","3xl"]}},"custom_fields":[],"is_taxable":true,"product_name":"Custom Female Superhero T-Shirt - Personalized Heroic Women's Gift"},"fields":{"sec_068d3c9600016f":{"extra":{"key":"sec_068d3c9600016f","section_id":"sec_068d3c9600016f","name":"T-shirt size and color","status":1,"cl_rule":"show","enableCl":false,"relations":[],"toggle":true,"title_tag":"h4","show_title":false,"showPrice":"default","form_id":137346,"form_rules":{"exclude_from_discount":false,"fee_label":"Fee","disp_hide_options_price":false,"disp_show_section_price":false,"disp_show_field_price":true,"layout_option":"standard","pric_use_as_fee":false,"process_fee_as":"woo_fee"},"layout_option":"standard"},"fields":[[{"active":true,"col":6,"relations":false,"cl_rule":"show","enableCl":false,"price":"","enablePrice":false,"className":"","label_position":"default","desc_position":"default","type":"color-group","required":false,"elementId":"color_group_7101367211","label":"Color","name":"color_group_7101367211","disp_type":"circle","values":[{"label":"Black","value":"Black","selected":false,"color":"#000000","tempId":"aco_63","gt_translate_keys":["label"]},{"label":"White","value":"White","selected":false,"color":"#ffffff","tempId":"aco_64","gt_translate_keys":["label"]},{"label":"Navy","value":"Navy","selected":false,"color":"#213a92","tempId":"aco_65","gt_translate_keys":["label"]},{"label":"Red","value":"Red","selected":false,"color":"#d0021b","tempId":"aco_136","gt_translate_keys":["label"]}],"layOut":"inline","error":false,"tooltip":"Pick your preferred T-shirt color","selection_type":"tick-border","show_selected_option":true,"adjust_width":true,"cart_display_type":"text","gt_translate_keys":["label","tooltip"],"price_dependency":false,"cl_dependency":false,"value":""}],[{"active":true,"col":6,"relations":false,"cl_rule":"show","enableCl":false,"price":"","enablePrice":false,"className":"","label_position":"default","desc_position":"default","type":"radio-group","required":false,"elementId":"radio-group_1068d3c960001b2","label":"Size ","name":"radio-group_1068d3c960001b2","values":[{"label":"XS","value":"XS","selected":false,"tempId":"aco_92","gt_translate_keys":["label"]},{"label":"S","value":"S","selected":false,"tempId":"aco_93","gt_translate_keys":["label"]},{"label":"M","value":"M","selected":false,"tempId":"aco_94","gt_translate_keys":["label"]},{"label":"L","value":"L","selected":false,"tempId":"aco_167","gt_translate_keys":["label"]},{"label":"XL","value":"XL","selected":false,"tempId":"aco_177","gt_translate_keys":["label"]},{"label":"2XL","value":"2XL","selected":false,"tempId":"aco_187","gt_translate_keys":["label"]},{"label":"3XL","value":"3XL","selected":false,"tempId":"aco_19","gt_translate_keys":["label"]}],"layOut":"inline","error":false,"checkUi":"button","tooltip":"Choose your T-shirt size \u2013 suitable for both men and women.","show_selected_option":true,"gt_translate_keys":["label","tooltip"],"price_dependency":false,"cl_dependency":false,"value":""}],[{"active":true,"col":6,"relations":[],"cl_rule":"hide","enableCl":false,"price":"","enablePrice":false,"className":"","label_position":"default","desc_position":"default","type":"file","required":false,"elementId":"file_668d3c960001c9","name":"file_668d3c960001c9","label":"Upload your photo(s)","upload_type":"ajax","uploadSize":"50","file_types":["images","docs","design"],"exts_supported":["jpg","jpeg","png","gif","webp","pdf","PSD"],"error":false,"hideImageIn_email":true,"multiple_upload":true,"max_file_count":"25","tooltip":"Please provide clear photos of the person looking directly at the camera","cartLabel":"Photo(s)","allowedFileTypes":".jpg,.jpeg,.png,.gif,.webp,.pdf,.PSD,image\/*,.doc,.docx,.xml,.dot,.docm,.dotm,.dotx,.htm,.html,.odt,.rtf,.txt,.wps,.xps,application\/msword,application\/vnd,.psd,.eps,.ai,.indd,.raw","gt_translate_keys":["label","tooltip"],"price_dependency":false,"cl_dependency":false,"value":""}],[{"active":true,"col":6,"relations":false,"cl_rule":"show","enableCl":false,"price":"","enablePrice":false,"className":"","label_position":"default","desc_position":"default","type":"checkbox","required":false,"elementId":"checkbox_268d3c960001de","label":"View more options","name":"checkbox_268d3c960001de","value":"","check_value":"Yes","checkUi":"","error":false,"hideFieldIn_cart":true,"hideFieldIn_order":true,"gt_translate_keys":["label","value","check_value"],"price_dependency":false,"cl_dependency":["text_168d3c960001ef","radio-group_1068d3c96000205","radio-group_568d3c9600021b"]}],[{"active":true,"col":6,"relations":[{"operator":false,"rules":[{"operator":"AND","rules":{"cl_field":"checkbox_268d3c960001de","cl_relation":"is","cl_val":true}}]}],"cl_rule":"show","enableCl":true,"price":"","enablePrice":false,"className":"","label_position":"default","desc_position":"default","type":"text","subtype":"text","required":false,"elementId":"text_168d3c960001ef","label":"Add text to your T-shirt design (optional)","name":"text_168d3c960001ef","value":"","error":false,"tooltip":"Your text will be added to the top or bottom of the T-shirt design.","placeholder":"eg: \"Emily: The best woman ever\"","cartLabel":"Text","gt_translate_keys":["label","placeholder","value","tooltip"],"price_dependency":false,"cl_dependency":false}],[{"active":true,"col":6,"relations":[{"operator":false,"rules":[{"operator":"AND","rules":{"cl_field":"checkbox_268d3c960001de","cl_relation":"is","cl_val":true}}]}],"cl_rule":"show","enableCl":true,"price":"","enablePrice":false,"className":"","label_position":"default","desc_position":"default","type":"radio-group","required":true,"elementId":"radio-group_1068d3c96000205","label":"Select t-shirt print location","name":"radio-group_1068d3c96000205","values":[{"label":"Front Side","value":"Front Side","selected":true,"tempId":"aco_5504","gt_translate_keys":["label"]},{"label":"Back Side","value":"Back Side","selected":false,"tempId":"aco_5505","gt_translate_keys":["label"]}],"layOut":"inline","error":false,"checkUi":"","cartLabel":"Print location","gt_translate_keys":["label"],"price_dependency":false,"cl_dependency":false,"value":""}],[{"active":true,"col":6,"relations":[{"operator":false,"rules":[{"operator":"AND","rules":{"cl_field":"checkbox_268d3c960001de","cl_relation":"is","cl_val":true}}]}],"cl_rule":"show","enableCl":true,"price":"","enablePrice":false,"className":"","label_position":"default","desc_position":"default","type":"radio-group","required":false,"elementId":"radio-group_568d3c9600021b","label":"Would you like to review the design before printing?","name":"radio-group_568d3c9600021b","values":[{"label":"No","value":"No","selected":true,"tempId":"aco_6274","gt_translate_keys":["label"]},{"label":"Yes","value":"Yes","selected":false,"tempId":"aco_6275","price":"","gt_translate_keys":["label"]}],"layOut":"inline","error":false,"checkUi":"","priceOptions":"different_for_all","pricingType":"fixed","use_as_fee":false,"fee_label":"Preview Image","tooltip":"If yes, we\u2019ll email you a preview of the design before printing. This may add 1-2 days to delivery time.*","cartLabel":"Preview Image","hideFieldIn_cart":true,"gt_translate_keys":["label","tooltip"],"price_dependency":false,"cl_dependency":["content_268d3c9600022d"],"value":""}],[{"active":true,"col":6,"relations":[{"operator":false,"rules":[{"operator":"AND","rules":{"cl_field":"radio-group_568d3c9600021b","cl_relation":"is","cl_val":"Yes"}}]}],"cl_rule":"show","enableCl":true,"price":"","enablePrice":false,"className":"","label_position":"default","desc_position":"default","type":"content","required":false,"elementId":"content_268d3c9600022d","label":"","name":"content_268d3c9600022d","contentType":"plain","value":"Please check your inbox, including Spam or other folders, within 1-2 business days for the preview image","error":false,"subtype":"p","hideFieldIn_cart":true,"hideFieldIn_order":true,"gt_translate_keys":["label","value"],"price_dependency":false,"cl_dependency":false}]]}},"config":{"price_override":"","enable_recaptcha":false,"bind_quantity":false,"quantity_bind_formula":false,"disp_summ_show_option_price":false,"disp_summ_show_product_price":false,"disp_summ_show_total_price":false,"disp_summ_show_fee":false,"disp_summ_show_discount":false,"summary_title":"","options_total_label":"Options Price","total_label":"Total","options_product_label":"Product Price","fee_label":"Fee","discount_label":"Discount","has_price":true,"has_quantity_formula":false},"mc_unit":1,"tax_rate":1,"tax_rate_real":0,"discount":{"percentage":0,"fixed":0},"design":{"conf":{"LabelPosition":"above","DescPosition":"above","UploadField":"default","QuantityFieldStyle":"default"},"css":{"LeftLabelWidth":"120px"}},"formulas":[],"clones":false,"cartKey":false}},"_links":{"self":[{"href":"https:\/\/www.customywear.com\/sk\/wp-json\/wp\/v2\/product\/21164","targetHints":{"allow":["GET"]}}],"collection":[{"href":"https:\/\/www.customywear.com\/sk\/wp-json\/wp\/v2\/product"}],"about":[{"href":"https:\/\/www.customywear.com\/sk\/wp-json\/wp\/v2\/types\/product"}],"replies":[{"embeddable":true,"href":"https:\/\/www.customywear.com\/sk\/wp-json\/wp\/v2\/comments?post=21164"}],"wp:featuredmedia":[{"embeddable":true,"href":"https:\/\/www.customywear.com\/sk\/wp-json\/wp\/v2\/media\/122667"}],"wp:attachment":[{"href":"https:\/\/www.customywear.com\/sk\/wp-json\/wp\/v2\/media?parent=21164"}],"wp:term":[{"taxonomy":"product_brand","embeddable":true,"href":"https:\/\/www.customywear.com\/sk\/wp-json\/wp\/v2\/product_brand?post=21164"},{"taxonomy":"product_cat","embeddable":true,"href":"https:\/\/www.customywear.com\/sk\/wp-json\/wp\/v2\/product_cat?post=21164"},{"taxonomy":"product_tag","embeddable":true,"href":"https:\/\/www.customywear.com\/sk\/wp-json\/wp\/v2\/product_tag?post=21164"}],"curies":[{"name":"wp","href":"https:\/\/api.w.org\/{rel}","templated":true}]}}