{"id":21186,"date":"2023-07-28T13:46:37","date_gmt":"2023-07-28T13:46:37","guid":{"rendered":"https:\/\/www.customywear.com\/?post_type=product&#038;p=21186"},"modified":"2026-05-07T15:29:52","modified_gmt":"2026-05-07T15:29:52","slug":"vlastne-tricko-pre-milovnikov-golfu","status":"publish","type":"product","link":"https:\/\/www.customywear.com\/sk\/custom-golf-lover-tshirt\/","title":{"rendered":"Vlastn\u00e9 Golfov\u00e9 Milenca T-Shirt | Foto Prisp\u00f4soben\u00fdch \u0160portov\u00e9 \u010caj"},"content":{"rendered":"<p>Pozdvihnite \u0161t\u00fdl svojho die\u0165a\u0165a s na\u0161\u00edm tri\u010dkom na mieru pre milovn\u00edkov golfu. Sledujte, ako sa fotografia v\u00e1\u0161ho die\u0165a\u0165a premen\u00ed na podmaniv\u00fd vektorov\u00fd portr\u00e9t, ktor\u00fd zachyt\u00e1va podstatu jeho l\u00e1sky k outdoorov\u00fdm \u0161portom. \u010ci u\u017e je va\u0161e die\u0165a nad\u0161encom golfu alebo si jednoducho u\u017e\u00edva akt\u00edvny \u017eivot, toto tri\u010dko je fantastick\u00fdm sp\u00f4sobom, ako prezentova\u0165 jeho v\u00e1\u0161e\u0148. Na\u0161i sk\u00fasen\u00ed dizajn\u00e9ri pomocou presnosti programov Adobe Illustrator a Adobe Photoshop vytvoria \u0161pi\u010dkov\u00e9 vektorov\u00e9 umenie pod\u013ea v\u00e1\u0161ho v\u00fdberu. \u0160pi\u010dkov\u00e1 technika tla\u010de DTG zais\u0165uje trv\u00e1cne farby a prepracovan\u00e9 detaily. Tento v\u0161estrann\u00fd a unisex dizajn je vhodn\u00fd pre v\u0161etky vekov\u00e9 skupiny, od dospel\u00fdch a ml\u00e1de\u017ee a\u017e po deti a dokonca aj bato\u013eat\u00e1. Oslavujte ducha personalizovanej m\u00f3dy s n\u00e1dychom umenia. Na\u0161e tri\u010dko na mieru pre milovn\u00edkov golfu je dokonal\u00fdm pl\u00e1tnom na zve\u010dnenie spomienok. Sortiment zah\u0155\u0148a rozmanit\u00fa kolekciu dizajnov, v\u0161etky prisp\u00f4sobite\u013en\u00e9 portr\u00e9tmi \u013eud\u00ed a dom\u00e1cich zvierat. Objavte rados\u0165 z nosite\u013en\u00e9ho umenia a vyjadrite svoj jedine\u010dn\u00fd \u0161t\u00fdl s t\u00fdmto jedine\u010dn\u00fdm tri\u010dkom vyroben\u00fdm na mieru. <strong>K\u013e\u00fa\u010dov\u00e9 vlastnosti:<\/strong><\/p>\n<ul>\n<li>Transforma\u010dn\u00e1 vektorov\u00e1 grafika z va\u0161ej fotografie<\/li>\n<li>DTG tla\u010d pre trval\u00fa \u017eiarivos\u0165<\/li>\n<li>Unisex dizajn pre v\u0161etky vekov\u00e9 kateg\u00f3rie<\/li>\n<li>Prisp\u00f4sobite\u013en\u00e9 s portr\u00e9tmi \u013eud\u00ed a dom\u00e1cich zvierat<\/li>\n<li>K dispoz\u00edcii pre dospel\u00fdch, ml\u00e1de\u017e, deti a bato\u013eat\u00e1<\/li>\n<\/ul>\n<p>Za\u017eite vzru\u0161enie z premeny okamihov na nosite\u013en\u00e9 majstrovsk\u00e9 diela. Objednajte si e\u0161te dnes tri\u010dko s logom Golf Lover a osvojte si umenie sebavyjadrenia a personalizovan\u00e9ho dar\u010deka.<\/p>","protected":false},"excerpt":{"rendered":"<p>Odpalujte \u0161t\u00fdlovo s tri\u010dkom pre milovn\u00edkov golfu na mieru. Fotografia na personalizovan\u00e9 \u0161portov\u00e9 tri\u010dk\u00e1 premen\u00ed ak\u00fako\u013evek fotografiu na jedine\u010dn\u00e9 \u0161portov\u00e9 tri\u010dko.<\/p>","protected":false},"featured_media":142789,"comment_status":"open","ping_status":"closed","template":"","meta":{"_acf_changed":false},"product_brand":[],"product_cat":[6193,933,6412,6428],"product_tag":[6433,6439,934,937,938,2075,65,67,326,105,156],"class_list":{"0":"post-21186","1":"product","2":"type-product","3":"status-publish","4":"has-post-thumbnail","6":"product_cat-girls-t-shirts","7":"product_cat-custom-gifts-golf-players","8":"product_cat-photo-to-tees","9":"product_cat-translate-products","10":"product_tag-ai-artwork","11":"product_tag-ai-kids-artwork","12":"product_tag-birthday_shirt","13":"product_tag-golf","14":"product_tag-golf_gifts","15":"product_tag-golf_shirt","16":"product_tag-kid","17":"product_tag-kids_birthday_shirt","18":"product_tag-sports","19":"product_tag-summer_shirt","20":"product_tag-youth-girl","22":"first","23":"instock","24":"taxable","25":"shipping-taxable","26":"purchasable","27":"product-type-simple"},"acf":[],"wcpa_form_fields":null,"_links":{"self":[{"href":"https:\/\/www.customywear.com\/sk\/wp-json\/wp\/v2\/product\/21186","targetHints":{"allow":["GET"]}}],"collection":[{"href":"https:\/\/www.customywear.com\/sk\/wp-json\/wp\/v2\/product"}],"about":[{"href":"https:\/\/www.customywear.com\/sk\/wp-json\/wp\/v2\/types\/product"}],"replies":[{"embeddable":true,"href":"https:\/\/www.customywear.com\/sk\/wp-json\/wp\/v2\/comments?post=21186"}],"wp:featuredmedia":[{"embeddable":true,"href":"https:\/\/www.customywear.com\/sk\/wp-json\/wp\/v2\/media\/142789"}],"wp:attachment":[{"href":"https:\/\/www.customywear.com\/sk\/wp-json\/wp\/v2\/media?parent=21186"}],"wp:term":[{"taxonomy":"product_brand","embeddable":true,"href":"https:\/\/www.customywear.com\/sk\/wp-json\/wp\/v2\/product_brand?post=21186"},{"taxonomy":"product_cat","embeddable":true,"href":"https:\/\/www.customywear.com\/sk\/wp-json\/wp\/v2\/product_cat?post=21186"},{"taxonomy":"product_tag","embeddable":true,"href":"https:\/\/www.customywear.com\/sk\/wp-json\/wp\/v2\/product_tag?post=21186"}],"curies":[{"name":"wp","href":"https:\/\/api.w.org\/{rel}","templated":true}]}}