{"id":21200,"date":"2023-07-28T13:46:48","date_gmt":"2023-07-28T13:46:48","guid":{"rendered":"https:\/\/www.customywear.com\/?post_type=product&#038;p=21200"},"modified":"2026-05-05T20:23:30","modified_gmt":"2026-05-05T20:23:30","slug":"zenska-kosela-na-mieru-k-narodeninam","status":"publish","type":"product","link":"https:\/\/www.customywear.com\/sk\/custom-happy-birthday-woman-shirt\/","title":{"rendered":"Tri\u010dko k narodenin\u00e1m pre \u017eeny na mieru \u2013 personalizovan\u00fd z\u00e1bavn\u00fd dar\u010dek pre \u0148u"},"content":{"rendered":"<p>Urobte jej narodeniny v\u00fdnimo\u010dn\u00fdmi s na\u0161\u00edm personalizovan\u00fdm tri\u010dkom Happy Birthday Woman. Na\u0161i zru\u010dn\u00ed remeseln\u00edci pou\u017e\u00edvaj\u00fa Adobe Illustrator a Adobe Photoshop na vytvorenie vektorov\u00e9ho portr\u00e9tu, ktor\u00fd zachyt\u00e1va podstatu oslavy pred lahodnou narodeninovou tortou. Toto personalizovan\u00e9 tri\u010dko je srde\u010dn\u00fd a z\u00e1bavn\u00fd dar\u010dek, ide\u00e1lny pre \u017eeny v\u0161etk\u00fdch vekov\u00fdch kateg\u00f3ri\u00ed, \u010di u\u017e je to va\u0161a mama, sestra, man\u017eelka, priate\u013eka alebo ak\u00e1ko\u013evek \u0161peci\u00e1lna d\u00e1ma. Za\u017eite rados\u0165 z personaliz\u00e1cie s na\u0161\u00edm unisex dizajnom tri\u010diek s kr\u00e1tkym a dlh\u00fdm ruk\u00e1vom pre dospel\u00fdch. Je to viac ne\u017e len tri\u010dko; je to nosite\u013en\u00e1 spomienka, ktor\u00e1 steles\u0148uje ducha oslavy. \u010ci u\u017e ide o m\u00ed\u013enikov\u00e9 narodeniny alebo o chv\u00ed\u013eu, ktor\u00fa si jednoducho u\u017eijete, toto tri\u010dko dod\u00e1va tejto pr\u00edle\u017eitosti n\u00e1dych humoru a personaliz\u00e1cie. N\u00e1\u0161 proces DTG tla\u010de zaru\u010duje \u017eiv\u00e9 a dlhotrvaj\u00face vzory, ktor\u00e9 v celej svojej kr\u00e1se prezentuj\u00fa zlo\u017eit\u00e9 vektorov\u00e9 umenie. Tieto v\u0161estrann\u00e9 tri\u010dk\u00e1, ktor\u00e9 s\u00fa k dispoz\u00edcii pre dospel\u00fdch, ml\u00e1de\u017e, deti a bato\u013eat\u00e1, uspokoja r\u00f4zne vekov\u00e9 kateg\u00f3rie. Zv\u00fd\u0161te rados\u0165 a vytvorte si vz\u00e1cny suven\u00edr za\u010dlenen\u00edm \u013eudsk\u00fdch a zvierac\u00edch tv\u00e1r\u00ed do dizajnu. Pote\u0161te sa svetom personalizovan\u00fdch dar\u010dekov s mno\u017estvom mo\u017enost\u00ed dizajnu a zdie\u013eajte rados\u0165 z naroden\u00edn ako nikdy predt\u00fdm.<\/p>","protected":false},"excerpt":{"rendered":"<p>Ozvl\u00e1\u0161tnite narodeniny ko\u0161e\u013eou Happy Birthday Woman Woman. Personalizovan\u00e9 z\u00e1bavn\u00e9 dar\u010deky pre \u0148u premenia ak\u00fako\u013evek fotografiu na jedine\u010dn\u00e9 tri\u010dko.<\/p>","protected":false},"featured_media":142581,"comment_status":"open","ping_status":"closed","template":"","meta":{"_acf_changed":false},"product_brand":[],"product_cat":[6191,496,6246,6412,6428,6357],"product_tag":[6433,498,503,112],"class_list":{"0":"post-21200","1":"product","2":"type-product","3":"status-publish","4":"has-post-thumbnail","6":"product_cat-t-shirts-women","7":"product_cat-birthday","8":"product_cat-custom-gifts-birthday-party","9":"product_cat-photo-to-tees","10":"product_cat-translate-products","11":"product_cat-womens-birthday-t-shirts","12":"product_tag-ai-artwork","13":"product_tag-birthday","14":"product_tag-girlfriend_gift","15":"product_tag-women","17":"first","18":"instock","19":"taxable","20":"shipping-taxable","21":"purchasable","22":"product-type-simple"},"acf":[],"wcpa_form_fields":null,"_links":{"self":[{"href":"https:\/\/www.customywear.com\/sk\/wp-json\/wp\/v2\/product\/21200","targetHints":{"allow":["GET"]}}],"collection":[{"href":"https:\/\/www.customywear.com\/sk\/wp-json\/wp\/v2\/product"}],"about":[{"href":"https:\/\/www.customywear.com\/sk\/wp-json\/wp\/v2\/types\/product"}],"replies":[{"embeddable":true,"href":"https:\/\/www.customywear.com\/sk\/wp-json\/wp\/v2\/comments?post=21200"}],"wp:featuredmedia":[{"embeddable":true,"href":"https:\/\/www.customywear.com\/sk\/wp-json\/wp\/v2\/media\/142581"}],"wp:attachment":[{"href":"https:\/\/www.customywear.com\/sk\/wp-json\/wp\/v2\/media?parent=21200"}],"wp:term":[{"taxonomy":"product_brand","embeddable":true,"href":"https:\/\/www.customywear.com\/sk\/wp-json\/wp\/v2\/product_brand?post=21200"},{"taxonomy":"product_cat","embeddable":true,"href":"https:\/\/www.customywear.com\/sk\/wp-json\/wp\/v2\/product_cat?post=21200"},{"taxonomy":"product_tag","embeddable":true,"href":"https:\/\/www.customywear.com\/sk\/wp-json\/wp\/v2\/product_tag?post=21200"}],"curies":[{"name":"wp","href":"https:\/\/api.w.org\/{rel}","templated":true}]}}