{"id":21207,"date":"2023-07-28T13:46:58","date_gmt":"2023-07-28T13:46:58","guid":{"rendered":"https:\/\/www.customywear.com\/?post_type=product&#038;p=21207"},"modified":"2026-05-16T11:14:10","modified_gmt":"2026-05-16T11:14:10","slug":"turisticka-damska-kosela-na-mieru","status":"publish","type":"product","link":"https:\/\/www.customywear.com\/sk\/custom-hiking-woman-shirt\/","title":{"rendered":"D\u00e1mske turistick\u00e9 tri\u010dko na mieru \u2013 personalizovan\u00e9 d\u00e1mske turistick\u00e9 horsk\u00e9 tri\u010dko"},"content":{"rendered":"<p>Pozdvihnite svoje outdoorov\u00e9 dobrodru\u017estv\u00e1 s na\u0161\u00edm d\u00e1mskym turistick\u00fdm tri\u010dkom na mieru, personalizovanou poctou turistk\u00e1m, ktor\u00e9 zdol\u00e1vaj\u00fa vrcholy. Na\u0161i zru\u010dn\u00ed remeseln\u00edci vyu\u017e\u00edvaj\u00fa silu programov Adobe Illustrator a Adobe Photoshop na vytvorenie p\u00fatav\u00e9ho vektorov\u00e9ho portr\u00e9tu a premenia va\u0161u fotografiu na \u00fa\u017easn\u00e9 zobrazenie v\u00e1s, ako zdol\u00e1vate majest\u00e1tnu horu. Toto tri\u010dko na mieru, ozdoben\u00e9 na\u0161imi pr\u00e9miov\u00fdmi umeleck\u00fdmi dielami, je dokonal\u00fdm dar\u010dekom pre nad\u0161encov turistiky a milovn\u00edkov pr\u00edrody. Za\u017eite k\u00fazlo personaliz\u00e1cie s na\u0161\u00edm unisex dizajnom tri\u010diek s kr\u00e1tkym a dlh\u00fdm ruk\u00e1vom pre dospel\u00fdch. Tieto tri\u010dk\u00e1 nie s\u00fa len odevom, ale st\u00e1vaj\u00fa sa aj vz\u00e1cnymi suven\u00edrmi, ktor\u00e9 steles\u0148uj\u00fa vzru\u0161enie zo zdol\u00e1vania vrcholov a zdol\u00e1vania v\u00fdziev. V\u010faka v\u0161estrann\u00e9mu unisex \u0161t\u00fdlu s\u00fa vhodn\u00e9 pre r\u00f4zne vekov\u00e9 kateg\u00f3rie, v\u010faka \u010domu s\u00fa vhodn\u00e9 pre dospel\u00fdch, ml\u00e1de\u017e, deti aj bato\u013eat\u00e1. Vneste do svojho dizajnu n\u00e1dych individuality za\u010dlenen\u00edm \u013eudsk\u00fdch a zvierac\u00edch tv\u00e1r\u00ed a vytvorte tri\u010dk\u00e1, ktor\u00e9 s\u00fa skuto\u010dne jedine\u010dn\u00e9. Tieto personalizovan\u00e9 tri\u010dk\u00e1 nielen oslavuj\u00fa kr\u00e1su pr\u00edrody, ale symbolizuj\u00fa aj posilnenie postavenia a silu turistiek. Presk\u00famajte na\u0161u ponuku dizajnov, z ktor\u00fdch ka\u017ed\u00fd je pripraven\u00fd zachyti\u0165 ducha va\u0161ej jedine\u010dnej cesty a in\u0161pirova\u0165 hlbok\u00e9 spojenie s divmi pr\u00edrody.<\/p>","protected":false},"excerpt":{"rendered":"<p>Trek vo ve\u013ekom \u0161t\u00fdle s ko\u0161e\u013eou na mieru. Personalizovan\u00e9 turistick\u00e9 horsk\u00e9 tri\u010dk\u00e1 premenia ak\u00fako\u013evek fotografiu na jedine\u010dn\u00e9 tri\u010dko in\u0161pirovan\u00e9 outdoorom.<\/p>","protected":false},"featured_media":142837,"comment_status":"open","ping_status":"closed","template":"","meta":{"_acf_changed":false},"product_brand":[],"product_cat":[6191,558,559,6412,310,6428,75,6356],"product_tag":[560,6433,562,326,6442,112],"class_list":{"0":"post-21207","1":"product","2":"type-product","3":"status-publish","4":"has-post-thumbnail","6":"product_cat-t-shirts-women","7":"product_cat-custom-gifts-hiking","8":"product_cat-hiking-t-shirts","9":"product_cat-photo-to-tees","10":"product_cat-sports-shirts","11":"product_cat-translate-products","12":"product_cat-women","13":"product_cat-womens-summer-t-shirts","14":"product_tag-adventure_shirt","15":"product_tag-ai-artwork","16":"product_tag-hiking-art","17":"product_tag-sports","18":"product_tag-top-artwork","19":"product_tag-women","21":"first","22":"instock","23":"taxable","24":"shipping-taxable","25":"purchasable","26":"product-type-simple"},"acf":[],"wcpa_form_fields":null,"_links":{"self":[{"href":"https:\/\/www.customywear.com\/sk\/wp-json\/wp\/v2\/product\/21207","targetHints":{"allow":["GET"]}}],"collection":[{"href":"https:\/\/www.customywear.com\/sk\/wp-json\/wp\/v2\/product"}],"about":[{"href":"https:\/\/www.customywear.com\/sk\/wp-json\/wp\/v2\/types\/product"}],"replies":[{"embeddable":true,"href":"https:\/\/www.customywear.com\/sk\/wp-json\/wp\/v2\/comments?post=21207"}],"wp:featuredmedia":[{"embeddable":true,"href":"https:\/\/www.customywear.com\/sk\/wp-json\/wp\/v2\/media\/142837"}],"wp:attachment":[{"href":"https:\/\/www.customywear.com\/sk\/wp-json\/wp\/v2\/media?parent=21207"}],"wp:term":[{"taxonomy":"product_brand","embeddable":true,"href":"https:\/\/www.customywear.com\/sk\/wp-json\/wp\/v2\/product_brand?post=21207"},{"taxonomy":"product_cat","embeddable":true,"href":"https:\/\/www.customywear.com\/sk\/wp-json\/wp\/v2\/product_cat?post=21207"},{"taxonomy":"product_tag","embeddable":true,"href":"https:\/\/www.customywear.com\/sk\/wp-json\/wp\/v2\/product_tag?post=21207"}],"curies":[{"name":"wp","href":"https:\/\/api.w.org\/{rel}","templated":true}]}}