{"id":21208,"date":"2023-07-28T13:47:07","date_gmt":"2023-07-28T13:47:07","guid":{"rendered":"https:\/\/www.customywear.com\/?post_type=product&#038;p=21208"},"modified":"2026-05-07T15:29:52","modified_gmt":"2026-05-07T15:29:52","slug":"personalizovane-tricko-indicky-chlapec","status":"publish","type":"product","link":"https:\/\/www.customywear.com\/sk\/custom-indian-boy-tee\/","title":{"rendered":"Personalized Indian Boy Tee &#8211; Travel to India T-shirt for boys"},"content":{"rendered":"<p>Pozdvihnite svoj \u0161t\u00fdl s na\u0161\u00edm jedine\u010dn\u00fdm personalizovan\u00fdm indick\u00fdm tri\u010dkom pre chlapcov, kde sa vz\u00e1cne spomienky stret\u00e1vaj\u00fa s trendovou m\u00f3dou. Na\u0161i zru\u010dn\u00ed umelci premenia va\u0161u vz\u00e1cnu fotografiu na \u00fa\u017easn\u00fd vektorov\u00fd portr\u00e9t, ktor\u00fd bezprobl\u00e9movo sp\u00e1ja trad\u00edciu a modernos\u0165. Zachy\u0165te podstatu bohatej indickej kult\u00fary, zatia\u013e \u010do va\u0161e die\u0165a si oble\u010die jedine\u010dn\u00e9 personalizovan\u00e9 umeleck\u00e9 dielo. Na\u0161e tri\u010dk\u00e1 s DTG potla\u010dou, vytvoren\u00e9 s odborn\u00fdmi znalos\u0165ami pomocou programov Adobe Illustrator a Adobe Photoshop, zaru\u010duj\u00fa vysoko kvalitn\u00e9 a \u017eiariv\u00e9 dizajny, ktor\u00e9 vydr\u017eia. Vyu\u017eite v\u0161estrannos\u0165 na\u0161ej unisex kolekcie, vhodnej pre ka\u017ed\u00fa vekov\u00fa skupinu, od dospel\u00fdch cez ml\u00e1de\u017e, deti a\u017e po bato\u013eat\u00e1. \u010ci u\u017e ide o narodeniny, dovolenku alebo ak\u00fako\u013evek in\u00fa pr\u00edle\u017eitos\u0165, na\u0161e tri\u010dk\u00e1 na mieru s\u00fa premyslen\u00fdmi a doj\u00edmav\u00fdmi dar\u010dekmi, ktor\u00e9 vynikn\u00fa. Doprajte si rados\u0165 z personaliz\u00e1cie, ke\u010f vd\u00fdchneme \u017eivot va\u0161im n\u00e1padom, nielen pre mlad\u00fdch, ale aj pre dospel\u00fdch, \u010d\u00edm zabezpe\u010d\u00edme m\u00f3dne vyhl\u00e1senie pre cel\u00fa rodinu. V\u010faka rozmanitej ponuke dostupn\u00fdch dizajnov si n\u00e1jdete perfektn\u00fd v\u00fdber pre va\u0161e preferencie. Za\u017eite k\u00fazlo premeny spomienok na nosite\u013en\u00e9 umenie a vytvorte trval\u00e9 chv\u00edle s na\u0161imi jedine\u010dne personalizovan\u00fdmi tri\u010dkami.<\/p>","protected":false},"excerpt":{"rendered":"<p>Osl\u00e1vte kult\u00faru s prisp\u00f4soben\u00fdm indick\u00fdm chlap\u010densk\u00fdm tri\u010dkom. Vlastn\u00e9 fotografie tri\u010dka premen\u00ed ka\u017ed\u00fa fotografiu na jedine\u010dn\u00e9, jedine\u010dn\u00e9 tri\u010dko.<\/p>","protected":false},"featured_media":142878,"comment_status":"open","ping_status":"closed","template":"","meta":{"_acf_changed":false},"product_brand":[],"product_cat":[6189,6264,6412,6428],"product_tag":[560,6433,6439,2309,2314,65,67,73],"class_list":{"0":"post-21208","1":"product","2":"type-product","3":"status-publish","4":"has-post-thumbnail","6":"product_cat-boys-t-shirts","7":"product_cat-custom-gifts-indian-culture","8":"product_cat-photo-to-tees","9":"product_cat-translate-products","10":"product_tag-adventure_shirt","11":"product_tag-ai-artwork","12":"product_tag-ai-kids-artwork","13":"product_tag-diwali_gift","14":"product_tag-indian_wedding","15":"product_tag-kid","16":"product_tag-kids_birthday_shirt","17":"product_tag-youth-boy","19":"first","20":"instock","21":"taxable","22":"shipping-taxable","23":"purchasable","24":"product-type-simple"},"acf":[],"wcpa_form_fields":null,"_links":{"self":[{"href":"https:\/\/www.customywear.com\/sk\/wp-json\/wp\/v2\/product\/21208","targetHints":{"allow":["GET"]}}],"collection":[{"href":"https:\/\/www.customywear.com\/sk\/wp-json\/wp\/v2\/product"}],"about":[{"href":"https:\/\/www.customywear.com\/sk\/wp-json\/wp\/v2\/types\/product"}],"replies":[{"embeddable":true,"href":"https:\/\/www.customywear.com\/sk\/wp-json\/wp\/v2\/comments?post=21208"}],"wp:featuredmedia":[{"embeddable":true,"href":"https:\/\/www.customywear.com\/sk\/wp-json\/wp\/v2\/media\/142878"}],"wp:attachment":[{"href":"https:\/\/www.customywear.com\/sk\/wp-json\/wp\/v2\/media?parent=21208"}],"wp:term":[{"taxonomy":"product_brand","embeddable":true,"href":"https:\/\/www.customywear.com\/sk\/wp-json\/wp\/v2\/product_brand?post=21208"},{"taxonomy":"product_cat","embeddable":true,"href":"https:\/\/www.customywear.com\/sk\/wp-json\/wp\/v2\/product_cat?post=21208"},{"taxonomy":"product_tag","embeddable":true,"href":"https:\/\/www.customywear.com\/sk\/wp-json\/wp\/v2\/product_tag?post=21208"}],"curies":[{"name":"wp","href":"https:\/\/api.w.org\/{rel}","templated":true}]}}