{"id":21209,"date":"2023-07-28T13:47:08","date_gmt":"2023-07-28T13:47:08","guid":{"rendered":"https:\/\/www.customywear.com\/?post_type=product&#038;p=21209"},"modified":"2026-05-07T15:29:52","modified_gmt":"2026-05-07T15:29:52","slug":"indicke-dievcenske-tricko-na-mieru","status":"publish","type":"product","link":"https:\/\/www.customywear.com\/sk\/custom-indian-girl-tee\/","title":{"rendered":"Tri\u010dko s indick\u00fdm mot\u00edvom diev\u010da\u0165a na mieru | Preme\u0148te svoju fotografiu na personalizovan\u00e9 tri\u010dko"},"content":{"rendered":"<p>Pozdvihnite svoj \u0161atn\u00edk s na\u0161\u00edm exkluz\u00edvnym tri\u010dkom na mieru pre indick\u00e9 diev\u010dat\u00e1, kde sa vz\u00e1cne okamihy stret\u00e1vaj\u00fa s umeleckou m\u00f3dou. Na\u0161i talentovan\u00ed dizajn\u00e9ri \u0161ikovne premenia fotografiu v\u00e1\u0161ho die\u0165a\u0165a na podmaniv\u00fd vektorov\u00fd portr\u00e9t, ktor\u00fd bezprobl\u00e9movo sp\u00e1ja s\u00fa\u010dasn\u00fd \u0161t\u00fdl s kult\u00farnym bohatstvom Indie. Ponorte svojich bl\u00edzkych do personalizovan\u00e9ho umeleck\u00e9ho diela, v\u010faka ktor\u00e9mu bude ka\u017ed\u00e1 pr\u00edle\u017eitos\u0165 skuto\u010dne v\u00fdnimo\u010dn\u00e1. Vyu\u017e\u00edvame silu programov Adobe Illustrator a Adobe Photoshop a vd\u00fdchneme \u017eivot va\u0161ej v\u00edzii prostredn\u00edctvom DTG tla\u010de, \u010d\u00edm zabezpe\u010d\u00edme \u017eiv\u00e9 a trv\u00e1cne dizajny. Vyu\u017eite v\u0161estrannos\u0165 na\u0161ej unisex kolekcie, ktor\u00e1 je prisp\u00f4soben\u00e1 v\u0161etk\u00fdm vekov\u00fdm kateg\u00f3ri\u00e1m \u2013 od dospel\u00fdch cez ml\u00e1de\u017e, deti a\u017e po bato\u013eat\u00e1. Oslavujte narodeniny, rodinn\u00e9 dovolenky alebo jednoducho predve\u010fte svoj jedine\u010dn\u00fd vkus s tri\u010dkom na mieru, ktor\u00e9 zachyt\u00e1va podstatu indick\u00e9ho dedi\u010dstva. Popustite uzdu radosti z personaliz\u00e1cie, zatia\u013e \u010do my vytv\u00e1rame v\u00fdnimo\u010dn\u00fd dizajn, ktor\u00fd zdob\u00ed nielen mlad\u00fdch, ale aj dospel\u00fdch a podporuje pocit spolupatri\u010dnosti prostredn\u00edctvom m\u00f3dy. Presk\u00famajte na\u0161u rozmanit\u00fa \u0161k\u00e1lu mo\u017enost\u00ed, pri\u010dom ka\u017ed\u00fd kus je d\u00f4kazom umenia premeni\u0165 spomienky na nosite\u013en\u00e9 v\u00fdrazy. Objavte k\u00fazlo darovania vz\u00e1cnej spomienky zabalenej vo vysoko kvalitnom, personalizovanom tri\u010dku, kde ka\u017ed\u00e1 ni\u0165 rozpr\u00e1va pr\u00edbeh.<\/p>","protected":false},"excerpt":{"rendered":"<p>Cti si trad\u00edciu s vlastn\u00fdm indick\u00fdm diev\u010densk\u00fdm tri\u010dkom. Preme\u0148te svoju fotografiu na prisp\u00f4soben\u00e9 tri\u010dko pre jedine\u010dn\u00fd, kult\u00farou in\u0161pirovan\u00fd dizajn.<\/p>","protected":false},"featured_media":142885,"comment_status":"open","ping_status":"closed","template":"","meta":{"_acf_changed":false},"product_brand":[],"product_cat":[6193,6264,6412,6428],"product_tag":[560,6433,6439,2309,2314,65,67,156],"class_list":{"0":"post-21209","1":"product","2":"type-product","3":"status-publish","4":"has-post-thumbnail","6":"product_cat-girls-t-shirts","7":"product_cat-custom-gifts-indian-culture","8":"product_cat-photo-to-tees","9":"product_cat-translate-products","10":"product_tag-adventure_shirt","11":"product_tag-ai-artwork","12":"product_tag-ai-kids-artwork","13":"product_tag-diwali_gift","14":"product_tag-indian_wedding","15":"product_tag-kid","16":"product_tag-kids_birthday_shirt","17":"product_tag-youth-girl","19":"first","20":"instock","21":"taxable","22":"shipping-taxable","23":"purchasable","24":"product-type-simple"},"acf":[],"wcpa_form_fields":null,"_links":{"self":[{"href":"https:\/\/www.customywear.com\/sk\/wp-json\/wp\/v2\/product\/21209","targetHints":{"allow":["GET"]}}],"collection":[{"href":"https:\/\/www.customywear.com\/sk\/wp-json\/wp\/v2\/product"}],"about":[{"href":"https:\/\/www.customywear.com\/sk\/wp-json\/wp\/v2\/types\/product"}],"replies":[{"embeddable":true,"href":"https:\/\/www.customywear.com\/sk\/wp-json\/wp\/v2\/comments?post=21209"}],"wp:featuredmedia":[{"embeddable":true,"href":"https:\/\/www.customywear.com\/sk\/wp-json\/wp\/v2\/media\/142885"}],"wp:attachment":[{"href":"https:\/\/www.customywear.com\/sk\/wp-json\/wp\/v2\/media?parent=21209"}],"wp:term":[{"taxonomy":"product_brand","embeddable":true,"href":"https:\/\/www.customywear.com\/sk\/wp-json\/wp\/v2\/product_brand?post=21209"},{"taxonomy":"product_cat","embeddable":true,"href":"https:\/\/www.customywear.com\/sk\/wp-json\/wp\/v2\/product_cat?post=21209"},{"taxonomy":"product_tag","embeddable":true,"href":"https:\/\/www.customywear.com\/sk\/wp-json\/wp\/v2\/product_tag?post=21209"}],"curies":[{"name":"wp","href":"https:\/\/api.w.org\/{rel}","templated":true}]}}