{"id":21216,"date":"2023-07-28T13:47:13","date_gmt":"2023-07-28T13:47:13","guid":{"rendered":"https:\/\/www.customywear.com\/?post_type=product&#038;p=21216"},"modified":"2026-05-05T20:23:30","modified_gmt":"2026-05-05T20:23:30","slug":"zakazkova-damska-kosela-karate","status":"publish","type":"product","link":"https:\/\/www.customywear.com\/sk\/custom-karate-woman-shirt\/","title":{"rendered":"Tri\u010dko na mieru pre \u017eeny v karate | Personalizovan\u00e9 tri\u010dko pre u\u010dite\u013eov kung-fu, mamu, priate\u013eku, sestru"},"content":{"rendered":"<p>Prijmite silu a p\u00f4vab bojov\u00fdch umen\u00ed s na\u0161\u00edm \u201etri\u010dkom pre \u017eeny karate na mieru\u201c, v ktorom \u0161ikovne premen\u00edme va\u0161u fotografiu na podmaniv\u00fd vektorov\u00fd portr\u00e9t, na ktorom predvediete svoje karate schopnosti. Toto personalizovan\u00e9 tri\u010dko je perfektn\u00fdm dar\u010dekom pre nad\u0161encov bojov\u00fdch umen\u00ed, \u010di u\u017e ste v\u00e1\u0161niv\u00fd u\u010dite\u013e \u0161portu, oddan\u00e1 mama, podporuj\u00faca priate\u013eka alebo starostliv\u00e1 sestra. Oslavujte svoju l\u00e1sku ku karate a kung-fu s t\u00fdmto jedine\u010dn\u00fdm a na mieru navrhnut\u00fdm tri\u010dkom. V\u010faka odborn\u00fdm znalostiam Adobe Illustrator a Adobe Photoshop zabezpe\u010dujeme, aby sa ka\u017ed\u00fd detail va\u0161ej fotografie premenil na vysoko kvalitn\u00e9 vektorov\u00e9 umenie, ktor\u00e9 zachyt\u00ed podstatu va\u0161ej cesty bojov\u00fdmi umeniami. Toto unisex tri\u010dko, ktor\u00e9 je k dispoz\u00edcii v preveden\u00ed s kr\u00e1tkym aj dlh\u00fdm ruk\u00e1vom pre dospel\u00fdch, je mo\u017en\u00e9 prisp\u00f4sobi\u0165 pre v\u0161etky vekov\u00e9 kateg\u00f3rie, od dospel\u00fdch a\u017e po ml\u00e1de\u017e, deti a bato\u013eat\u00e1. Aby bolo e\u0161te v\u00fdnimo\u010dnej\u0161ie, pon\u00fakame mo\u017enos\u0165 zahrn\u00fa\u0165 do kresby tv\u00e1r v\u00e1\u0161ho dom\u00e1ceho mazn\u00e1\u010dika, \u010d\u00edm dod\u00e1te extra n\u00e1dych personaliz\u00e1cie. \u010ci u\u017e ho nos\u00edte na tr\u00e9ningy, be\u017en\u00e9 v\u00fdlety alebo na prezent\u00e1ciu svojej oddanosti bojov\u00fdm umeniam, na\u0161e tri\u010dko pre \u017eeny karate na mieru je siln\u00fdm a zmyslupln\u00fdm doplnkom v\u00e1\u0161ho \u0161atn\u00edka. Prijmite ducha bojov\u00fdch umen\u00ed a noste svoju v\u00e1\u0161e\u0148 s hrdos\u0165ou v tomto jedine\u010dnom personalizovanom tri\u010dku.<\/p>","protected":false},"excerpt":{"rendered":"<p>Osl\u00e1vte silu s vlastnou karate \u017eenskou ko\u0161e\u013eou. Personalizovan\u00e9 tri\u010dk\u00e1 Kung Fu Sports Mom, priate\u013eka alebo sestra premenia ak\u00fako\u013evek fotografiu na jedine\u010dn\u00e9 tri\u010dko.<\/p>","protected":false},"featured_media":142927,"comment_status":"open","ping_status":"closed","template":"","meta":{"_acf_changed":false},"product_brand":[],"product_cat":[6191,2406,6412,6428,6351,6352],"product_tag":[6433,934,6217,2408,1301,1302,1792,326,112,1827],"class_list":{"0":"post-21216","1":"product","2":"type-product","3":"status-publish","4":"has-post-thumbnail","6":"product_cat-t-shirts-women","7":"product_cat-custom-gifts-karate","8":"product_cat-photo-to-tees","9":"product_cat-translate-products","10":"product_cat-womens-gym-t-shirts","11":"product_cat-womens-sports-t-shirts","12":"product_tag-ai-artwork","13":"product_tag-birthday_shirt","14":"product_tag-custom-t-shirt","15":"product_tag-custom-arts-karate","16":"product_tag-jiu_jitsu_shirt","17":"product_tag-karate_gift","18":"product_tag-muay_thai_shirt","19":"product_tag-sports","20":"product_tag-women","21":"product_tag-workout_shirt","23":"first","24":"instock","25":"taxable","26":"shipping-taxable","27":"purchasable","28":"product-type-simple"},"acf":[],"wcpa_form_fields":null,"_links":{"self":[{"href":"https:\/\/www.customywear.com\/sk\/wp-json\/wp\/v2\/product\/21216","targetHints":{"allow":["GET"]}}],"collection":[{"href":"https:\/\/www.customywear.com\/sk\/wp-json\/wp\/v2\/product"}],"about":[{"href":"https:\/\/www.customywear.com\/sk\/wp-json\/wp\/v2\/types\/product"}],"replies":[{"embeddable":true,"href":"https:\/\/www.customywear.com\/sk\/wp-json\/wp\/v2\/comments?post=21216"}],"wp:featuredmedia":[{"embeddable":true,"href":"https:\/\/www.customywear.com\/sk\/wp-json\/wp\/v2\/media\/142927"}],"wp:attachment":[{"href":"https:\/\/www.customywear.com\/sk\/wp-json\/wp\/v2\/media?parent=21216"}],"wp:term":[{"taxonomy":"product_brand","embeddable":true,"href":"https:\/\/www.customywear.com\/sk\/wp-json\/wp\/v2\/product_brand?post=21216"},{"taxonomy":"product_cat","embeddable":true,"href":"https:\/\/www.customywear.com\/sk\/wp-json\/wp\/v2\/product_cat?post=21216"},{"taxonomy":"product_tag","embeddable":true,"href":"https:\/\/www.customywear.com\/sk\/wp-json\/wp\/v2\/product_tag?post=21216"}],"curies":[{"name":"wp","href":"https:\/\/api.w.org\/{rel}","templated":true}]}}