{"id":21220,"date":"2023-07-28T13:47:15","date_gmt":"2023-07-28T13:47:15","guid":{"rendered":"https:\/\/www.customywear.com\/?post_type=product&#038;p=21220"},"modified":"2026-05-05T20:24:09","modified_gmt":"2026-05-05T20:24:09","slug":"zakazkova-korejska-panska-kosela","status":"publish","type":"product","link":"https:\/\/www.customywear.com\/sk\/custom-korean-man-shirt\/","title":{"rendered":"K\u00f3rejsk\u00e9 p\u00e1nske tri\u010dko na mieru | Personalizovan\u00e9 tradi\u010dn\u00e9 cestovn\u00e9 tri\u010dko"},"content":{"rendered":"<p>Vydajte sa na cestu do o\u010daruj\u00faceho sveta k\u00f3rejskej kult\u00fary s na\u0161\u00edm \u201eko\u0161e\u013eou na mieru pre k\u00f3rejsk\u00e9ho mu\u017ea\u201c, kde va\u0161u fotografiu \u0161ikovne premen\u00edme na p\u00fatav\u00fd vektorov\u00fd portr\u00e9t, v\u010faka ktor\u00e9mu bude vyzera\u0165, akoby ste boli oble\u010den\u00ed v tradi\u010dnom k\u00f3rejskom odeve. Toto tri\u010dko na mieru oslavuje l\u00e1kadlo cestovania a kult\u00farneho objavovania, a preto je zmyslupln\u00fdm a jedine\u010dn\u00fdm dar\u010dekom pre t\u00fdch, ktor\u00ed oce\u0148uj\u00fa bohatstvo k\u00f3rejsk\u00e9ho dedi\u010dstva. Na\u0161e unisex tri\u010dk\u00e1 s kr\u00e1tkym a dlh\u00fdm ruk\u00e1vom pre dospel\u00fdch na mieru zaru\u010duj\u00fa pohodln\u00e9 a \u0161t\u00fdlov\u00e9 nosenie pre ka\u017ed\u00e9ho a v\u010faka pou\u017eitiu programov Adobe Illustrator a Adobe Photoshop garantujeme vysoko kvalitn\u00fa vektorov\u00fa grafiku, ktor\u00e1 kr\u00e1sne zachyt\u00e1va podstatu k\u00f3rejskej trad\u00edcie. \u010ci u\u017e si chcete pripomen\u00fa\u0165 \u0161peci\u00e1lnu cestu do Ju\u017enej K\u00f3rey alebo jednoducho vyjadri\u0165 svoju l\u00e1sku ku k\u00f3rejskej kult\u00fare, toto personalizovan\u00e9 tri\u010dko je perfektnou vo\u013ebou. Navy\u0161e m\u00e1te mo\u017enos\u0165 zahrn\u00fa\u0165 do portr\u00e9tu tv\u00e1r svojho milovan\u00e9ho dom\u00e1ceho mazn\u00e1\u010dika, \u010d\u00edm dod\u00e1te dar\u010deku extra n\u00e1dych personaliz\u00e1cie. Vst\u00fapte do sveta k\u00f3rejskej kult\u00fary a obdivujte kr\u00e1su trad\u00edcie s na\u0161\u00edm tri\u010dkom na mieru pre k\u00f3rejsk\u00e9ho mu\u017ea, ktor\u00e9 je pozoruhodnou poctou nad\u010dasov\u00e9mu l\u00e1kadlu kult\u00farnej rozmanitosti.<\/p>","protected":false},"excerpt":{"rendered":"<p>Prijmite trad\u00edciu s vlastnou k\u00f3rejskou ko\u0161e\u013eou. Personalizovan\u00e9 cestovn\u00e9 tri\u010dk\u00e1 s tradi\u010dn\u00fdmi \u0161atami premenia ak\u00fako\u013evek fotografiu na jedine\u010dn\u00e9 kult\u00farne tri\u010dko.<\/p>","protected":false},"featured_media":142948,"comment_status":"open","ping_status":"closed","template":"","meta":{"_acf_changed":false},"product_brand":[],"product_cat":[6195,6157,6156,2421,186,6345,6412,6428],"product_tag":[6433,193,2422,503,2345,102,6216,209],"class_list":{"0":"post-21220","1":"product","2":"type-product","3":"status-publish","4":"has-post-thumbnail","6":"product_cat-t-shirts-men","7":"product_cat-country","8":"product_cat-culture","9":"product_cat-custom-gifts-korean-culture","10":"product_cat-men","11":"product_cat-mens-country-culture-t-shirts","12":"product_cat-photo-to-tees","13":"product_cat-translate-products","14":"product_tag-ai-artwork","15":"product_tag-boyfriend_gift","16":"product_tag-custom-arts-korean","17":"product_tag-girlfriend_gift","18":"product_tag-kpop_shirt","19":"product_tag-long_distance_gift","20":"product_tag-mens-custom-t-shirts","21":"product_tag-travel_lover_gift","23":"first","24":"instock","25":"taxable","26":"shipping-taxable","27":"purchasable","28":"product-type-simple"},"acf":[],"wcpa_form_fields":null,"_links":{"self":[{"href":"https:\/\/www.customywear.com\/sk\/wp-json\/wp\/v2\/product\/21220","targetHints":{"allow":["GET"]}}],"collection":[{"href":"https:\/\/www.customywear.com\/sk\/wp-json\/wp\/v2\/product"}],"about":[{"href":"https:\/\/www.customywear.com\/sk\/wp-json\/wp\/v2\/types\/product"}],"replies":[{"embeddable":true,"href":"https:\/\/www.customywear.com\/sk\/wp-json\/wp\/v2\/comments?post=21220"}],"wp:featuredmedia":[{"embeddable":true,"href":"https:\/\/www.customywear.com\/sk\/wp-json\/wp\/v2\/media\/142948"}],"wp:attachment":[{"href":"https:\/\/www.customywear.com\/sk\/wp-json\/wp\/v2\/media?parent=21220"}],"wp:term":[{"taxonomy":"product_brand","embeddable":true,"href":"https:\/\/www.customywear.com\/sk\/wp-json\/wp\/v2\/product_brand?post=21220"},{"taxonomy":"product_cat","embeddable":true,"href":"https:\/\/www.customywear.com\/sk\/wp-json\/wp\/v2\/product_cat?post=21220"},{"taxonomy":"product_tag","embeddable":true,"href":"https:\/\/www.customywear.com\/sk\/wp-json\/wp\/v2\/product_tag?post=21220"}],"curies":[{"name":"wp","href":"https:\/\/api.w.org\/{rel}","templated":true}]}}