{"id":21221,"date":"2023-07-28T13:47:16","date_gmt":"2023-07-28T13:47:16","guid":{"rendered":"https:\/\/www.customywear.com\/?post_type=product&#038;p=21221"},"modified":"2026-05-05T20:23:30","modified_gmt":"2026-05-05T20:23:30","slug":"personalizovane-korejske-tricko-pre-zeny-kultura","status":"publish","type":"product","link":"https:\/\/www.customywear.com\/sk\/custom-korean-women-culture-shirt\/","title":{"rendered":"D\u00e1mske tri\u010dko s k\u00f3rejskou kult\u00farou | Personalizovan\u00e9 tradi\u010dn\u00e9 tri\u010dko"},"content":{"rendered":"<p>Ponorte sa do kr\u00e1sy k\u00f3rejskej kult\u00fary s na\u0161\u00edm \u201etri\u010dkom s k\u00f3rejskou kult\u00farou pre \u017eeny\u201c, kde va\u0161u fotografiu \u0161ikovne premen\u00edme na p\u00fatav\u00fd vektorov\u00fd portr\u00e9t, v\u010faka ktor\u00e9mu bude vyzera\u0165, akoby ste boli elegantne oble\u010den\u00ed v tradi\u010dnom k\u00f3rejskom odeve. Toto tri\u010dko na mieru predstavuje bohatstvo a dedi\u010dstvo k\u00f3rejskej kult\u00fary, a preto je zmyslupln\u00fdm a jedine\u010dn\u00fdm dar\u010dekom pre t\u00fdch, ktor\u00ed oce\u0148uj\u00fa l\u00e1kadlo cestovania a kult\u00farneho objavovania. N\u00e1\u0161 unisex dizajn tri\u010diek s kr\u00e1tkym a dlh\u00fdm ruk\u00e1vom pre dospel\u00fdch na mieru zais\u0165uje pohodln\u00e9 a \u0161t\u00fdlov\u00e9 nosenie pre ka\u017ed\u00e9ho a v\u010faka pou\u017eitiu programov Adobe Illustrator a Adobe Photoshop garantujeme vysoko kvalitn\u00e9 vektorov\u00e9 umenie, ktor\u00e9 kr\u00e1sne zachyt\u00e1va podstatu k\u00f3rejskej trad\u00edcie. \u010ci u\u017e si chcete pripomen\u00fa\u0165 \u0161peci\u00e1lny v\u00fdlet do Ju\u017enej K\u00f3rey alebo jednoducho osl\u00e1vi\u0165 \u010daro k\u00f3rejsk\u00e9ho dedi\u010dstva, toto personalizovan\u00e9 tri\u010dko je perfektnou vo\u013ebou. Navy\u0161e m\u00e1te mo\u017enos\u0165 zahrn\u00fa\u0165 do portr\u00e9tu tv\u00e1r svojho milovan\u00e9ho dom\u00e1ceho mazn\u00e1\u010dika, \u010d\u00edm dod\u00e1te dar\u010deku extra n\u00e1dych personaliz\u00e1cie. Vst\u00fapte do sveta k\u00f3rejskej kult\u00fary a prejavte svoju l\u00e1sku k cestovaniu s na\u0161\u00edm tri\u010dkom s k\u00f3rejskou kult\u00farou pre \u017eeny na mieru, ktor\u00e9 je pozoruhodnou poctou nad\u010dasov\u00e9mu l\u00e1kadlu trad\u00edcie a hist\u00f3rie.<\/p>","protected":false},"excerpt":{"rendered":"<p>Osl\u00e1vte kult\u00faru s vlastnou k\u00f3rejskou \u017eenskou kult\u00farou. Personalizovan\u00e9 tri\u010dk\u00e1 s tradi\u010dn\u00fdmi \u0161atami premenia ka\u017ed\u00fa fotografiu na jedine\u010dn\u00e9, jedine\u010dn\u00e9 tri\u010dko.<\/p>","protected":false},"featured_media":142955,"comment_status":"open","ping_status":"closed","template":"","meta":{"_acf_changed":false},"product_brand":[],"product_cat":[6191,2421,6412,6428,6355],"product_tag":[6433,2422,503,2345,102,209,112],"class_list":{"0":"post-21221","1":"product","2":"type-product","3":"status-publish","4":"has-post-thumbnail","6":"product_cat-t-shirts-women","7":"product_cat-custom-gifts-korean-culture","8":"product_cat-photo-to-tees","9":"product_cat-translate-products","10":"product_cat-womens-culture-country-t-shirts","11":"product_tag-ai-artwork","12":"product_tag-custom-arts-korean","13":"product_tag-girlfriend_gift","14":"product_tag-kpop_shirt","15":"product_tag-long_distance_gift","16":"product_tag-travel_lover_gift","17":"product_tag-women","19":"first","20":"instock","21":"taxable","22":"shipping-taxable","23":"purchasable","24":"product-type-simple"},"acf":[],"wcpa_form_fields":null,"_links":{"self":[{"href":"https:\/\/www.customywear.com\/sk\/wp-json\/wp\/v2\/product\/21221","targetHints":{"allow":["GET"]}}],"collection":[{"href":"https:\/\/www.customywear.com\/sk\/wp-json\/wp\/v2\/product"}],"about":[{"href":"https:\/\/www.customywear.com\/sk\/wp-json\/wp\/v2\/types\/product"}],"replies":[{"embeddable":true,"href":"https:\/\/www.customywear.com\/sk\/wp-json\/wp\/v2\/comments?post=21221"}],"wp:featuredmedia":[{"embeddable":true,"href":"https:\/\/www.customywear.com\/sk\/wp-json\/wp\/v2\/media\/142955"}],"wp:attachment":[{"href":"https:\/\/www.customywear.com\/sk\/wp-json\/wp\/v2\/media?parent=21221"}],"wp:term":[{"taxonomy":"product_brand","embeddable":true,"href":"https:\/\/www.customywear.com\/sk\/wp-json\/wp\/v2\/product_brand?post=21221"},{"taxonomy":"product_cat","embeddable":true,"href":"https:\/\/www.customywear.com\/sk\/wp-json\/wp\/v2\/product_cat?post=21221"},{"taxonomy":"product_tag","embeddable":true,"href":"https:\/\/www.customywear.com\/sk\/wp-json\/wp\/v2\/product_tag?post=21221"}],"curies":[{"name":"wp","href":"https:\/\/api.w.org\/{rel}","templated":true}]}}