{"id":21227,"date":"2023-07-28T13:47:20","date_gmt":"2023-07-28T13:47:20","guid":{"rendered":"https:\/\/www.customywear.com\/?post_type=product&#038;p=21227"},"modified":"2026-05-05T20:23:30","modified_gmt":"2026-05-05T20:23:30","slug":"tricko-pravnicka-zena-personalizovane","status":"publish","type":"product","link":"https:\/\/www.customywear.com\/sk\/custom-female-lawyer-shirt\/","title":{"rendered":"Z\u00e1kazkov\u00e1 ko\u0161e\u013ea pre pr\u00e1vni\u010dky | Personalizovan\u00fd dar\u010dek pre pr\u00e1vni\u010dky pre \u017eeny"},"content":{"rendered":"<p>Osl\u00e1vte v\u00fdnimo\u010dn\u00e9 \u017eeny v pr\u00e1vnickej profesii s na\u0161\u00edm \u201eTri\u010dkom pre pr\u00e1vni\u010dky na mieru\u201c, kde \u0161ikovne premen\u00edme va\u0161u fotografiu na p\u00fatav\u00fd vektorov\u00fd portr\u00e9t, v\u010faka ktor\u00e9mu budete vyzera\u0165 ako sebavedom\u00e1 a \u00faspe\u0161n\u00e1 pr\u00e1vni\u010dka. Toto personalizovan\u00e9 tri\u010dko nie je len premyslen\u00fdm dar\u010dekom, ale aj skvel\u00fdm sp\u00f4sobom, ako ucti\u0165 pr\u00e1vni\u010dky, \u010di u\u017e ide o oslavu odchodu do d\u00f4chodku, m\u00ed\u013enik alebo jednoducho na prejavenie uznania za ich oddanos\u0165 spravodlivosti a pr\u00e1vu. N\u00e1\u0161 unisex dizajn tri\u010diek s kr\u00e1tkym a dlh\u00fdm ruk\u00e1vom pre dospel\u00fdch na mieru zais\u0165uje vysok\u00fa kvalitu a pohodln\u00e9 nosenie pre v\u0161etk\u00fdch, v\u010faka \u010domu je ide\u00e1lnym dar\u010dekom pre pr\u00e1vni\u010dky v\u0161etk\u00fdch vekov\u00fdch kateg\u00f3ri\u00ed. V\u010faka odborn\u00fdm znalostiam programov Adobe Illustrator a Adobe Photoshop starostlivo vytv\u00e1rame jedine\u010dn\u00fd a p\u00fatav\u00fd dizajn, ktor\u00fd odr\u00e1\u017ea va\u0161u profesion\u00e1lnu zdatnos\u0165 a v\u00e1\u0161e\u0148 pre pr\u00e1vnu oblas\u0165. Okrem toho m\u00e1te mo\u017enos\u0165 zahrn\u00fa\u0165 do portr\u00e9tu tv\u00e1r svojho milovan\u00e9ho dom\u00e1ceho mazn\u00e1\u010dika, \u010d\u00edm dod\u00e1te dar\u010deku extra n\u00e1dych personaliz\u00e1cie. Uctite si neuverite\u013en\u00e9 \u017eeny v pr\u00e1vnickom svete s na\u0161\u00edm tri\u010dkom pre pr\u00e1vni\u010dky na mieru, zmyslupln\u00fdm a nezabudnute\u013en\u00fdm dar\u010dekom, ktor\u00fd oslavuje ich \u00faspechy a pr\u00ednos pre spolo\u010dnos\u0165.<\/p>","protected":false},"excerpt":{"rendered":"<p>Uctievajte z\u00e1kon a \u0161t\u00fdl s vlastnou d\u00e1mskou pr\u00e1vni\u010dkou. Personalizovan\u00e9 dar\u010deky pre \u017eeny premenia ak\u00fako\u013evek fotografiu na profesion\u00e1lne in\u0161pirovan\u00e9, jedine\u010dn\u00e9 tri\u010dko.<\/p>","protected":false},"featured_media":142983,"comment_status":"open","ping_status":"closed","template":"","meta":{"_acf_changed":false},"product_brand":[],"product_cat":[6191,2436,6412,6428],"product_tag":[6433,6222,1039],"class_list":{"0":"post-21227","1":"product","2":"type-product","3":"status-publish","4":"has-post-thumbnail","6":"product_cat-t-shirts-women","7":"product_cat-custom-gifts-lawyer","8":"product_cat-photo-to-tees","9":"product_cat-translate-products","10":"product_tag-ai-artwork","11":"product_tag-custom-lawyer-t-shirts","12":"product_tag-retirement_gift","14":"first","15":"instock","16":"taxable","17":"shipping-taxable","18":"purchasable","19":"product-type-simple"},"acf":[],"wcpa_form_fields":null,"_links":{"self":[{"href":"https:\/\/www.customywear.com\/sk\/wp-json\/wp\/v2\/product\/21227","targetHints":{"allow":["GET"]}}],"collection":[{"href":"https:\/\/www.customywear.com\/sk\/wp-json\/wp\/v2\/product"}],"about":[{"href":"https:\/\/www.customywear.com\/sk\/wp-json\/wp\/v2\/types\/product"}],"replies":[{"embeddable":true,"href":"https:\/\/www.customywear.com\/sk\/wp-json\/wp\/v2\/comments?post=21227"}],"wp:featuredmedia":[{"embeddable":true,"href":"https:\/\/www.customywear.com\/sk\/wp-json\/wp\/v2\/media\/142983"}],"wp:attachment":[{"href":"https:\/\/www.customywear.com\/sk\/wp-json\/wp\/v2\/media?parent=21227"}],"wp:term":[{"taxonomy":"product_brand","embeddable":true,"href":"https:\/\/www.customywear.com\/sk\/wp-json\/wp\/v2\/product_brand?post=21227"},{"taxonomy":"product_cat","embeddable":true,"href":"https:\/\/www.customywear.com\/sk\/wp-json\/wp\/v2\/product_cat?post=21227"},{"taxonomy":"product_tag","embeddable":true,"href":"https:\/\/www.customywear.com\/sk\/wp-json\/wp\/v2\/product_tag?post=21227"}],"curies":[{"name":"wp","href":"https:\/\/api.w.org\/{rel}","templated":true}]}}