{"id":21255,"date":"2023-07-28T13:47:40","date_gmt":"2023-07-28T13:47:40","guid":{"rendered":"https:\/\/www.customywear.com\/?post_type=product&#038;p=21255"},"modified":"2026-05-05T20:24:08","modified_gmt":"2026-05-05T20:24:08","slug":"panska-jazdecka-kosela-na-mieru","status":"publish","type":"product","link":"https:\/\/www.customywear.com\/sk\/custom-mens-bear-riding-shirt\/","title":{"rendered":"P\u00e1nske tri\u010dko s medve\u010fom na koni | Personalizovan\u00fd vtipn\u00fd dar\u010dek"},"content":{"rendered":"<p>Pozdvihnite svoj zmysel pre humor s na\u0161\u00edm exkluz\u00edvnym p\u00e1nskym tri\u010dkom s mot\u00edvom medve\u010fa na koni, personalizovan\u00fdm dobrodru\u017estvom, ktor\u00e9 o\u017e\u00edva v\u010faka n\u00e1padit\u00e9mu dizajnu. Na\u0161i zru\u010dn\u00ed remeseln\u00edci premenia va\u0161u fotografiu na podmaniv\u00fd vektorov\u00fd portr\u00e9t, ktor\u00fd v\u00e1s rozmarne zobrazuje jazdi\u0165 na medve\u010fovi. Toto tri\u010dko na mieru sl\u00fa\u017ei ako dojemn\u00fd a z\u00e1bavn\u00fd dar\u010dek, ktor\u00fd zachyt\u00e1va rados\u0165 z hravej fant\u00e1zie. Vyu\u017e\u00edvame kreat\u00edvne schopnosti programov Adobe Illustrator a Adobe Photoshop a vd\u00fdchneme \u017eivot va\u0161ej v\u00edzii prostredn\u00edctvom DTG tla\u010de, \u010d\u00edm zabezpe\u010dujeme \u017eiv\u00e9 a trv\u00e1cne dizajny, ktor\u00e9 podnecuj\u00fa smiech a kamar\u00e1tstvo. Presk\u00famajte v\u0161estrannos\u0165 na\u0161ej unisex kolekcie, ktor\u00e1 je ur\u010den\u00e1 pre r\u00f4zne vekov\u00e9 skupiny \u2013 od dospel\u00fdch cez ml\u00e1de\u017e, deti a\u017e po bato\u013eat\u00e1. \u010ci u\u017e oslavujete \u0161peci\u00e1lnu pr\u00edle\u017eitos\u0165, l\u00e1sku k zvierat\u00e1m alebo jednoducho prid\u00e1vate do svojho \u0161atn\u00edka n\u00e1dych rozmarnosti, na\u0161e personalizovan\u00e9 tri\u010dk\u00e1 steles\u0148uj\u00fa kreativitu a z\u00e1bavu. Uvo\u013enite silu personaliz\u00e1cie, ke\u010f sa va\u0161a fotografia dostane do centra pozornosti v tomto veselom dizajne, ktor\u00fd podporuje zmysel pre dobrodru\u017estvo a spolo\u010dn\u00e9 spomienky. Objavte \u0161irok\u00fa \u0161k\u00e1lu mo\u017enost\u00ed, pri\u010dom ka\u017ed\u00e9 tri\u010dko je pl\u00e1tnom, ktor\u00e9 zachyt\u00e1va podstatu va\u0161ej jedine\u010dnej osobnosti a z\u00e1ujmov. Za\u017eite vzru\u0161enie z darovania jedine\u010dnej spomienky, zabalenej vo vysoko kvalitnom, personalizovanom tri\u010dku, ktor\u00e9 prin\u00e1\u0161a \u00fasmev na tv\u00e1ri a smiech. Tieto tri\u010dk\u00e1 pon\u00fakaj\u00fa pr\u00edjemn\u00fd a zmyslupln\u00fd sp\u00f4sob, ako prejavi\u0165 svoju hrav\u00fa str\u00e1nku a vytvori\u0165 trval\u00e9 chv\u00edle radosti.<\/p>","protected":false},"excerpt":{"rendered":"<p>Jazdite so z\u00e1bavou vo vlastnej ko\u0161eli s p\u00e1nskymi medved\u00edkmi. Personalizovan\u00e9 vtipn\u00e9 dar\u010deky premenia ak\u00fako\u013evek fotografiu na hrav\u00e9, jedine\u010dn\u00e9 tri\u010dko.<\/p>","protected":false},"featured_media":142349,"comment_status":"open","ping_status":"closed","template":"","meta":{"_acf_changed":false},"product_brand":[],"product_cat":[6195,360,6245,186,6374,6412,6434,6428],"product_tag":[943,384,6216,492],"class_list":{"0":"post-21255","1":"product","2":"type-product","3":"status-publish","4":"has-post-thumbnail","6":"product_cat-t-shirts-men","7":"product_cat-animal-lovers","8":"product_cat-custom-gifts-bear-ride","9":"product_cat-men","10":"product_cat-mens-animal-t-shirts","11":"product_cat-photo-to-tees","12":"product_cat-t-shirts-for-men-v2","13":"product_cat-translate-products","14":"product_tag-animal_shirt","15":"product_tag-funny_shirt","16":"product_tag-mens-custom-t-shirts","17":"product_tag-teddy_bear_shirt","18":"wcpa_has_options","20":"first","21":"instock","22":"taxable","23":"shipping-taxable","24":"purchasable","25":"product-type-simple"},"acf":[],"wcpa_form_fields":{"wcpaData":{"product":{"product_price":24.99,"price_html":"<span class=\"wmc-wc-price\" ><span class=\"woocommerce-Price-amount amount\"><bdi><span class=\"woocommerce-Price-currencySymbol\">&euro;<\/span>24,99<\/bdi><\/span><span data-wmc_price_cache=\"{&quot;USD&quot;:&quot;&lt;span class=\\&quot;woocommerce-Price-amount amount\\&quot;&gt;&lt;bdi&gt;&lt;span class=\\&quot;woocommerce-Price-currencySymbol\\&quot;&gt;&amp;#36;&lt;\\\/span&gt;28,99&lt;\\\/bdi&gt;&lt;\\\/span&gt;&quot;,&quot;EUR&quot;:&quot;&lt;span class=\\&quot;woocommerce-Price-amount amount\\&quot;&gt;&lt;bdi&gt;&lt;span class=\\&quot;woocommerce-Price-currencySymbol\\&quot;&gt;&amp;euro;&lt;\\\/span&gt;24,99&lt;\\\/bdi&gt;&lt;\\\/span&gt;&quot;,&quot;CAD&quot;:&quot;&lt;span class=\\&quot;woocommerce-Price-amount amount\\&quot;&gt;&lt;bdi&gt;&lt;span class=\\&quot;woocommerce-Price-currencySymbol\\&quot;&gt;CAD$ &lt;\\\/span&gt;39,98&lt;\\\/bdi&gt;&lt;\\\/span&gt;&quot;,&quot;GBP&quot;:&quot;&lt;span class=\\&quot;woocommerce-Price-amount amount\\&quot;&gt;&lt;bdi&gt;&lt;span class=\\&quot;woocommerce-Price-currencySymbol\\&quot;&gt;&amp;pound;&lt;\\\/span&gt;21,74&lt;\\\/bdi&gt;&lt;\\\/span&gt;&quot;,&quot;PLN&quot;:&quot;&lt;span class=\\&quot;woocommerce-Price-amount amount\\&quot;&gt;&lt;bdi&gt;&lt;span class=\\&quot;woocommerce-Price-currencySymbol\\&quot;&gt;z\\u0142 &lt;\\\/span&gt;106,21&lt;\\\/bdi&gt;&lt;\\\/span&gt;&quot;,&quot;SEK&quot;:&quot;&lt;span class=\\&quot;woocommerce-Price-amount amount\\&quot;&gt;&lt;bdi&gt;&lt;span class=\\&quot;woocommerce-Price-currencySymbol\\&quot;&gt;kr &lt;\\\/span&gt;274,14&lt;\\\/bdi&gt;&lt;\\\/span&gt;&quot;,&quot;AUD&quot;:&quot;&lt;span class=\\&quot;woocommerce-Price-amount amount\\&quot;&gt;&lt;bdi&gt;&lt;span class=\\&quot;woocommerce-Price-currencySymbol\\&quot;&gt;AUD$ &lt;\\\/span&gt;40,73&lt;\\\/bdi&gt;&lt;\\\/span&gt;&quot;,&quot;JPY&quot;:&quot;&lt;span class=\\&quot;woocommerce-Price-amount amount\\&quot;&gt;&lt;bdi&gt;&lt;span class=\\&quot;woocommerce-Price-currencySymbol\\&quot;&gt;&amp;yen;&lt;\\\/span&gt;4.607,41&lt;\\\/bdi&gt;&lt;\\\/span&gt;&quot;,&quot;CZK&quot;:&quot;&lt;span class=\\&quot;woocommerce-Price-amount amount\\&quot;&gt;&lt;bdi&gt;&lt;span class=\\&quot;woocommerce-Price-currencySymbol\\&quot;&gt;K\\u010d &lt;\\\/span&gt;608,01&lt;\\\/bdi&gt;&lt;\\\/span&gt;&quot;,&quot;NZD&quot;:&quot;&lt;span class=\\&quot;woocommerce-Price-amount amount\\&quot;&gt;&lt;bdi&gt;&lt;span class=\\&quot;woocommerce-Price-currencySymbol\\&quot;&gt;NZD$ &lt;\\\/span&gt;49,73&lt;\\\/bdi&gt;&lt;\\\/span&gt;&quot;,&quot;CHF&quot;:&quot;&lt;span class=\\&quot;woocommerce-Price-amount amount\\&quot;&gt;&lt;bdi&gt;&lt;span class=\\&quot;woocommerce-Price-currencySymbol\\&quot;&gt;CHF &lt;\\\/span&gt;22,74&lt;\\\/bdi&gt;&lt;\\\/span&gt;&quot;}\" style=\"display: none;\" class=\"wmc-price-cache-list\"><\/span><\/span>","original_product_price":24.99,"price_including_tax":24.99,"price_excluding_tax":20.825,"product_id":{"parent":21255,"variation":false},"is_variable":false,"stock_status":"instock","stock_quantity":null,"parent_sku":"custom-tees-519","product_attributes":{"pa_style":{"is_variation":false,"values":["mens-t-shirt"]},"pa_customization":{"is_variation":false,"values":["add-your-photo","add-your-text-or-name","add-your-logo"]},"pa_material":{"is_variation":false,"values":["100-cotton"]},"pa_key-details":{"is_variation":false,"values":["unisex","regular-fit","premium-quality","digital-art"]},"pa_brand":{"is_variation":false,"values":["customywear"]},"pa_age-group":{"is_variation":false,"values":["adult"]},"pa_color":{"is_variation":false,"values":["black","white","navy","red"]},"pa_print-type":{"is_variation":false,"values":["dtg-print-direct-to-garment"]},"pa_gender":{"is_variation":false,"values":["male"]},"pa_size":{"is_variation":false,"values":["xs","s","m","l","xl","2xl","3xl"]}},"custom_fields":[],"is_taxable":true,"product_name":"Custom Mens Bear Riding Shirt | Personalized Funny Gift"},"fields":{"sec_1068de9b44c0f6f":{"extra":{"key":"sec_1068de9b44c0f6f","section_id":"sec_1068de9b44c0f6f","name":"T-shirt size and color","status":1,"cl_rule":"show","enableCl":false,"relations":[],"toggle":true,"title_tag":"h4","show_title":false,"showPrice":"default","form_id":137485,"form_rules":{"exclude_from_discount":false,"fee_label":"Fee","disp_hide_options_price":false,"disp_show_section_price":false,"disp_show_field_price":true,"layout_option":"standard","pric_use_as_fee":false,"process_fee_as":"woo_fee"},"layout_option":"standard"},"fields":[[{"active":true,"col":6,"relations":false,"cl_rule":"show","enableCl":false,"price":"","enablePrice":false,"className":"","label_position":"default","desc_position":"default","type":"color-group","required":false,"elementId":"color_group_4192445621","label":"Color","name":"color_group_4192445621","disp_type":"circle","values":[{"label":"Black","value":"Black","selected":false,"color":"#000000","tempId":"aco_50","gt_translate_keys":["label"]},{"label":"White","value":"White","selected":false,"color":"#ffffff","tempId":"aco_51","gt_translate_keys":["label"]},{"label":"Navy","value":"Navy","selected":false,"color":"#213a92","tempId":"aco_52","gt_translate_keys":["label"]},{"label":"Red","value":"Red","selected":false,"color":"#d0021b","tempId":"aco_123","gt_translate_keys":["label"]}],"layOut":"inline","error":false,"selection_type":"tick-border","show_selected_option":true,"adjust_width":true,"cart_display_type":"text","gt_translate_keys":["label"],"price_dependency":false,"cl_dependency":false,"value":""}],[{"active":true,"col":6,"relations":false,"cl_rule":"show","enableCl":false,"price":"","enablePrice":false,"className":"","label_position":"default","desc_position":"default","type":"radio-group","required":false,"elementId":"radio-group_068de9b44c0fb0","label":"Size ","name":"radio-group_068de9b44c0fb0","values":[{"label":"XS","value":"XS","selected":false,"tempId":"aco_80","gt_translate_keys":["label"]},{"label":"S","value":"S","selected":false,"tempId":"aco_81","gt_translate_keys":["label"]},{"label":"M","value":"M","selected":false,"tempId":"aco_82","gt_translate_keys":["label"]},{"label":"L","value":"L","selected":false,"tempId":"aco_155","gt_translate_keys":["label"]},{"label":"XL","value":"XL","selected":false,"tempId":"aco_165","gt_translate_keys":["label"]},{"label":"2Xl","value":"2Xl","selected":false,"tempId":"aco_175","gt_translate_keys":["label"]},{"label":"3XL","value":"3XL","selected":false,"tempId":"aco_185","gt_translate_keys":["label"]}],"layOut":"inline","error":false,"checkUi":"button","show_selected_option":true,"gt_translate_keys":["label"],"price_dependency":false,"cl_dependency":false,"value":""}],[{"active":true,"col":6,"relations":[{"operator":false,"rules":[{"operator":"AND","rules":{"cl_field":"select_1672e1bffc57b9","cl_relation":"is_empty","cl_val":true}}]}],"cl_rule":"hide","enableCl":false,"price":"","enablePrice":false,"className":"","label_position":"default","desc_position":"default","type":"file","required":false,"elementId":"file_868de9b44c0fc8","name":"file_868de9b44c0fc8","label":"Upload your photo(s)","upload_type":"droppable","uploadSize":"50","file_types":["images","docs","design"],"exts_supported":[],"error":false,"hideImageIn_email":true,"multiple_upload":true,"max_file_count":"25","tooltip":"Please upload clear photos where the person is looking directly at the camera","cartLabel":"Photo(s)","allowedFileTypes":"image\/*,.doc,.docx,.xml,.dot,.docm,.dotm,.dotx,.htm,.html,.odt,.pdf,.rtf,.txt,.wps,.xps,application\/msword,application\/vnd,.psd,.eps,.ai,.indd,.raw","gt_translate_keys":["label","tooltip"],"price_dependency":false,"cl_dependency":false,"value":""}],[{"active":true,"col":6,"relations":false,"cl_rule":"show","enableCl":false,"price":"","enablePrice":false,"className":"","label_position":"default","desc_position":"default","type":"checkbox","required":false,"elementId":"checkbox_268de9b44c0fdd","label":"View more options","name":"checkbox_268de9b44c0fdd","value":"","check_value":"Yes","checkUi":"","error":false,"hideFieldIn_cart":true,"hideFieldIn_order":true,"gt_translate_keys":["label","value","check_value"],"price_dependency":false,"cl_dependency":["text_068de9b44c0fef","radio-group_368de9b44c1005","radio-group_868de9b44c101a"]}],[{"active":true,"col":6,"relations":[{"operator":false,"rules":[{"operator":"AND","rules":{"cl_field":"checkbox_268de9b44c0fdd","cl_relation":"is","cl_val":true}}]}],"cl_rule":"show","enableCl":true,"price":"","enablePrice":false,"className":"","label_position":"default","desc_position":"default","type":"text","subtype":"text","required":false,"elementId":"text_068de9b44c0fef","label":"Add text to your T-shirt design (optional)","name":"text_068de9b44c0fef","value":"","error":false,"tooltip":"Your text will be added to the top or bottom of the T-shirt design.","placeholder":"eg: \"Michael: The best man ever\"","cartLabel":"Text","gt_translate_keys":["label","placeholder","value","tooltip"],"price_dependency":false,"cl_dependency":false}],[{"active":true,"col":6,"relations":[{"operator":false,"rules":[{"operator":"AND","rules":{"cl_field":"checkbox_268de9b44c0fdd","cl_relation":"is","cl_val":true}}]}],"cl_rule":"show","enableCl":true,"price":"","enablePrice":false,"className":"","label_position":"default","desc_position":"default","type":"radio-group","required":true,"elementId":"radio-group_368de9b44c1005","label":"Select t-shirt print location","name":"radio-group_368de9b44c1005","values":[{"label":"Front Side","value":"Front Side","selected":true,"tempId":"aco_5504","gt_translate_keys":["label"]},{"label":"Back Side","value":"Back Side","selected":false,"tempId":"aco_5505","gt_translate_keys":["label"]}],"layOut":"inline","error":false,"checkUi":"","hideFieldIn_cart":false,"cartLabel":"Print location","gt_translate_keys":["label"],"price_dependency":false,"cl_dependency":false,"value":""}],[{"active":true,"col":6,"relations":[{"operator":false,"rules":[{"operator":"AND","rules":{"cl_field":"checkbox_268de9b44c0fdd","cl_relation":"is","cl_val":true}}]}],"cl_rule":"show","enableCl":true,"price":"","enablePrice":false,"className":"","label_position":"default","desc_position":"default","type":"radio-group","required":false,"elementId":"radio-group_868de9b44c101a","label":"Would you like to review the design before printing?","name":"radio-group_868de9b44c101a","values":[{"label":"No","value":"No","selected":true,"tempId":"aco_6274","gt_translate_keys":["label"]},{"label":"Yes","value":"Yes","selected":false,"tempId":"aco_6275","price":"","gt_translate_keys":["label"]}],"layOut":"inline","error":false,"checkUi":"","priceOptions":"different_for_all","pricingType":"fixed","use_as_fee":false,"fee_label":"Preview Image","tooltip":"If yes, we\u2019ll email you a preview of the design before printing. This may add 1-2 days to delivery time.*","hideFieldIn_cart":true,"gt_translate_keys":["label","tooltip"],"price_dependency":false,"cl_dependency":["content_968de9b44c102d"],"value":""}],[{"active":true,"col":6,"relations":[{"operator":false,"rules":[{"operator":"AND","rules":{"cl_field":"radio-group_868de9b44c101a","cl_relation":"is","cl_val":"Yes"}}]}],"cl_rule":"show","enableCl":true,"price":"","enablePrice":false,"className":"","label_position":"default","desc_position":"default","type":"content","required":false,"elementId":"content_968de9b44c102d","label":"","name":"content_968de9b44c102d","contentType":"plain","value":"Please check your inbox, including Spam or other folders, within 1-2 business days for the preview image","error":false,"subtype":"p","hideFieldIn_cart":true,"hideFieldIn_order":true,"gt_translate_keys":["label","value"],"price_dependency":false,"cl_dependency":false}]]}},"config":{"price_override":"","enable_recaptcha":false,"bind_quantity":false,"quantity_bind_formula":false,"disp_summ_show_option_price":false,"disp_summ_show_product_price":false,"disp_summ_show_total_price":false,"disp_summ_show_fee":false,"disp_summ_show_discount":false,"summary_title":"","options_total_label":"Options Price","total_label":"Total","options_product_label":"Product Price","fee_label":"Fee","discount_label":"Discount","has_price":true,"has_quantity_formula":false},"mc_unit":1,"tax_rate":1,"tax_rate_real":0,"discount":{"percentage":0,"fixed":0},"design":{"conf":{"LabelPosition":"above","DescPosition":"above","UploadField":"default","QuantityFieldStyle":"default"},"css":{"LeftLabelWidth":"120px"}},"formulas":[],"clones":false,"cartKey":false}},"_links":{"self":[{"href":"https:\/\/www.customywear.com\/sk\/wp-json\/wp\/v2\/product\/21255","targetHints":{"allow":["GET"]}}],"collection":[{"href":"https:\/\/www.customywear.com\/sk\/wp-json\/wp\/v2\/product"}],"about":[{"href":"https:\/\/www.customywear.com\/sk\/wp-json\/wp\/v2\/types\/product"}],"replies":[{"embeddable":true,"href":"https:\/\/www.customywear.com\/sk\/wp-json\/wp\/v2\/comments?post=21255"}],"wp:featuredmedia":[{"embeddable":true,"href":"https:\/\/www.customywear.com\/sk\/wp-json\/wp\/v2\/media\/142349"}],"wp:attachment":[{"href":"https:\/\/www.customywear.com\/sk\/wp-json\/wp\/v2\/media?parent=21255"}],"wp:term":[{"taxonomy":"product_brand","embeddable":true,"href":"https:\/\/www.customywear.com\/sk\/wp-json\/wp\/v2\/product_brand?post=21255"},{"taxonomy":"product_cat","embeddable":true,"href":"https:\/\/www.customywear.com\/sk\/wp-json\/wp\/v2\/product_cat?post=21255"},{"taxonomy":"product_tag","embeddable":true,"href":"https:\/\/www.customywear.com\/sk\/wp-json\/wp\/v2\/product_tag?post=21255"}],"curies":[{"name":"wp","href":"https:\/\/api.w.org\/{rel}","templated":true}]}}