{"id":21258,"date":"2023-07-28T13:47:43","date_gmt":"2023-07-28T13:47:43","guid":{"rendered":"https:\/\/www.customywear.com\/?post_type=product&#038;p=21258"},"modified":"2026-05-07T15:29:51","modified_gmt":"2026-05-07T15:29:51","slug":"personalizovane-detske-tricko-s-morskou-pannou","status":"publish","type":"product","link":"https:\/\/www.customywear.com\/sk\/personalized-mermaid-girl-youth-shirt\/","title":{"rendered":"Personalizovan\u00e9 detsk\u00e9 tri\u010dko s morskou pannou | Tri\u010dko na podvodn\u00e9 dobrodru\u017estvo na mieru"},"content":{"rendered":"<p>Ponorte sa do sveta fant\u00e1zie s na\u0161\u00edm \u201ePersonalizovan\u00fdm detsk\u00fdm tri\u010dkom s mot\u00edvom morskej panny\u201c, kde sa fotografia v\u00e1\u0161ho die\u0165a\u0165a premen\u00ed na p\u00fatav\u00fa vektorov\u00fa ilustr\u00e1ciu pomocou programu Adobe Illustrator. Sledujte, ako sa va\u0161e die\u0165atko na tomto tri\u010dku na mieru premen\u00ed na p\u00f4vabn\u00fa morsk\u00fa pannu, ktor\u00e1 sk\u00fama hlbiny oce\u00e1nu. Tento o\u010daruj\u00faci dizajn sl\u00fa\u017ei ako perfektn\u00fd in\u0161pirat\u00edvny dar\u010dek pre mlad\u00e9, n\u00e1padit\u00e9 mysle, ktor\u00e9 s\u00fa uchv\u00e1ten\u00e9 mystick\u00fdm svetom morsk\u00fdch panien. Na\u0161i sk\u00fasen\u00ed dizajn\u00e9ri pracuj\u00fa s programami Adobe Illustrator a Adobe Photoshop na vytv\u00e1ran\u00ed vysokokvalitnej vektorovej grafiky, ktor\u00e1 o\u017eivuje fant\u00e1ziu morsk\u00fdch panien \u017eiariv\u00fdmi farbami a prepracovan\u00fdmi detailmi. Technika tla\u010de DTG zais\u0165uje, \u017ee dizajn zostane \u017eiv\u00fd a odoln\u00fd aj po nespo\u010detn\u00fdch dobrodru\u017estv\u00e1ch. Toto unisex tri\u010dko je dostupn\u00e9 pre v\u0161etky vekov\u00e9 skupiny vr\u00e1tane dospel\u00fdch, ml\u00e1de\u017ee, det\u00ed a batoliat, v\u010faka \u010domu je pr\u00edjemn\u00fdm prekvapen\u00edm pre cel\u00fa rodinu. Okrem toho pon\u00fakame mo\u017enos\u0165 personaliz\u00e1cie dizajnu s akouko\u013evek \u013eudskou alebo zvieracou tv\u00e1rou, \u010d\u00edm tomuto rozko\u0161n\u00e9mu tri\u010dku s mot\u00edvom morskej panny dod\u00e1me \u010fal\u0161\u00ed n\u00e1dych m\u00e1gie a jedine\u010dnosti.<\/p>","protected":false},"excerpt":{"rendered":"<p>Presk\u00famajte more s personalizovan\u00fdm tri\u010dkom pre ml\u00e1de\u017e z morskej panny. Vlastn\u00e9 podvodn\u00e9 dobrodru\u017en\u00e9 tri\u010dk\u00e1 premenia ak\u00fako\u013evek fotografiu na hrav\u00e9, jedine\u010dn\u00e9 tri\u010dko.<\/p>","protected":false},"featured_media":143011,"comment_status":"open","ping_status":"closed","template":"","meta":{"_acf_changed":false},"product_brand":[],"product_cat":[6193,1615,6412,6428],"product_tag":[6433,6439,6331,1616,65,1617,1618,2457,156],"class_list":{"0":"post-21258","1":"product","2":"type-product","3":"status-publish","4":"has-post-thumbnail","6":"product_cat-girls-t-shirts","7":"product_cat-custom-gifts-mermaid","8":"product_cat-photo-to-tees","9":"product_cat-translate-products","10":"product_tag-ai-artwork","11":"product_tag-ai-kids-artwork","12":"product_tag-custom-picture-t-shirt-for-girls","13":"product_tag-custom-arts-mermaid","14":"product_tag-kid","15":"product_tag-mermaid_gifts","16":"product_tag-mermaid_shirt","17":"product_tag-ocean_shirt","18":"product_tag-youth-girl","20":"first","21":"instock","22":"taxable","23":"shipping-taxable","24":"purchasable","25":"product-type-simple"},"acf":[],"wcpa_form_fields":null,"_links":{"self":[{"href":"https:\/\/www.customywear.com\/sk\/wp-json\/wp\/v2\/product\/21258","targetHints":{"allow":["GET"]}}],"collection":[{"href":"https:\/\/www.customywear.com\/sk\/wp-json\/wp\/v2\/product"}],"about":[{"href":"https:\/\/www.customywear.com\/sk\/wp-json\/wp\/v2\/types\/product"}],"replies":[{"embeddable":true,"href":"https:\/\/www.customywear.com\/sk\/wp-json\/wp\/v2\/comments?post=21258"}],"wp:featuredmedia":[{"embeddable":true,"href":"https:\/\/www.customywear.com\/sk\/wp-json\/wp\/v2\/media\/143011"}],"wp:attachment":[{"href":"https:\/\/www.customywear.com\/sk\/wp-json\/wp\/v2\/media?parent=21258"}],"wp:term":[{"taxonomy":"product_brand","embeddable":true,"href":"https:\/\/www.customywear.com\/sk\/wp-json\/wp\/v2\/product_brand?post=21258"},{"taxonomy":"product_cat","embeddable":true,"href":"https:\/\/www.customywear.com\/sk\/wp-json\/wp\/v2\/product_cat?post=21258"},{"taxonomy":"product_tag","embeddable":true,"href":"https:\/\/www.customywear.com\/sk\/wp-json\/wp\/v2\/product_tag?post=21258"}],"curies":[{"name":"wp","href":"https:\/\/api.w.org\/{rel}","templated":true}]}}