{"id":21302,"date":"2023-07-28T13:48:37","date_gmt":"2023-07-28T13:48:37","guid":{"rendered":"https:\/\/www.customywear.com\/?post_type=product&#038;p=21302"},"modified":"2026-05-07T15:29:49","modified_gmt":"2026-05-07T15:29:49","slug":"kosela-kralovskej-gardy","status":"publish","type":"product","link":"https:\/\/www.customywear.com\/sk\/queens-royal-guard-shirt\/","title":{"rendered":"Postavte sa vzpriamene s kr\u00e1\u013eovnami: Diev\u010densk\u00e9 tri\u010dko kr\u00e1\u013eovskej gardy na mieru \u2013 personalizovan\u00e9 detsk\u00e9 tri\u010dko"},"content":{"rendered":"<p>Doprajte svojim drobcom kreat\u00edvny dizajn detsk\u00fdch tri\u010diek s kr\u00e1tkym a dlh\u00fdm ruk\u00e1vom. S fotografiou v\u00e1\u0161ho die\u0165a\u0165a odborne vytvor\u00edme v programe Adobe Illustrator p\u00fatav\u00fa vektorov\u00fa grafiku a premen\u00edme ho na hrd\u00e9ho a vzne\u0161en\u00e9ho \u010dlena kr\u00e1\u013eovskej gardy. Toto personalizovan\u00e9 tri\u010dko na mieru je perfektn\u00fdm dar\u010dekom pre deti, ktor\u00fd do ich \u0161atn\u00edka dod\u00e1 n\u00e1dych humoru a vzru\u0161enia. Na\u0161a DTG potla\u010d zais\u0165uje vysokokvalitn\u00fa vektorov\u00fa grafiku, v\u010faka \u010domu je tri\u010dko vhodn\u00e9 pre dospel\u00fdch aj deti. Toto unisex tri\u010dko je dostupn\u00e9 v r\u00f4znych ve\u013ekostiach pre ml\u00e1de\u017e, bato\u013eat\u00e1 a dospel\u00fdch a je mo\u017en\u00e9 ho \u010falej personalizova\u0165 za\u010dlenen\u00edm \u013eudsk\u00fdch a zvierac\u00edch tv\u00e1r\u00ed, \u010d\u00edm vznikne skuto\u010dne jedine\u010dn\u00fd k\u00fasok. Postavte sa vzpriamene a pridajte sa ku kr\u00e1\u013eovsk\u00fdm radom s na\u0161\u00edm diev\u010densk\u00fdm tri\u010dkom Kr\u00e1\u013eovskej gardy, ktor\u00e9 podporuje kreativitu a podporuje pocit hrdosti a hravosti. S d\u00f4kladnou pozornos\u0165ou k detailom sa zav\u00e4zujeme dod\u00e1va\u0165 produkt, ktor\u00fd vyvol\u00e1va rados\u0165 a vz\u00e1cne spomienky. Ak m\u00e1te ak\u00e9ko\u013evek ot\u00e1zky alebo potrebujete pomoc, nev\u00e1hajte n\u00e1s kontaktova\u0165. Sme tu, aby sme vytvorili personalizovan\u00e9 tri\u010dko, v\u010faka ktor\u00e9mu sa va\u0161e die\u0165atko bude c\u00edti\u0165 ako skuto\u010dn\u00fd \u010dlen kr\u00e1\u013eovskej rodiny!<\/p>","protected":false},"excerpt":{"rendered":"<p>Postavte sa vysoko s kr\u00e1\u013eovnami vo vlastnej diev\u010denskej ko\u0161eli Royal Guard. Personalizovan\u00e9 ml\u00e1de\u017en\u00edcke tri\u010dk\u00e1 premenia ka\u017ed\u00fa fotografiu na odv\u00e1\u017ene, jedine\u010dn\u00e9 tri\u010dko.<\/p>","protected":false},"featured_media":143053,"comment_status":"open","ping_status":"closed","template":"","meta":{"_acf_changed":false},"product_brand":[],"product_cat":[6193,2999,6412,6428],"product_tag":[6433,6439,64,65,3051,70,156],"class_list":{"0":"post-21302","1":"product","2":"type-product","3":"status-publish","4":"has-post-thumbnail","6":"product_cat-girls-t-shirts","7":"product_cat-custom-gifts-royal-guard","8":"product_cat-photo-to-tees","9":"product_cat-translate-products","10":"product_tag-ai-artwork","11":"product_tag-ai-kids-artwork","12":"product_tag-country_shirts","13":"product_tag-kid","14":"product_tag-london_shirt","15":"product_tag-travel_gift","16":"product_tag-youth-girl","18":"first","19":"instock","20":"taxable","21":"shipping-taxable","22":"purchasable","23":"product-type-simple"},"acf":[],"wcpa_form_fields":null,"_links":{"self":[{"href":"https:\/\/www.customywear.com\/sk\/wp-json\/wp\/v2\/product\/21302","targetHints":{"allow":["GET"]}}],"collection":[{"href":"https:\/\/www.customywear.com\/sk\/wp-json\/wp\/v2\/product"}],"about":[{"href":"https:\/\/www.customywear.com\/sk\/wp-json\/wp\/v2\/types\/product"}],"replies":[{"embeddable":true,"href":"https:\/\/www.customywear.com\/sk\/wp-json\/wp\/v2\/comments?post=21302"}],"wp:featuredmedia":[{"embeddable":true,"href":"https:\/\/www.customywear.com\/sk\/wp-json\/wp\/v2\/media\/143053"}],"wp:attachment":[{"href":"https:\/\/www.customywear.com\/sk\/wp-json\/wp\/v2\/media?parent=21302"}],"wp:term":[{"taxonomy":"product_brand","embeddable":true,"href":"https:\/\/www.customywear.com\/sk\/wp-json\/wp\/v2\/product_brand?post=21302"},{"taxonomy":"product_cat","embeddable":true,"href":"https:\/\/www.customywear.com\/sk\/wp-json\/wp\/v2\/product_cat?post=21302"},{"taxonomy":"product_tag","embeddable":true,"href":"https:\/\/www.customywear.com\/sk\/wp-json\/wp\/v2\/product_tag?post=21302"}],"curies":[{"name":"wp","href":"https:\/\/api.w.org\/{rel}","templated":true}]}}