{"id":21307,"date":"2023-07-28T13:48:40","date_gmt":"2023-07-28T13:48:40","guid":{"rendered":"https:\/\/www.customywear.com\/?post_type=product&#038;p=21307"},"modified":"2026-05-07T15:29:49","modified_gmt":"2026-05-07T15:29:49","slug":"chlapcenska-kosela-kralovskej-straze-londyn-tricko","status":"publish","type":"product","link":"https:\/\/www.customywear.com\/sk\/royal-guard-boys-shirt-london-tee\/","title":{"rendered":"Kr\u00e1\u013eov mal\u00fd str\u00e1\u017eca: Chlap\u010densk\u00e9 tri\u010dko Kr\u00e1\u013eovskej gardy na mieru \u2013 personalizovan\u00e9 lond\u00fdnske tri\u010dko"},"content":{"rendered":"<p>Predstavujeme v\u00e1m n\u00e1\u0161 kreat\u00edvny dizajn detsk\u00fdch tri\u010diek s kr\u00e1tkym a dlh\u00fdm ruk\u00e1vom, v ktor\u00fdch sa va\u0161e die\u0165atko s n\u00e1dychom m\u00e1gie premen\u00ed na kr\u00e1\u013eovsk\u00fa gardu. Na\u0161i zru\u010dn\u00ed umelci vytvoria s pou\u017eit\u00edm fotografie v\u00e1\u0161ho die\u0165a\u0165a p\u00fatav\u00fa vektorov\u00fa grafiku, ktor\u00e1 ho premen\u00ed na hrd\u00e9ho a stato\u010dn\u00e9ho \u010dlena kr\u00e1\u013eovskej cis\u00e1rskej gardy. Toto chlap\u010densk\u00e9 tri\u010dko na mieru sl\u00fa\u017ei ako pr\u00edjemn\u00fd a vtipn\u00fd dar\u010dek pre mlad\u00fdch, ktor\u00fdch fascinuj\u00fa ikonick\u00e9 kr\u00e1\u013eovsk\u00e9 gardy a majest\u00e1tne mesto Lond\u00fdn. Na\u0161a DTG potla\u010d zaru\u010duje, \u017ee tri\u010dk\u00e1 s\u00fa vysokej kvality, unisex a vhodn\u00e9 pre dospel\u00fdch, ml\u00e1de\u017e, deti aj bato\u013eat\u00e1, v\u010faka \u010domu s\u00fa perfektn\u00e9 pre v\u0161etky vekov\u00e9 kateg\u00f3rie. Na kreslenie n\u00e1dhern\u00fdch dizajnov, ktor\u00e9 s\u00fa jedine\u010dn\u00e9 a prisp\u00f4soben\u00e9 jedine\u010dnosti v\u00e1\u0161ho die\u0165a\u0165a, pou\u017e\u00edvame \u0161tandardn\u00fd softv\u00e9r, ako je Adobe Illustrator a Adobe Photoshop. Toto tri\u010dko s lond\u00fdnskou tematikou je mo\u017en\u00e9 personalizova\u0165 \u013eudsk\u00fdmi a zvierac\u00edmi tv\u00e1rami, \u010d\u00edm sa stane vz\u00e1cnym suven\u00edrom pre v\u00e1\u0161ho mal\u00e9ho str\u00e1\u017ecu a jeho chlpat\u00fdch priate\u013eov. Vychutnajte si \u010daro n\u00e1\u0161ho chlap\u010densk\u00e9ho tri\u010dka Kr\u00e1\u013eovskej gardy, ktor\u00e9 je poctou nad\u010dasov\u00fdm trad\u00edci\u00e1m Lond\u00fdna a nezabudnute\u013en\u00fdm dar\u010dekom pre mlad\u00fdch dobrodruhov vo va\u0161om \u017eivote. Ak m\u00e1te ak\u00e9ko\u013evek ot\u00e1zky alebo potrebujete \u010fal\u0161iu pomoc, nev\u00e1hajte n\u00e1s kontaktova\u0165 a my v\u00e1m poskytneme personalizovan\u00fd z\u00e1\u017eitok, ktor\u00fd prekon\u00e1 va\u0161e o\u010dak\u00e1vania.<\/p>","protected":false},"excerpt":{"rendered":"<p>Str\u00e1\u017ete si s hrdos\u0165ou na z\u00e1kazkov\u00fa chlap\u010densk\u00fa ko\u0161e\u013eu Royal Guard. Personalizovan\u00e9 lond\u00fdnske tri\u010dk\u00e1 premenia ka\u017ed\u00fa fotografiu na odv\u00e1\u017ene, jedine\u010dn\u00e9 tri\u010dko.<\/p>","protected":false},"featured_media":143046,"comment_status":"open","ping_status":"closed","template":"","meta":{"_acf_changed":false},"product_brand":[],"product_cat":[6189,2999,6412,6428],"product_tag":[6433,6439,64,65,3051,70,73],"class_list":{"0":"post-21307","1":"product","2":"type-product","3":"status-publish","4":"has-post-thumbnail","6":"product_cat-boys-t-shirts","7":"product_cat-custom-gifts-royal-guard","8":"product_cat-photo-to-tees","9":"product_cat-translate-products","10":"product_tag-ai-artwork","11":"product_tag-ai-kids-artwork","12":"product_tag-country_shirts","13":"product_tag-kid","14":"product_tag-london_shirt","15":"product_tag-travel_gift","16":"product_tag-youth-boy","18":"first","19":"instock","20":"taxable","21":"shipping-taxable","22":"purchasable","23":"product-type-simple"},"acf":[],"wcpa_form_fields":null,"_links":{"self":[{"href":"https:\/\/www.customywear.com\/sk\/wp-json\/wp\/v2\/product\/21307","targetHints":{"allow":["GET"]}}],"collection":[{"href":"https:\/\/www.customywear.com\/sk\/wp-json\/wp\/v2\/product"}],"about":[{"href":"https:\/\/www.customywear.com\/sk\/wp-json\/wp\/v2\/types\/product"}],"replies":[{"embeddable":true,"href":"https:\/\/www.customywear.com\/sk\/wp-json\/wp\/v2\/comments?post=21307"}],"wp:featuredmedia":[{"embeddable":true,"href":"https:\/\/www.customywear.com\/sk\/wp-json\/wp\/v2\/media\/143046"}],"wp:attachment":[{"href":"https:\/\/www.customywear.com\/sk\/wp-json\/wp\/v2\/media?parent=21307"}],"wp:term":[{"taxonomy":"product_brand","embeddable":true,"href":"https:\/\/www.customywear.com\/sk\/wp-json\/wp\/v2\/product_brand?post=21307"},{"taxonomy":"product_cat","embeddable":true,"href":"https:\/\/www.customywear.com\/sk\/wp-json\/wp\/v2\/product_cat?post=21307"},{"taxonomy":"product_tag","embeddable":true,"href":"https:\/\/www.customywear.com\/sk\/wp-json\/wp\/v2\/product_tag?post=21307"}],"curies":[{"name":"wp","href":"https:\/\/api.w.org\/{rel}","templated":true}]}}