{"id":21319,"date":"2023-07-28T13:48:48","date_gmt":"2023-07-28T13:48:48","guid":{"rendered":"https:\/\/www.customywear.com\/?post_type=product&#038;p=21319"},"modified":"2026-05-07T15:29:49","modified_gmt":"2026-05-07T15:29:49","slug":"skotske-chlapcenske-tricko-na-mieru","status":"publish","type":"product","link":"https:\/\/www.customywear.com\/sk\/custom-scottish-boy-shirt\/","title":{"rendered":"Prijmite \u0161k\u00f3tske dedi\u010dstvo s na\u0161ou ko\u0161e\u013eou na mieru pre \u0161k\u00f3tskych chlapcov"},"content":{"rendered":"<p>Ponorte svoje die\u0165a do o\u010daruj\u00faceho sveta \u0160k\u00f3tska s na\u0161\u00edm \u0161k\u00f3tskym chlap\u010densk\u00fdm tri\u010dkom na mieru! Pomocou tla\u010de DTG a vysokokvalitnej vektorovej grafiky \u0161ikovne premen\u00edme fotografiu v\u00e1\u0161ho die\u0165a\u0165a na p\u00fatav\u00fa ilustr\u00e1ciu, ktor\u00e1 bude vyzera\u0165, akoby malo na sebe tradi\u010dn\u00fd \u0161k\u00f3tsky odev. Toto kreat\u00edvne a personalizovan\u00e9 detsk\u00e9 tri\u010dko s kr\u00e1tkym a dlh\u00fdm ruk\u00e1vom je dokonal\u00fdm dar\u010dekom pre mlad\u00fdch nad\u0161encov cestovania, ktor\u00ed si hlboko v\u00e1\u017eia r\u00f4zne kult\u00fary a s\u00fa o\u010daren\u00ed \u010darom \u0160k\u00f3tska. Oslavujte l\u00e1sku svojho die\u0165a\u0165a k \u0161k\u00f3tskemu dedi\u010dstvu alebo jeho fascin\u00e1ciu bohat\u00fdmi trad\u00edciami a zvykmi tejto eur\u00f3pskej krajiny. Na\u0161e unisex tri\u010dko je dostupn\u00e9 pre chlapcov aj diev\u010dat\u00e1, \u010d\u00edm zabezpe\u010d\u00edte, \u017ee va\u0161e die\u0165a m\u00f4\u017ee hrdo predvies\u0165 svoj jedine\u010dn\u00fd \u0161t\u00fdl a z\u00e1ujmy. \u010ci u\u017e m\u00e1 \u0161k\u00f3tske korene, alebo jednoducho zbo\u017e\u0148uje kult\u00farne bohatstvo \u0160k\u00f3tska, na\u0161e \u0161k\u00f3tske chlap\u010densk\u00e9 tri\u010dko bude cenen\u00fdm doplnkom jeho \u0161atn\u00edka a hmatate\u013en\u00fdm stelesnen\u00edm jeho individuality. Objavte k\u00fazlo \u0160k\u00f3tska s t\u00fdmto v\u00fdnimo\u010dn\u00fdm tri\u010dkom na mieru a nechajte fant\u00e1ziu v\u00e1\u0161ho die\u0165a\u0165a be\u017ea\u0165 naplno!<\/p>","protected":false},"excerpt":{"rendered":"<p>Osl\u00e1vte dedi\u010dstvo s vlastnou \u0161k\u00f3tskou chlap\u010denskou ko\u0161e\u013eou. Personalizovan\u00e9 tri\u010dk\u00e1 premenia ak\u00fako\u013evek fotografiu na jedine\u010dn\u00e9 tri\u010dko in\u0161pirovan\u00e9 trad\u00edciou.<\/p>","protected":false},"featured_media":143102,"comment_status":"open","ping_status":"closed","template":"","meta":{"_acf_changed":false},"product_brand":[],"product_cat":[6189,3018,6412,6428],"product_tag":[6433,6439,64,65,67,3021,73],"class_list":{"0":"post-21319","1":"product","2":"type-product","3":"status-publish","4":"has-post-thumbnail","6":"product_cat-boys-t-shirts","7":"product_cat-custom-gifts-scottish-culture","8":"product_cat-photo-to-tees","9":"product_cat-translate-products","10":"product_tag-ai-artwork","11":"product_tag-ai-kids-artwork","12":"product_tag-country_shirts","13":"product_tag-kid","14":"product_tag-kids_birthday_shirt","15":"product_tag-scottish-art","16":"product_tag-youth-boy","18":"first","19":"instock","20":"taxable","21":"shipping-taxable","22":"purchasable","23":"product-type-simple"},"acf":[],"wcpa_form_fields":null,"_links":{"self":[{"href":"https:\/\/www.customywear.com\/sk\/wp-json\/wp\/v2\/product\/21319","targetHints":{"allow":["GET"]}}],"collection":[{"href":"https:\/\/www.customywear.com\/sk\/wp-json\/wp\/v2\/product"}],"about":[{"href":"https:\/\/www.customywear.com\/sk\/wp-json\/wp\/v2\/types\/product"}],"replies":[{"embeddable":true,"href":"https:\/\/www.customywear.com\/sk\/wp-json\/wp\/v2\/comments?post=21319"}],"wp:featuredmedia":[{"embeddable":true,"href":"https:\/\/www.customywear.com\/sk\/wp-json\/wp\/v2\/media\/143102"}],"wp:attachment":[{"href":"https:\/\/www.customywear.com\/sk\/wp-json\/wp\/v2\/media?parent=21319"}],"wp:term":[{"taxonomy":"product_brand","embeddable":true,"href":"https:\/\/www.customywear.com\/sk\/wp-json\/wp\/v2\/product_brand?post=21319"},{"taxonomy":"product_cat","embeddable":true,"href":"https:\/\/www.customywear.com\/sk\/wp-json\/wp\/v2\/product_cat?post=21319"},{"taxonomy":"product_tag","embeddable":true,"href":"https:\/\/www.customywear.com\/sk\/wp-json\/wp\/v2\/product_tag?post=21319"}],"curies":[{"name":"wp","href":"https:\/\/api.w.org\/{rel}","templated":true}]}}