{"id":21414,"date":"2023-07-28T13:49:59","date_gmt":"2023-07-28T13:49:59","guid":{"rendered":"https:\/\/www.customywear.com\/?post_type=product&#038;p=21414"},"modified":"2026-05-05T20:23:29","modified_gmt":"2026-05-05T20:23:29","slug":"tricko-zeny-bbq-na-mieru","status":"publish","type":"product","link":"https:\/\/www.customywear.com\/sk\/personalized-womens-bbq-shirt\/","title":{"rendered":"Personalized Women&#8217;s BBQ Shirt &#8211; Custom BBQ Lover Tees for mom, wife, girlfriend"},"content":{"rendered":"<p>Rozp\u00e1\u013ete gril a vychutnajte si chu\u0165 s na\u0161\u00edm personalizovan\u00fdm d\u00e1mskym tri\u010dkom s grilovan\u00edm, tri\u010dkom na mieru navrhnut\u00fdm pre milovn\u00edkov grilovania v\u0161etk\u00fdch vekov\u00fdch kateg\u00f3ri\u00ed vr\u00e1tane dospel\u00fdch, ml\u00e1de\u017ee, det\u00ed a batoliat! S pou\u017eit\u00edm va\u0161ej fotografie odborne vytvor\u00edme p\u00fatav\u00fd vektorov\u00fd portr\u00e9t, v\u010faka ktor\u00e9mu budete vyzera\u0165 ako dokonal\u00fd majster grilovania, ponoren\u00fd do grilovania. Toto unisex tri\u010dko s kr\u00e1tkym a dlh\u00fdm ruk\u00e1vom pre dospel\u00fdch na mieru predstavuje na\u0161u pr\u00e9miov\u00fa kresbu, v\u010faka \u010domu je perfektn\u00fdm dar\u010dekom pre ka\u017ed\u00e9ho, kto m\u00e1 r\u00e1d umenie grilovania. Na\u0161e tri\u010dko je vyroben\u00e9 s prec\u00edznos\u0165ou pomocou technol\u00f3gie tla\u010de DTG, zaru\u010duje vynikaj\u00facu kvalitu a \u017eiariv\u00e9 farby a poskytuje pohodln\u00e9 nosenie pre ka\u017ed\u00e9ho. Tieto tri\u010dk\u00e1 je navy\u0161e mo\u017en\u00e9 \u010falej personalizova\u0165 s akouko\u013evek \u013eudskou alebo zvieracou tv\u00e1rou, \u010d\u00edm sa vytvor\u00ed skuto\u010dne jedine\u010dn\u00fd suven\u00edr pre milovn\u00edkov grilovania. Vychutnajte si chu\u0165 grilovania a urobte ka\u017ed\u00e9 grilovanie nezabudnute\u013en\u00fdm s va\u0161\u00edm personalizovan\u00fdm d\u00e1mskym tri\u010dkom s grilovan\u00edm! Zap\u00e1\u013ete svoju v\u00e1\u0161e\u0148 pre grilovanie s na\u0161\u00edm personalizovan\u00fdm d\u00e1mskym tri\u010dkom s grilovan\u00edm, tri\u010dkom na mieru navrhnut\u00fdm pre milovn\u00edkov grilovania v\u0161etk\u00fdch vekov\u00fdch kateg\u00f3ri\u00ed vr\u00e1tane dospel\u00fdch, ml\u00e1de\u017ee, det\u00ed a batoliat! Pomocou va\u0161ej fotografie odborne vytvor\u00edme p\u00fatav\u00fd vektorov\u00fd portr\u00e9t, v\u010faka ktor\u00e9mu budete vyzera\u0165 ako dokonal\u00fd majster grilovania, ponoren\u00fd do grilova\u010dky. Toto unisex tri\u010dko s kr\u00e1tkym a dlh\u00fdm ruk\u00e1vom pre dospel\u00fdch na mieru predstavuje na\u0161u pr\u00e9miov\u00fa kresbu, v\u010faka \u010domu je perfektn\u00fdm dar\u010dekom pre ka\u017ed\u00e9ho, kto m\u00e1 r\u00e1d umenie grilovania. Na\u0161e tri\u010dko je vyroben\u00e9 s prec\u00edznou technol\u00f3giou tla\u010de DTG, zaru\u010duje vynikaj\u00facu kvalitu a \u017eiv\u00e9 farby a poskytuje pohodln\u00e9 nosenie pre ka\u017ed\u00e9ho. Tieto tri\u010dk\u00e1 je navy\u0161e mo\u017en\u00e9 \u010falej personalizova\u0165 s akouko\u013evek \u013eudskou alebo zvieracou tv\u00e1rou, \u010d\u00edm sa vytvor\u00ed skuto\u010dne jedine\u010dn\u00fd suven\u00edr pre milovn\u00edkov grilovania. Vychutnajte si chute grilovania a urobte ka\u017ed\u00e9 grilovanie nezabudnute\u013en\u00fdm s va\u0161\u00edm d\u00e1mskym tri\u010dkom BBQ na mieru!<\/p>","protected":false},"excerpt":{"rendered":"<p>Grill in style with a Personalized Women&#8217;s BBQ Shirt. Custom BBQ Lover Tees turn any photo into a playful, unique t-shirt.<\/p>","protected":false},"featured_media":142552,"comment_status":"open","ping_status":"closed","template":"","meta":{"_acf_changed":false},"product_brand":[],"product_cat":[6191,291,6412,307,6428,6356],"product_tag":[6433,293,561,298,112],"class_list":{"0":"post-21414","1":"product","2":"type-product","3":"status-publish","4":"has-post-thumbnail","6":"product_cat-t-shirts-women","7":"product_cat-custom-gifts-bbq","8":"product_cat-photo-to-tees","9":"product_cat-summer","10":"product_cat-translate-products","11":"product_cat-womens-summer-t-shirts","12":"product_tag-ai-artwork","13":"product_tag-bbq-tees","14":"product_tag-camping_shirt","15":"product_tag-outdoor_shirt","16":"product_tag-women","18":"first","19":"instock","20":"taxable","21":"shipping-taxable","22":"purchasable","23":"product-type-simple"},"acf":[],"wcpa_form_fields":null,"_links":{"self":[{"href":"https:\/\/www.customywear.com\/sk\/wp-json\/wp\/v2\/product\/21414","targetHints":{"allow":["GET"]}}],"collection":[{"href":"https:\/\/www.customywear.com\/sk\/wp-json\/wp\/v2\/product"}],"about":[{"href":"https:\/\/www.customywear.com\/sk\/wp-json\/wp\/v2\/types\/product"}],"replies":[{"embeddable":true,"href":"https:\/\/www.customywear.com\/sk\/wp-json\/wp\/v2\/comments?post=21414"}],"wp:featuredmedia":[{"embeddable":true,"href":"https:\/\/www.customywear.com\/sk\/wp-json\/wp\/v2\/media\/142552"}],"wp:attachment":[{"href":"https:\/\/www.customywear.com\/sk\/wp-json\/wp\/v2\/media?parent=21414"}],"wp:term":[{"taxonomy":"product_brand","embeddable":true,"href":"https:\/\/www.customywear.com\/sk\/wp-json\/wp\/v2\/product_brand?post=21414"},{"taxonomy":"product_cat","embeddable":true,"href":"https:\/\/www.customywear.com\/sk\/wp-json\/wp\/v2\/product_cat?post=21414"},{"taxonomy":"product_tag","embeddable":true,"href":"https:\/\/www.customywear.com\/sk\/wp-json\/wp\/v2\/product_tag?post=21414"}],"curies":[{"name":"wp","href":"https:\/\/api.w.org\/{rel}","templated":true}]}}