{"id":21423,"date":"2023-07-28T13:50:22","date_gmt":"2023-07-28T13:50:22","guid":{"rendered":"https:\/\/www.customywear.com\/?post_type=product&#038;p=21423"},"modified":"2026-05-05T20:24:07","modified_gmt":"2026-05-05T20:24:07","slug":"zapasnik-muz-zapasnicke-tricko","status":"publish","type":"product","link":"https:\/\/www.customywear.com\/sk\/wrestler-man-wrestling-shirt\/","title":{"rendered":"Z\u00e1pasn\u00edcke tri\u010dko pre mu\u017eov"},"content":{"rendered":"<p>Preme\u0148te sa na nezastavite\u013en\u00fa z\u00e1pasn\u00edcku silu s na\u0161\u00edm z\u00e1pasn\u00edckym tri\u010dkom na mieru. N\u00e1\u0161 talentovan\u00fd t\u00edm umelcov v\u00e1s odfot\u00ed a \u0161ikovne vytvor\u00ed postavu z\u00e1pasn\u00edka, v\u010faka ktorej budete vyzera\u0165 ako skuto\u010dn\u00fd \u0161ampi\u00f3n. S d\u00f4razom na detail a prec\u00edznos\u0165 zachyt\u00e1vame podstatu sily a sily v ka\u017edom dizajne.<\/p>\n<p>Na\u0161e tri\u010dk\u00e1 s\u00fa vyroben\u00e9 z vysoko kvalitn\u00fdch materi\u00e1lov, s\u00fa pohodln\u00e9 a odoln\u00e9, ide\u00e1lne na predvedenie v\u00e1\u0161ho z\u00e1pasn\u00edckeho alter ega na podujatiach alebo na ka\u017edodenn\u00e9 nosenie. Prebu\u010fte svojho vn\u00fatorn\u00e9ho bojovn\u00edka a urobte vyhl\u00e1senie s na\u0161\u00edm z\u00e1pasn\u00edckym tri\u010dkom na mieru, ktor\u00e9 ohrom\u00ed ka\u017ed\u00e9ho svojou impozantnou pr\u00edtomnos\u0165ou.<\/p>","protected":false},"excerpt":{"rendered":"<p>Z\u00e1paste \u0161t\u00fdlovo s ko\u0161e\u013eou Wrestler Man Wrestling. Vlastn\u00e9 tri\u010dk\u00e1 premie\u0148aj\u00fa fotografie na odv\u00e1\u017ene, atletick\u00e9 dizajny.<\/p>","protected":false},"featured_media":143261,"comment_status":"open","ping_status":"closed","template":"","meta":{"_acf_changed":false},"product_brand":[],"product_cat":[6195,526,186,6339,6412,6428],"product_tag":[6433,6217,6165,546,6216],"class_list":{"0":"post-21423","1":"product","2":"type-product","3":"status-publish","4":"has-post-thumbnail","6":"product_cat-t-shirts-men","7":"product_cat-gym-shirts","8":"product_cat-men","9":"product_cat-mens-sports-t-shirts","10":"product_cat-photo-to-tees","11":"product_cat-translate-products","12":"product_tag-ai-artwork","13":"product_tag-custom-t-shirt","14":"product_tag-custom-gym-tees","15":"product_tag-gym","16":"product_tag-mens-custom-t-shirts","18":"first","19":"instock","20":"taxable","21":"shipping-taxable","22":"purchasable","23":"product-type-simple"},"acf":[],"wcpa_form_fields":null,"_links":{"self":[{"href":"https:\/\/www.customywear.com\/sk\/wp-json\/wp\/v2\/product\/21423","targetHints":{"allow":["GET"]}}],"collection":[{"href":"https:\/\/www.customywear.com\/sk\/wp-json\/wp\/v2\/product"}],"about":[{"href":"https:\/\/www.customywear.com\/sk\/wp-json\/wp\/v2\/types\/product"}],"replies":[{"embeddable":true,"href":"https:\/\/www.customywear.com\/sk\/wp-json\/wp\/v2\/comments?post=21423"}],"wp:featuredmedia":[{"embeddable":true,"href":"https:\/\/www.customywear.com\/sk\/wp-json\/wp\/v2\/media\/143261"}],"wp:attachment":[{"href":"https:\/\/www.customywear.com\/sk\/wp-json\/wp\/v2\/media?parent=21423"}],"wp:term":[{"taxonomy":"product_brand","embeddable":true,"href":"https:\/\/www.customywear.com\/sk\/wp-json\/wp\/v2\/product_brand?post=21423"},{"taxonomy":"product_cat","embeddable":true,"href":"https:\/\/www.customywear.com\/sk\/wp-json\/wp\/v2\/product_cat?post=21423"},{"taxonomy":"product_tag","embeddable":true,"href":"https:\/\/www.customywear.com\/sk\/wp-json\/wp\/v2\/product_tag?post=21423"}],"curies":[{"name":"wp","href":"https:\/\/api.w.org\/{rel}","templated":true}]}}