{"id":23281,"date":"2023-09-06T15:06:50","date_gmt":"2023-09-06T15:06:50","guid":{"rendered":"https:\/\/www.customywear.com\/?post_type=product&#038;p=23281"},"modified":"2026-05-05T20:00:26","modified_gmt":"2026-05-05T20:00:26","slug":"tricko-par-halloween-na-mieru","status":"publish","type":"product","link":"https:\/\/www.customywear.com\/sk\/personalized-halloween-couples-tee\/","title":{"rendered":"Osobn\u00e9 Halloween p\u00e1r T-Shirt: Postra\u0161i\u0165 svojich Priate\u013eov s Prisp\u00f4soben\u00e9ho tees"},"content":{"rendered":"<h2>Pripravte sa na spestrenie v\u00e1\u0161ho Halloweenu s na\u0161\u00edm personalizovan\u00fdm halloweenskym tri\u010dkom pre p\u00e1ry!<\/h2>\n<p>U\u017e v\u00e1s nebav\u00ed ka\u017ed\u00fd rok nosi\u0165 tie ist\u00e9 oby\u010dajn\u00e9 halloweenske kost\u00fdmy? Chcete vynikn\u00fa\u0165 z davu a poriadne vystra\u0161i\u0165 svojich priate\u013eov? U\u017e neh\u013eadajte! Na\u0161e tri\u010dk\u00e1 na mieru s\u00fa perfektn\u00fdm rie\u0161en\u00edm pre ka\u017ed\u00e9ho, kto si chce osvoji\u0165 ducha Halloweenu jedine\u010dn\u00fdm a personalizovan\u00fdm sp\u00f4sobom. S na\u0161imi tri\u010dkami sa m\u00f4\u017eete premeni\u0165 na postavu z v\u00e1\u0161ho ob\u013e\u00faben\u00e9ho hororu alebo si jednoducho zahra\u0165 stra\u0161ideln\u00fd dizajn tekvice. A \u010do je najlep\u0161ie? Nakresl\u00edme v\u00e1m fotografie a urob\u00edme tak, aby ste vyzerali, akoby ste mali na sebe stra\u0161ideln\u00e9 halloweenske kost\u00fdmy. Predstavte si v\u00fdraz na tv\u00e1rach va\u0161ich priate\u013eov, ke\u010f v\u00e1s uvidia premenen\u00fdch na krvila\u010dn\u00e9ho up\u00edra alebo zl\u00fa \u010darodejnicu!<\/p>\n<h3>Vysokokvalitn\u00fd dizajn a tla\u010d<\/h3>\n<p>V na\u0161om \u0161t\u00fadiu pou\u017e\u00edvame Adobe Illustrator a Adobe Photoshop na vytv\u00e1ranie \u00fa\u017easn\u00fdch vektorov\u00fdch grafick\u00fdch prvkov z va\u0161ich fotografi\u00ed. Na\u0161i sk\u00fasen\u00ed dizajn\u00e9ri venuj\u00fa pozornos\u0165 ka\u017ed\u00e9mu detailu a zabezpe\u010duj\u00fa, aby va\u0161e personalizovan\u00e9 halloweenske tri\u010dko bolo skuto\u010dn\u00fdm umeleck\u00fdm dielom. N\u00e1sledne vyu\u017e\u00edvame najmodernej\u0161iu technol\u00f3giu tla\u010de DTG, aby sme v\u00e1\u0161 n\u00e1vrh vd\u00fdchli \u017eivotu na vysoko kvalitnom tri\u010dku. Na\u0161e tri\u010dk\u00e1 s\u00fa nielen vizu\u00e1lne p\u00f4sobiv\u00e9, ale s\u00fa aj neuverite\u013ene pohodln\u00e9 na nosenie. S\u00fa vyroben\u00e9 z prvotriednych materi\u00e1lov, s\u00fa m\u00e4kk\u00e9, priedu\u0161n\u00e9 a odoln\u00e9. \u010ci u\u017e sa z\u00fa\u010dast\u0148ujete halloweenskej p\u00e1rty, idete koledova\u0165 alebo len tak le\u0148o\u0161\u00edte doma, na\u0161e tri\u010dk\u00e1 v\u00e1m poskytn\u00fa \u0161t\u00fdlov\u00fd a stra\u0161ideln\u00fd vzh\u013ead cel\u00fa noc.<\/p>\n<h3>K dispoz\u00edcii pre cel\u00fa rodinu<\/h3>\n<p>Na\u0161e personalizovan\u00e9 halloweenske tri\u010dk\u00e1 nie s\u00fa len pre dospel\u00fdch. Pon\u00fakame ve\u013ekosti pre ml\u00e1de\u017e, deti aj bato\u013eat\u00e1, tak\u017ee sa k z\u00e1bave m\u00f4\u017ee zapoji\u0165 cel\u00e1 rodina. Predstavte si ten rozko\u0161n\u00fd poh\u013ead na va\u0161e ratolesti oble\u010den\u00e9 ako mini pr\u00ed\u0161erky alebo drobn\u00e9 tekvice! S na\u0161imi tri\u010dkami sa Halloween stane rodinnou z\u00e1le\u017eitos\u0165ou, ktor\u00fa si m\u00f4\u017ee u\u017ei\u0165 ka\u017ed\u00fd.<\/p>\n<h3>Nekone\u010dn\u00e9 mo\u017enosti personaliz\u00e1cie<\/h3>\n<p>Jednou z najzauj\u00edmavej\u0161\u00edch vlastnost\u00ed na\u0161ich tri\u010diek je mo\u017enos\u0165 ich personaliz\u00e1cie pomocou vlastn\u00fdch fotografi\u00ed. Nielen\u017ee si m\u00f4\u017eete necha\u0165 premeni\u0165 svoju tv\u00e1r na stra\u0161ideln\u00fa postavu, ale m\u00f4\u017eete do nej zahrn\u00fa\u0165 aj svojho milovan\u00e9ho dom\u00e1ceho mazn\u00e1\u010dika. Predstavte si t\u00fa veselos\u0165, ke\u010f si v\u00e1\u0161 pes alebo ma\u010dka oble\u010die up\u00edrsky pl\u00e1\u0161\u0165 alebo \u010darodejn\u00edcky klob\u00fak! Personaliz\u00e1cia sa v\u0161ak t\u00fdm nekon\u010d\u00ed. Pon\u00fakame \u0161irok\u00fa \u0161k\u00e1lu dizajnov, z ktor\u00fdch si m\u00f4\u017eete vybra\u0165, vr\u00e1tane hororov\u00fdch mot\u00edvov, tekvicov\u00fdch mot\u00edvov a dokonca aj halloweenskeho tri\u010dka Charlieho Browna pre v\u0161etk\u00fdch fan\u00fa\u0161ikov seri\u00e1lu Peanuts. Bez oh\u013eadu na v\u00e1\u0161 \u0161t\u00fdl alebo preferencie m\u00e1me dizajn, ktor\u00fd vyhovie v\u00e1\u0161mu vkusu.<\/p>\n<h3>Z\u00edskajte svoje personalizovan\u00e9 halloweenske tri\u010dko e\u0161te dnes!<\/h3>\n<p>Tento rok sa neuspokojte s oby\u010dajn\u00fdmi halloweenskymi kost\u00fdmami. Vyniknite z davu a vystra\u0161te svojich priate\u013eov s na\u0161\u00edm personalizovan\u00fdm halloweenskym tri\u010dkom. V\u010faka vysoko kvalitn\u00e9mu dizajnu, pohodln\u00e9mu strihu a nekone\u010dn\u00fdm mo\u017enostiam personaliz\u00e1cie s\u00fa na\u0161e tri\u010dk\u00e1 perfektnou vo\u013ebou pre ka\u017ed\u00e9ho, kto chce tento Halloween zanecha\u0165 dojem. Objednajte si svoje personalizovan\u00e9 halloweenske tri\u010dko e\u0161te dnes a pripravte sa vystra\u0161i\u0165, ohromi\u0165 a za\u017ei\u0165 stra\u0161ideln\u00fa z\u00e1bavu! <\/p>","protected":false},"excerpt":{"rendered":"<p>Z\u00edskajte Spooky spolu s personalizovan\u00fdm tri\u010dkom Halloween Couple. Vlastn\u00e9 tri\u010dk\u00e1 premie\u0148aj\u00fa fotografie na zodpovedaj\u00face stra\u0161n\u00e9 vzory.<\/p>","protected":false},"featured_media":97492,"comment_status":"open","ping_status":"closed","template":"","meta":{"_acf_changed":false},"product_brand":[],"product_cat":[6197,2229,186,6412,6428],"product_tag":[1322,1325,2233,2239,2243,2245],"class_list":{"0":"post-23281","1":"product","2":"type-product","3":"status-publish","4":"has-post-thumbnail","6":"product_cat-t-shirts-couple","7":"product_cat-custom-gifts-halloween","8":"product_cat-men","9":"product_cat-photo-to-tees","10":"product_cat-translate-products","11":"product_tag-custom-bride-gift","12":"product_tag-custom-shirt-maker","13":"product_tag-halloween-shirt","14":"product_tag-pumpkin-shirt","15":"product_tag-skeleton-t-shirt","16":"product_tag-spirit-halloween-shirts","17":"wcpa_has_options","19":"first","20":"instock","21":"taxable","22":"shipping-taxable","23":"purchasable","24":"product-type-simple"},"acf":[],"wcpa_form_fields":{"wcpaData":{"product":{"product_price":24.99,"price_html":"<span class=\"wmc-wc-price\" ><span class=\"woocommerce-Price-amount amount\"><bdi><span class=\"woocommerce-Price-currencySymbol\">&euro;<\/span>24,99<\/bdi><\/span><span data-wmc_price_cache=\"{&quot;USD&quot;:&quot;&lt;span class=\\&quot;woocommerce-Price-amount amount\\&quot;&gt;&lt;bdi&gt;&lt;span class=\\&quot;woocommerce-Price-currencySymbol\\&quot;&gt;&amp;#36;&lt;\\\/span&gt;29,49&lt;\\\/bdi&gt;&lt;\\\/span&gt;&quot;,&quot;EUR&quot;:&quot;&lt;span class=\\&quot;woocommerce-Price-amount amount\\&quot;&gt;&lt;bdi&gt;&lt;span class=\\&quot;woocommerce-Price-currencySymbol\\&quot;&gt;&amp;euro;&lt;\\\/span&gt;24,99&lt;\\\/bdi&gt;&lt;\\\/span&gt;&quot;,&quot;CAD&quot;:&quot;&lt;span class=\\&quot;woocommerce-Price-amount amount\\&quot;&gt;&lt;bdi&gt;&lt;span class=\\&quot;woocommerce-Price-currencySymbol\\&quot;&gt;CAD$ &lt;\\\/span&gt;40,23&lt;\\\/bdi&gt;&lt;\\\/span&gt;&quot;,&quot;GBP&quot;:&quot;&lt;span class=\\&quot;woocommerce-Price-amount amount\\&quot;&gt;&lt;bdi&gt;&lt;span class=\\&quot;woocommerce-Price-currencySymbol\\&quot;&gt;&amp;pound;&lt;\\\/span&gt;21,49&lt;\\\/bdi&gt;&lt;\\\/span&gt;&quot;,&quot;PLN&quot;:&quot;&lt;span class=\\&quot;woocommerce-Price-amount amount\\&quot;&gt;&lt;bdi&gt;&lt;span class=\\&quot;woocommerce-Price-currencySymbol\\&quot;&gt;z\\u0142 &lt;\\\/span&gt;105,96&lt;\\\/bdi&gt;&lt;\\\/span&gt;&quot;,&quot;SEK&quot;:&quot;&lt;span class=\\&quot;woocommerce-Price-amount amount\\&quot;&gt;&lt;bdi&gt;&lt;span class=\\&quot;woocommerce-Price-currencySymbol\\&quot;&gt;kr &lt;\\\/span&gt;271,14&lt;\\\/bdi&gt;&lt;\\\/span&gt;&quot;,&quot;AUD&quot;:&quot;&lt;span class=\\&quot;woocommerce-Price-amount amount\\&quot;&gt;&lt;bdi&gt;&lt;span class=\\&quot;woocommerce-Price-currencySymbol\\&quot;&gt;AUD$ &lt;\\\/span&gt;40,48&lt;\\\/bdi&gt;&lt;\\\/span&gt;&quot;,&quot;JPY&quot;:&quot;&lt;span class=\\&quot;woocommerce-Price-amount amount\\&quot;&gt;&lt;bdi&gt;&lt;span class=\\&quot;woocommerce-Price-currencySymbol\\&quot;&gt;&amp;yen;&lt;\\\/span&gt;4.625,15&lt;\\\/bdi&gt;&lt;\\\/span&gt;&quot;,&quot;CZK&quot;:&quot;&lt;span class=\\&quot;woocommerce-Price-amount amount\\&quot;&gt;&lt;bdi&gt;&lt;span class=\\&quot;woocommerce-Price-currencySymbol\\&quot;&gt;K\\u010d &lt;\\\/span&gt;608,01&lt;\\\/bdi&gt;&lt;\\\/span&gt;&quot;,&quot;NZD&quot;:&quot;&lt;span class=\\&quot;woocommerce-Price-amount amount\\&quot;&gt;&lt;bdi&gt;&lt;span class=\\&quot;woocommerce-Price-currencySymbol\\&quot;&gt;NZD$ &lt;\\\/span&gt;49,23&lt;\\\/bdi&gt;&lt;\\\/span&gt;&quot;,&quot;CHF&quot;:&quot;&lt;span class=\\&quot;woocommerce-Price-amount amount\\&quot;&gt;&lt;bdi&gt;&lt;span class=\\&quot;woocommerce-Price-currencySymbol\\&quot;&gt;CHF &lt;\\\/span&gt;22,99&lt;\\\/bdi&gt;&lt;\\\/span&gt;&quot;}\" style=\"display: none;\" class=\"wmc-price-cache-list\"><\/span><\/span>","original_product_price":24.99,"price_including_tax":24.99,"price_excluding_tax":20.825,"product_id":{"parent":23281,"variation":false},"is_variable":false,"stock_status":"instock","stock_quantity":null,"parent_sku":"cw1122333","product_attributes":{"pa_color":{"is_variation":false,"values":["black","white","navy","red"]},"pa_style":{"is_variation":false,"values":["couple-t-shirt"]},"pa_customization":{"is_variation":false,"values":["add-your-photo","add-your-text-or-name","add-your-logo"]},"pa_material":{"is_variation":false,"values":["100-cotton"]},"pa_key-details":{"is_variation":false,"values":["unisex","regular-fit","premium-quality","digital-art"]},"pa_brand":{"is_variation":false,"values":["customywear"]},"pa_age-group":{"is_variation":false,"values":["adult"]},"pa_size":{"is_variation":false,"values":["xs","s","m","l","xl","2xl","3xl"]},"pa_print-type":{"is_variation":false,"values":["dtg-print-direct-to-garment"]},"pa_gender":{"is_variation":false,"values":["unisex"]}},"custom_fields":[],"is_taxable":true,"product_name":"Personalized Halloween couple T-Shirt: Scare Your Friends with Customized tees"},"fields":{"sec_668d392cdb359a":{"extra":{"key":"sec_668d392cdb359a","section_id":"sec_668d392cdb359a","name":"T-shirt size and color","status":1,"cl_rule":"show","enableCl":false,"relations":[],"toggle":true,"title_tag":"h4","show_title":false,"showPrice":"default","form_id":137337,"form_rules":{"exclude_from_discount":false,"fee_label":"Fee","disp_hide_options_price":false,"disp_show_section_price":false,"disp_show_field_price":true,"layout_option":"standard","pric_use_as_fee":false,"process_fee_as":"woo_fee"},"layout_option":"standard"},"fields":[[{"active":true,"col":6,"relations":false,"cl_rule":"show","enableCl":false,"price":"","enablePrice":false,"className":"","label_position":"default","desc_position":"default","type":"color-group","required":false,"elementId":"color_group_6231271873","label":"Color","name":"color_group_6231271873","disp_type":"circle","values":[{"label":"Black","value":"Black","selected":false,"color":"#000000","tempId":"aco_909","gt_translate_keys":["label"]},{"label":"White","value":"White","selected":false,"color":"#ffffff","tempId":"aco_910","gt_translate_keys":["label"]},{"label":"Navy","value":"Navy","selected":false,"color":"#213a92","tempId":"aco_911","gt_translate_keys":["label"]},{"label":"Red","value":"Red","selected":false,"color":"#d0021b","tempId":"aco_1102","gt_translate_keys":["label"]}],"layOut":"inline","error":false,"tooltip":"Pick your preferred T-shirt color","selection_type":"tick-border","show_selected_option":true,"adjust_width":true,"show_label_inside":false,"cart_display_type":"text","gt_translate_keys":["label","tooltip"],"price_dependency":false,"cl_dependency":false,"value":""}],[{"active":true,"col":6,"relations":false,"cl_rule":"show","enableCl":false,"price":"","enablePrice":false,"className":"","label_position":"default","desc_position":"default","type":"radio-group","required":false,"elementId":"radio-group_068d392cdb35d9","label":"Size ","name":"radio-group_068d392cdb35d9","values":[{"label":"XS","value":"XS","selected":false,"tempId":"aco_128","gt_translate_keys":["label"]},{"label":"S","value":"S","selected":false,"tempId":"aco_129","gt_translate_keys":["label"]},{"label":"M","value":"M","selected":false,"tempId":"aco_130","gt_translate_keys":["label"]},{"label":"L","value":"L","selected":false,"tempId":"aco_212","gt_translate_keys":["label"]},{"label":"XL","value":"XL","selected":false,"tempId":"aco_222","gt_translate_keys":["label"]},{"label":"2XL","value":"2XL","selected":false,"tempId":"aco_286","gt_translate_keys":["label"]},{"label":"3XL","value":"3XL","selected":false,"tempId":"aco_350","gt_translate_keys":["label"]}],"layOut":"inline","error":false,"checkUi":"button","tooltip":"Choose your T-shirt size \u2013 suitable for both men and women.","show_selected_option":true,"gt_translate_keys":["label","tooltip"],"price_dependency":false,"cl_dependency":false,"value":""}],[{"active":true,"col":6,"relations":[{"operator":false,"rules":[{"operator":"AND","rules":{"cl_field":"select_1672e1bffc57b9","cl_relation":"is_empty","cl_val":true}}]}],"cl_rule":"hide","enableCl":false,"price":"","enablePrice":false,"className":"","label_position":"default","desc_position":"default","type":"file","required":false,"elementId":"file_968d392cdb35ef","name":"file_968d392cdb35ef","label":"Upload your photo(s)","upload_type":"droppable","uploadSize":"50","file_types":["images","docs","design"],"exts_supported":["jpg","jpeg","png","gif","webp","pdf","PSD"],"error":false,"hideImageIn_email":true,"multiple_upload":true,"max_file_count":"25","tooltip":"Upload a couple's photo or separate photos; we will combine both individuals together.","cartLabel":"Photo(s)","allowedFileTypes":".jpg,.jpeg,.png,.gif,.webp,.pdf,.PSD,image\/*,.doc,.docx,.xml,.dot,.docm,.dotm,.dotx,.htm,.html,.odt,.rtf,.txt,.wps,.xps,application\/msword,application\/vnd,.psd,.eps,.ai,.indd,.raw","gt_translate_keys":["label","tooltip"],"price_dependency":false,"cl_dependency":false,"value":""}],[{"active":true,"col":6,"relations":false,"cl_rule":"show","enableCl":false,"price":"","enablePrice":false,"className":"","label_position":"default","desc_position":"default","type":"checkbox","required":false,"elementId":"checkbox_468d392cdb360a","label":"View more options","name":"checkbox_468d392cdb360a","value":"","check_value":"Yes","checkUi":"","error":false,"hideFieldIn_cart":true,"hideFieldIn_order":true,"gt_translate_keys":["label","value","check_value"],"price_dependency":false,"cl_dependency":["text_868d392cdb366a","radio-group_268d392cdb3682","radio-group_368d392cdb3697"]}],[{"active":true,"col":6,"relations":[{"operator":false,"rules":[{"operator":"AND","rules":{"cl_field":"checkbox_468d392cdb360a","cl_relation":"is","cl_val":true}}]}],"cl_rule":"show","enableCl":true,"price":"","enablePrice":false,"className":"","label_position":"default","desc_position":"default","type":"text","subtype":"text","required":false,"elementId":"text_868d392cdb366a","label":"Add text to your T-shirt design (optional)","name":"text_868d392cdb366a","value":"","error":false,"tooltip":"Your text will be added to the top or bottom of the T-shirt design.","placeholder":"eg: Emma & John: Best Couple Ever","cartLabel":"Text","gt_translate_keys":["label","placeholder","value","tooltip"],"price_dependency":false,"cl_dependency":false}],[{"active":true,"col":6,"relations":[{"operator":false,"rules":[{"operator":"AND","rules":{"cl_field":"checkbox_468d392cdb360a","cl_relation":"is","cl_val":true}}]}],"cl_rule":"show","enableCl":true,"price":"","enablePrice":false,"className":"","label_position":"default","desc_position":"default","type":"radio-group","required":true,"elementId":"radio-group_268d392cdb3682","label":"Select t-shirt print location","name":"radio-group_268d392cdb3682","values":[{"label":"Front Side","value":"Front Side","selected":true,"tempId":"aco_5504","gt_translate_keys":["label"]},{"label":"Back Side","value":"Back Side","selected":false,"tempId":"aco_5505","gt_translate_keys":["label"]}],"layOut":"inline","error":false,"checkUi":"","cartLabel":"Print location","gt_translate_keys":["label"],"price_dependency":false,"cl_dependency":false,"value":""}],[{"active":true,"col":6,"relations":[{"operator":false,"rules":[{"operator":"AND","rules":{"cl_field":"checkbox_468d392cdb360a","cl_relation":"is","cl_val":true}}]}],"cl_rule":"show","enableCl":true,"price":"","enablePrice":false,"className":"","label_position":"default","desc_position":"default","type":"radio-group","required":false,"elementId":"radio-group_368d392cdb3697","label":"Would you like to review the design before printing?","name":"radio-group_368d392cdb3697","values":[{"label":"No","value":"No","selected":true,"tempId":"aco_6274","gt_translate_keys":["label"]},{"label":"Yes","value":"Yes","selected":false,"tempId":"aco_6275","price":"","gt_translate_keys":["label"]}],"layOut":"inline","error":false,"checkUi":"","priceOptions":"different_for_all","pricingType":"fixed","use_as_fee":false,"fee_label":"Preview Image","tooltip":"If yes, we\u2019ll email you a preview of the design before printing. This may add 1-2 days to delivery time.*","cartLabel":"Preview Image","hideFieldIn_cart":true,"hideFieldIn_order":false,"gt_translate_keys":["label","tooltip"],"price_dependency":false,"cl_dependency":["content_068d392cdb36ab"],"value":""}],[{"active":true,"col":6,"relations":[{"operator":false,"rules":[{"operator":"AND","rules":{"cl_field":"radio-group_368d392cdb3697","cl_relation":"is","cl_val":"Yes"}}]}],"cl_rule":"show","enableCl":true,"price":"","enablePrice":false,"className":"","label_position":"default","desc_position":"default","type":"content","required":false,"elementId":"content_068d392cdb36ab","label":"","name":"content_068d392cdb36ab","contentType":"plain","value":"Please check your inbox, including Spam or other folders, within 1-2 business days for the preview image","error":false,"subtype":"p","hideFieldIn_cart":true,"hideFieldIn_order":true,"gt_translate_keys":["label","value"],"price_dependency":false,"cl_dependency":false}]]}},"config":{"price_override":"","enable_recaptcha":false,"bind_quantity":false,"quantity_bind_formula":false,"disp_summ_show_option_price":false,"disp_summ_show_product_price":false,"disp_summ_show_total_price":false,"disp_summ_show_fee":false,"disp_summ_show_discount":false,"summary_title":"","options_total_label":"Options Price","total_label":"Total","options_product_label":"Product Price","fee_label":"Fee","discount_label":"Discount","has_price":true,"has_quantity_formula":false},"mc_unit":1,"tax_rate":1,"tax_rate_real":0,"discount":{"percentage":0,"fixed":0},"design":{"conf":{"LabelPosition":"above","DescPosition":"above","UploadField":"default","QuantityFieldStyle":"default"},"css":{"LeftLabelWidth":"120px"}},"formulas":[],"clones":false,"cartKey":false}},"_links":{"self":[{"href":"https:\/\/www.customywear.com\/sk\/wp-json\/wp\/v2\/product\/23281","targetHints":{"allow":["GET"]}}],"collection":[{"href":"https:\/\/www.customywear.com\/sk\/wp-json\/wp\/v2\/product"}],"about":[{"href":"https:\/\/www.customywear.com\/sk\/wp-json\/wp\/v2\/types\/product"}],"replies":[{"embeddable":true,"href":"https:\/\/www.customywear.com\/sk\/wp-json\/wp\/v2\/comments?post=23281"}],"wp:featuredmedia":[{"embeddable":true,"href":"https:\/\/www.customywear.com\/sk\/wp-json\/wp\/v2\/media\/97492"}],"wp:attachment":[{"href":"https:\/\/www.customywear.com\/sk\/wp-json\/wp\/v2\/media?parent=23281"}],"wp:term":[{"taxonomy":"product_brand","embeddable":true,"href":"https:\/\/www.customywear.com\/sk\/wp-json\/wp\/v2\/product_brand?post=23281"},{"taxonomy":"product_cat","embeddable":true,"href":"https:\/\/www.customywear.com\/sk\/wp-json\/wp\/v2\/product_cat?post=23281"},{"taxonomy":"product_tag","embeddable":true,"href":"https:\/\/www.customywear.com\/sk\/wp-json\/wp\/v2\/product_tag?post=23281"}],"curies":[{"name":"wp","href":"https:\/\/api.w.org\/{rel}","templated":true}]}}