{"id":34275,"date":"2024-04-23T06:34:27","date_gmt":"2024-04-23T06:34:27","guid":{"rendered":"https:\/\/www.customywear.com\/?post_type=product&#038;p=34275"},"modified":"2026-05-05T20:24:07","modified_gmt":"2026-05-05T20:24:07","slug":"klasicke-surfove-kosele","status":"publish","type":"product","link":"https:\/\/www.customywear.com\/sk\/classic-surf-shirts\/","title":{"rendered":"Klasick\u00e9 surfov\u00e9 tri\u010dk\u00e1 \u2013 jazdite na vln\u00e1ch s tri\u010dkami na mieru"},"content":{"rendered":"<p><span data-sheets-root=\"1\" data-sheets-value=\"{&quot;1&quot;:2,&quot;2&quot;:&quot;Classic Surf Shirts: Dive into nostalgia with our custom classic surf tees! We'll transform your photo into a retro-inspired surfing scene, capturing the essence of old-school surf culture right on your shirt. Whether you're hitting the beach or chilling with friends, stand out with our classic surf shirts.&quot;}\" data-sheets-userformat=\"{&quot;2&quot;:897,&quot;3&quot;:{&quot;1&quot;:0},&quot;10&quot;:1,&quot;11&quot;:3,&quot;12&quot;:0}\">Klasick\u00e9 surfov\u00e9 tri\u010dk\u00e1: Ponorte sa do nostalgie s na\u0161imi klasick\u00fdmi surfov\u00fdmi tri\u010dkami na mieru! Premen\u00edme va\u0161u fotografiu na retro surfov\u00fa sc\u00e9nu a zachyt\u00edme podstatu starej surfovej kult\u00fary priamo na va\u0161om tri\u010dku. \u010ci u\u017e ste na pl\u00e1\u017ei alebo relaxujete s priate\u013emi, vyniknite s na\u0161imi klasick\u00fdmi surfov\u00fdmi tri\u010dkami.<\/span><\/p>","protected":false},"excerpt":{"rendered":"<p>Zachy\u0165te vlny s klasick\u00fdmi surfov\u00fdmi tri\u010dkami. Vlastn\u00e9 tri\u010dk\u00e1 premenia ak\u00fako\u013evek fotografiu na odv\u00e1\u017ene tri\u010dko in\u0161pirovan\u00e9 pl\u00e1\u017eou.<\/p>","protected":false},"featured_media":143144,"comment_status":"open","ping_status":"closed","template":"","meta":{"_acf_changed":false},"product_brand":[],"product_cat":[6195,1189,6348,6412,307,6428],"product_tag":[6433,6216,6219,6220],"class_list":{"0":"post-34275","1":"product","2":"type-product","3":"status-publish","4":"has-post-thumbnail","6":"product_cat-t-shirts-men","7":"product_cat-custom-gifts-surfing","8":"product_cat-mens-summer-t-shirts","9":"product_cat-photo-to-tees","10":"product_cat-summer","11":"product_cat-translate-products","12":"product_tag-ai-artwork","13":"product_tag-mens-custom-t-shirts","14":"product_tag-order-custom-shirts","15":"product_tag-t-shirt-printing-near-me","17":"first","18":"instock","19":"taxable","20":"shipping-taxable","21":"purchasable","22":"product-type-simple"},"acf":[],"wcpa_form_fields":null,"_links":{"self":[{"href":"https:\/\/www.customywear.com\/sk\/wp-json\/wp\/v2\/product\/34275","targetHints":{"allow":["GET"]}}],"collection":[{"href":"https:\/\/www.customywear.com\/sk\/wp-json\/wp\/v2\/product"}],"about":[{"href":"https:\/\/www.customywear.com\/sk\/wp-json\/wp\/v2\/types\/product"}],"replies":[{"embeddable":true,"href":"https:\/\/www.customywear.com\/sk\/wp-json\/wp\/v2\/comments?post=34275"}],"wp:featuredmedia":[{"embeddable":true,"href":"https:\/\/www.customywear.com\/sk\/wp-json\/wp\/v2\/media\/143144"}],"wp:attachment":[{"href":"https:\/\/www.customywear.com\/sk\/wp-json\/wp\/v2\/media?parent=34275"}],"wp:term":[{"taxonomy":"product_brand","embeddable":true,"href":"https:\/\/www.customywear.com\/sk\/wp-json\/wp\/v2\/product_brand?post=34275"},{"taxonomy":"product_cat","embeddable":true,"href":"https:\/\/www.customywear.com\/sk\/wp-json\/wp\/v2\/product_cat?post=34275"},{"taxonomy":"product_tag","embeddable":true,"href":"https:\/\/www.customywear.com\/sk\/wp-json\/wp\/v2\/product_tag?post=34275"}],"curies":[{"name":"wp","href":"https:\/\/api.w.org\/{rel}","templated":true}]}}