{"id":34403,"date":"2024-04-23T17:54:19","date_gmt":"2024-04-23T17:54:19","guid":{"rendered":"https:\/\/www.customywear.com\/?post_type=product&#038;p=34403"},"modified":"2026-05-05T20:23:27","modified_gmt":"2026-05-05T20:23:27","slug":"tricka-na-surfovanie","status":"publish","type":"product","link":"https:\/\/www.customywear.com\/sk\/surf-shop-tees\/","title":{"rendered":"Tri\u010dk\u00e1 Surf Shop \u2013 Personalizovan\u00e1 pl\u00e1\u017eov\u00e1 atmosf\u00e9ra"},"content":{"rendered":"<p><span data-sheets-root=\"1\" data-sheets-value=\"{&quot;1&quot;:2,&quot;2&quot;:&quot;Surf Shop Tees: Dive into the surf culture with our custom-designed t-shirts! Featuring vibrant graphics of your own surfing adventures, these tees offer both style and comfort for the beach enthusiast. Embrace your love for the ocean and express your unique personality with our personalized surf shop tees.&quot;}\" data-sheets-userformat=\"{&quot;2&quot;:897,&quot;3&quot;:{&quot;1&quot;:0},&quot;10&quot;:1,&quot;11&quot;:3,&quot;12&quot;:0}\">Tri\u010dk\u00e1 Surf Shop: Ponorte sa do surfovej kult\u00fary s na\u0161imi tri\u010dkami navrhnut\u00fdmi na mieru! Tieto tri\u010dk\u00e1 s pestrou grafikou va\u0161ich vlastn\u00fdch surfov\u00fdch dobrodru\u017estiev pon\u00fakaj\u00fa \u0161t\u00fdl aj pohodlie pre nad\u0161encov pl\u00e1\u017ee. Prijmite svoju l\u00e1sku k oce\u00e1nu a vyjadrite svoju jedine\u010dn\u00fa osobnos\u0165 s na\u0161imi personalizovan\u00fdmi tri\u010dkami Surf Shop.<\/span><\/p>","protected":false},"excerpt":{"rendered":"<p>Prineste si pl\u00e1\u017eov\u00e9 vibr\u00e1cie s tri\u010dkami Surf Shop. Personalizovan\u00e9 tri\u010dk\u00e1 premenia ak\u00fako\u013evek fotografiu na z\u00e1bavn\u00e9, jedine\u010dn\u00e9 surfov\u00e9 oble\u010denie.<\/p>","protected":false},"featured_media":143151,"comment_status":"open","ping_status":"closed","template":"","meta":{"_acf_changed":false},"product_brand":[],"product_cat":[6191,1189,6412,307,6428,6356],"product_tag":[6214,6433,229,6215],"class_list":{"0":"post-34403","1":"product","2":"type-product","3":"status-publish","4":"has-post-thumbnail","6":"product_cat-t-shirts-women","7":"product_cat-custom-gifts-surfing","8":"product_cat-photo-to-tees","9":"product_cat-summer","10":"product_cat-translate-products","11":"product_cat-womens-summer-t-shirts","12":"product_tag-affordable-custom-t-shirts","13":"product_tag-ai-artwork","14":"product_tag-custom-tee-shirts","15":"product_tag-screen-printing-near-me","17":"first","18":"instock","19":"taxable","20":"shipping-taxable","21":"purchasable","22":"product-type-simple"},"acf":[],"wcpa_form_fields":null,"_links":{"self":[{"href":"https:\/\/www.customywear.com\/sk\/wp-json\/wp\/v2\/product\/34403","targetHints":{"allow":["GET"]}}],"collection":[{"href":"https:\/\/www.customywear.com\/sk\/wp-json\/wp\/v2\/product"}],"about":[{"href":"https:\/\/www.customywear.com\/sk\/wp-json\/wp\/v2\/types\/product"}],"replies":[{"embeddable":true,"href":"https:\/\/www.customywear.com\/sk\/wp-json\/wp\/v2\/comments?post=34403"}],"wp:featuredmedia":[{"embeddable":true,"href":"https:\/\/www.customywear.com\/sk\/wp-json\/wp\/v2\/media\/143151"}],"wp:attachment":[{"href":"https:\/\/www.customywear.com\/sk\/wp-json\/wp\/v2\/media?parent=34403"}],"wp:term":[{"taxonomy":"product_brand","embeddable":true,"href":"https:\/\/www.customywear.com\/sk\/wp-json\/wp\/v2\/product_brand?post=34403"},{"taxonomy":"product_cat","embeddable":true,"href":"https:\/\/www.customywear.com\/sk\/wp-json\/wp\/v2\/product_cat?post=34403"},{"taxonomy":"product_tag","embeddable":true,"href":"https:\/\/www.customywear.com\/sk\/wp-json\/wp\/v2\/product_tag?post=34403"}],"curies":[{"name":"wp","href":"https:\/\/api.w.org\/{rel}","templated":true}]}}