{"id":34415,"date":"2024-04-24T02:06:22","date_gmt":"2024-04-24T02:06:22","guid":{"rendered":"https:\/\/www.customywear.com\/?post_type=product&#038;p=34415"},"modified":"2026-05-13T19:50:29","modified_gmt":"2026-05-13T19:50:29","slug":"tricko-surf-par","status":"publish","type":"product","link":"https:\/\/www.customywear.com\/sk\/surfing-t-shirt-for-couple\/","title":{"rendered":"Tri\u010dko na surfovanie pre p\u00e1r \u2013 Spolo\u010dne sa prevezte na vln\u00e1ch"},"content":{"rendered":"<p><span data-sheets-root=\"1\" data-sheets-value=\"{&quot;1&quot;:2,&quot;2&quot;:&quot;Surfing T-Shirt for Couple: Share the joy of surfing with your significant other with our custom-designed t-shirts! Featuring your photos transformed into vibrant surfing scenes, these matching tees are perfect for couples who love the beach. Whether you're catching waves or strolling along the shore, our personalized surfing t-shirts for couples will keep you connected and stylish.&quot;}\" data-sheets-userformat=\"{&quot;2&quot;:897,&quot;3&quot;:{&quot;1&quot;:0},&quot;10&quot;:1,&quot;11&quot;:3,&quot;12&quot;:0}\">Tri\u010dko na surfovanie pre p\u00e1ry: Zdie\u013eajte rados\u0165 zo surfovania so svojou polovi\u010dkou s na\u0161imi tri\u010dkami na mieru! Tieto zladen\u00e9 tri\u010dk\u00e1, na ktor\u00fdch s\u00fa va\u0161e fotografie premenen\u00e9 na \u017eiv\u00e9 surfovacie sc\u00e9ny, s\u00fa ide\u00e1lne pre p\u00e1ry, ktor\u00e9 miluj\u00fa pl\u00e1\u017e. \u010ci u\u017e chyt\u00e1te vlny alebo sa prech\u00e1dzate po pobre\u017e\u00ed, na\u0161e personalizovan\u00e9 surfovacie tri\u010dk\u00e1 pre p\u00e1ry v\u00e1s udr\u017eia v spojen\u00ed a \u0161t\u00fdlov\u00ed.<\/span><\/p>","protected":false},"excerpt":{"rendered":"<p>Jazdite spolu so surfovac\u00edmi tri\u010dkami pre p\u00e1ry. Personalizovan\u00e9 tri\u010dk\u00e1 premenia ak\u00fako\u013evek fotografiu na zodpovedaj\u00face, z\u00e1bavn\u00e9 pl\u00e1\u017eov\u00e9 tri\u010dk\u00e1.<\/p>","protected":false},"featured_media":144003,"comment_status":"open","ping_status":"closed","template":"","meta":{"_acf_changed":false},"product_brand":[],"product_cat":[6197,6365,6369,1189,6412,6428],"product_tag":[6440,6218,237],"class_list":{"0":"post-34415","1":"product","2":"type-product","3":"status-publish","4":"has-post-thumbnail","6":"product_cat-t-shirts-couple","7":"product_cat-couples-sports-t-shirts","8":"product_cat-couples-summer-t-shirts","9":"product_cat-custom-gifts-surfing","10":"product_cat-photo-to-tees","11":"product_cat-translate-products","12":"product_tag-ai-artwork-couple","13":"product_tag-making-your-own-t-shirts","14":"product_tag-personalized-t-shirts","16":"first","17":"instock","18":"taxable","19":"shipping-taxable","20":"purchasable","21":"product-type-simple"},"acf":[],"wcpa_form_fields":null,"_links":{"self":[{"href":"https:\/\/www.customywear.com\/sk\/wp-json\/wp\/v2\/product\/34415","targetHints":{"allow":["GET"]}}],"collection":[{"href":"https:\/\/www.customywear.com\/sk\/wp-json\/wp\/v2\/product"}],"about":[{"href":"https:\/\/www.customywear.com\/sk\/wp-json\/wp\/v2\/types\/product"}],"replies":[{"embeddable":true,"href":"https:\/\/www.customywear.com\/sk\/wp-json\/wp\/v2\/comments?post=34415"}],"wp:featuredmedia":[{"embeddable":true,"href":"https:\/\/www.customywear.com\/sk\/wp-json\/wp\/v2\/media\/144003"}],"wp:attachment":[{"href":"https:\/\/www.customywear.com\/sk\/wp-json\/wp\/v2\/media?parent=34415"}],"wp:term":[{"taxonomy":"product_brand","embeddable":true,"href":"https:\/\/www.customywear.com\/sk\/wp-json\/wp\/v2\/product_brand?post=34415"},{"taxonomy":"product_cat","embeddable":true,"href":"https:\/\/www.customywear.com\/sk\/wp-json\/wp\/v2\/product_cat?post=34415"},{"taxonomy":"product_tag","embeddable":true,"href":"https:\/\/www.customywear.com\/sk\/wp-json\/wp\/v2\/product_tag?post=34415"}],"curies":[{"name":"wp","href":"https:\/\/api.w.org\/{rel}","templated":true}]}}