{"id":34427,"date":"2024-04-24T02:41:11","date_gmt":"2024-04-24T02:41:11","guid":{"rendered":"https:\/\/www.customywear.com\/?post_type=product&#038;p=34427"},"modified":"2026-05-07T15:29:46","modified_gmt":"2026-05-07T15:29:46","slug":"surfovacie-tricko-pre-batolata","status":"publish","type":"product","link":"https:\/\/www.customywear.com\/sk\/surfing-t-shirt-for-toddler\/","title":{"rendered":"Tri\u010dko na surfovanie pre bato\u013eat\u00e1"},"content":{"rendered":"<p><span data-sheets-root=\"1\" data-sheets-value=\"{&quot;1&quot;:2,&quot;2&quot;:&quot;Surfing T-Shirt for Toddler: Introduce your little one to the world of surfing with our custom-designed toddler shirts! Featuring vibrant graphics of their own surfing adventures, these tees offer both style and comfort for young beach enthusiasts. Embrace their love for the ocean and keep them looking cool in the waves with our personalized surfing t-shirt for toddlers.&quot;}\" data-sheets-userformat=\"{&quot;2&quot;:897,&quot;3&quot;:{&quot;1&quot;:0},&quot;10&quot;:1,&quot;11&quot;:3,&quot;12&quot;:0}\">Surfovacie tri\u010dko pre bato\u013eat\u00e1: Uve\u010fte svoje die\u0165atko do sveta surfovania s na\u0161imi personalizovan\u00fdmi tri\u010dkami pre bato\u013eat\u00e1! Tieto tri\u010dk\u00e1 s pestrou potla\u010dou ich vlastn\u00fdch surfov\u00fdch dobrodru\u017estiev pon\u00fakaj\u00fa \u0161t\u00fdl aj pohodlie pre mlad\u00fdch nad\u0161encov pl\u00e1\u017ee. Prijmite ich l\u00e1sku k oce\u00e1nu a udr\u017ete ich vo vln\u00e1ch v \u0161t\u00fdle s na\u0161\u00edm personalizovan\u00fdm surfovac\u00edm tri\u010dkom pre bato\u013eat\u00e1.<\/span><\/p>","protected":false},"excerpt":{"rendered":"<p>Surfujte skoro s tri\u010dkom na surfovanie pre bato\u013eat\u00e1. Personalizovan\u00e9 tri\u010dk\u00e1 premenia ka\u017ed\u00fa fotografiu na z\u00e1bavn\u00e9, jedine\u010dn\u00e9 mini tri\u010dko surfovania.<\/p>","protected":false},"featured_media":143172,"comment_status":"open","ping_status":"closed","template":"","meta":{"_acf_changed":false},"product_brand":[],"product_cat":[6207,1189,6412,307,6428],"product_tag":[6433,6439,6221],"class_list":{"0":"post-34427","1":"product","2":"type-product","3":"status-publish","4":"has-post-thumbnail","6":"product_cat-toddler-girl-t-shirts","7":"product_cat-custom-gifts-surfing","8":"product_cat-photo-to-tees","9":"product_cat-summer","10":"product_cat-translate-products","11":"product_tag-ai-artwork","12":"product_tag-ai-kids-artwork","13":"product_tag-custom-t-shirts-near-me","15":"first","16":"instock","17":"taxable","18":"shipping-taxable","19":"purchasable","20":"product-type-simple"},"acf":[],"wcpa_form_fields":null,"_links":{"self":[{"href":"https:\/\/www.customywear.com\/sk\/wp-json\/wp\/v2\/product\/34427","targetHints":{"allow":["GET"]}}],"collection":[{"href":"https:\/\/www.customywear.com\/sk\/wp-json\/wp\/v2\/product"}],"about":[{"href":"https:\/\/www.customywear.com\/sk\/wp-json\/wp\/v2\/types\/product"}],"replies":[{"embeddable":true,"href":"https:\/\/www.customywear.com\/sk\/wp-json\/wp\/v2\/comments?post=34427"}],"wp:featuredmedia":[{"embeddable":true,"href":"https:\/\/www.customywear.com\/sk\/wp-json\/wp\/v2\/media\/143172"}],"wp:attachment":[{"href":"https:\/\/www.customywear.com\/sk\/wp-json\/wp\/v2\/media?parent=34427"}],"wp:term":[{"taxonomy":"product_brand","embeddable":true,"href":"https:\/\/www.customywear.com\/sk\/wp-json\/wp\/v2\/product_brand?post=34427"},{"taxonomy":"product_cat","embeddable":true,"href":"https:\/\/www.customywear.com\/sk\/wp-json\/wp\/v2\/product_cat?post=34427"},{"taxonomy":"product_tag","embeddable":true,"href":"https:\/\/www.customywear.com\/sk\/wp-json\/wp\/v2\/product_tag?post=34427"}],"curies":[{"name":"wp","href":"https:\/\/api.w.org\/{rel}","templated":true}]}}