{"id":34997,"date":"2024-05-01T13:32:49","date_gmt":"2024-05-01T13:32:49","guid":{"rendered":"https:\/\/www.customywear.com\/?post_type=product&#038;p=34997"},"modified":"2026-05-07T15:29:46","modified_gmt":"2026-05-07T15:29:46","slug":"tricka-materska-skola-promocie","status":"publish","type":"product","link":"https:\/\/www.customywear.com\/sk\/kindergarten-graduation-t-shirts\/","title":{"rendered":"Tri\u010dko s n\u00e1pisom \u201eProm\u00f3cie v materskej \u0161kole\u201c \u2013 Tri\u010dko \u0161it\u00e9 na objedn\u00e1vku"},"content":{"rendered":"<p>Na toto tri\u010dko na mieru s mot\u00edvom prom\u00f3cie digit\u00e1lne ru\u010dne nakresl\u00edme va\u0161u fotografiu a vytvor\u00edme tak jedine\u010dn\u00fa postavu v prom\u00f3cijskom outfite. Na\u0161e tri\u010dk\u00e1 s\u00fa vyroben\u00e9 z m\u00e4kkej 100 % bavlny, s\u00fa pohodln\u00e9 a jemn\u00e9 k poko\u017eke. V\u010faka pr\u00e9miovej kvalite a vysoko kvalitnej DTG potla\u010di bude dizajn \u017eiv\u00fd a dlhotrvaj\u00faci. N\u00e1\u0161 be\u017en\u00fd strih je ide\u00e1lny na ka\u017edodenn\u00e9 nosenie a ke\u010f\u017ee je unisex, sed\u00ed ka\u017ed\u00e9mu! Ka\u017ed\u00fd dizajn je odborne ru\u010dne kreslen\u00fd, \u010do zaru\u010duje, \u017ee ten v\u00e1\u0161 je personalizovan\u00fd a jedine\u010dn\u00fd. Objednajte si ho e\u0161te dnes a osl\u00e1vte svoje \u00faspechy \u0161t\u00fdlovo!<\/p>","protected":false},"excerpt":{"rendered":"<p>Osl\u00e1vte skor\u00fdch \u017eiakov tri\u010dkami s prom\u00f3ciou v \u0161k\u00f4lke. Tri\u010dk\u00e1 na objedn\u00e1vku premenia ak\u00fako\u013evek fotografiu na hrav\u00fa, jedine\u010dn\u00fa ko\u0161e\u013eu.<\/p>","protected":false},"featured_media":142823,"comment_status":"open","ping_status":"closed","template":"","meta":{"_acf_changed":false},"product_brand":[],"product_cat":[6193,2090,6412,6428],"product_tag":[6433,6439,6221],"class_list":{"0":"post-34997","1":"product","2":"type-product","3":"status-publish","4":"has-post-thumbnail","6":"product_cat-girls-t-shirts","7":"product_cat-custom-gifts-graduation","8":"product_cat-photo-to-tees","9":"product_cat-translate-products","10":"product_tag-ai-artwork","11":"product_tag-ai-kids-artwork","12":"product_tag-custom-t-shirts-near-me","14":"first","15":"instock","16":"taxable","17":"shipping-taxable","18":"purchasable","19":"product-type-simple"},"acf":[],"wcpa_form_fields":null,"_links":{"self":[{"href":"https:\/\/www.customywear.com\/sk\/wp-json\/wp\/v2\/product\/34997","targetHints":{"allow":["GET"]}}],"collection":[{"href":"https:\/\/www.customywear.com\/sk\/wp-json\/wp\/v2\/product"}],"about":[{"href":"https:\/\/www.customywear.com\/sk\/wp-json\/wp\/v2\/types\/product"}],"replies":[{"embeddable":true,"href":"https:\/\/www.customywear.com\/sk\/wp-json\/wp\/v2\/comments?post=34997"}],"wp:featuredmedia":[{"embeddable":true,"href":"https:\/\/www.customywear.com\/sk\/wp-json\/wp\/v2\/media\/142823"}],"wp:attachment":[{"href":"https:\/\/www.customywear.com\/sk\/wp-json\/wp\/v2\/media?parent=34997"}],"wp:term":[{"taxonomy":"product_brand","embeddable":true,"href":"https:\/\/www.customywear.com\/sk\/wp-json\/wp\/v2\/product_brand?post=34997"},{"taxonomy":"product_cat","embeddable":true,"href":"https:\/\/www.customywear.com\/sk\/wp-json\/wp\/v2\/product_cat?post=34997"},{"taxonomy":"product_tag","embeddable":true,"href":"https:\/\/www.customywear.com\/sk\/wp-json\/wp\/v2\/product_tag?post=34997"}],"curies":[{"name":"wp","href":"https:\/\/api.w.org\/{rel}","templated":true}]}}