{"id":35613,"date":"2024-05-04T09:25:00","date_gmt":"2024-05-04T09:25:00","guid":{"rendered":"https:\/\/www.customywear.com\/?post_type=product&#038;p=35613"},"modified":"2026-05-07T15:29:46","modified_gmt":"2026-05-07T15:29:46","slug":"letne-tricko-pre-batolata","status":"publish","type":"product","link":"https:\/\/www.customywear.com\/sk\/toddler-summer-tee\/","title":{"rendered":"Toddler girl&#8217;s Summer Tee &#8211; Cool and Comfy Tops for toddlers"},"content":{"rendered":"<p>Z\u00edskajte svoje personalizovan\u00e9 turistick\u00e9 tri\u010dko e\u0161te dnes! Va\u0161u fotografiu digit\u00e1lne nakresl\u00edme a vytvor\u00edme jedine\u010dn\u00fa postavu turistu, ktor\u00fd zdol\u00e1va vrchol hory. Na\u0161e tri\u010dk\u00e1 s\u00fa vyroben\u00e9 z m\u00e4kkej 100 % bavlny a pon\u00fakaj\u00fa pohodlie a jemnos\u0165 k poko\u017eke. V\u010faka pr\u00e9miovej kvalite a vysoko kvalitnej DTG potla\u010di zost\u00e1va dizajn \u017eiv\u00fd a odoln\u00fd. N\u00e1\u0161 be\u017en\u00fd strih, vhodn\u00fd na ka\u017edodenn\u00e9 nosenie, je unisex, tak\u017ee zaru\u010duje, \u017ee sed\u00ed ka\u017ed\u00e9mu! Ka\u017ed\u00fd dizajn je odborne ru\u010dne kreslen\u00fd, v\u010faka \u010domu je ten v\u00e1\u0161 personalizovan\u00fd a jedine\u010dn\u00fd. Objednajte si ho teraz ako dar\u010dek pre seba alebo pre ktor\u00e9hoko\u013evek nad\u0161enca turistiky vo va\u0161om \u017eivote!<\/p>","protected":false},"excerpt":{"rendered":"<p>Zosta\u0148te v pohode s letn\u00fdmi tri\u010dkami pre bato\u013eat\u00e1. Pohodln\u00e9 topy premenia ka\u017ed\u00fa fotografiu na z\u00e1bavn\u00e9, prisp\u00f4soben\u00e9 tri\u010dko.<\/p>","protected":false},"featured_media":142858,"comment_status":"open","ping_status":"closed","template":"","meta":{"_acf_changed":false},"product_brand":[],"product_cat":[6207,558,6412,307,6428],"product_tag":[6433,6439,6221],"class_list":{"0":"post-35613","1":"product","2":"type-product","3":"status-publish","4":"has-post-thumbnail","6":"product_cat-toddler-girl-t-shirts","7":"product_cat-custom-gifts-hiking","8":"product_cat-photo-to-tees","9":"product_cat-summer","10":"product_cat-translate-products","11":"product_tag-ai-artwork","12":"product_tag-ai-kids-artwork","13":"product_tag-custom-t-shirts-near-me","15":"first","16":"instock","17":"taxable","18":"shipping-taxable","19":"purchasable","20":"product-type-simple"},"acf":[],"wcpa_form_fields":null,"_links":{"self":[{"href":"https:\/\/www.customywear.com\/sk\/wp-json\/wp\/v2\/product\/35613","targetHints":{"allow":["GET"]}}],"collection":[{"href":"https:\/\/www.customywear.com\/sk\/wp-json\/wp\/v2\/product"}],"about":[{"href":"https:\/\/www.customywear.com\/sk\/wp-json\/wp\/v2\/types\/product"}],"replies":[{"embeddable":true,"href":"https:\/\/www.customywear.com\/sk\/wp-json\/wp\/v2\/comments?post=35613"}],"wp:featuredmedia":[{"embeddable":true,"href":"https:\/\/www.customywear.com\/sk\/wp-json\/wp\/v2\/media\/142858"}],"wp:attachment":[{"href":"https:\/\/www.customywear.com\/sk\/wp-json\/wp\/v2\/media?parent=35613"}],"wp:term":[{"taxonomy":"product_brand","embeddable":true,"href":"https:\/\/www.customywear.com\/sk\/wp-json\/wp\/v2\/product_brand?post=35613"},{"taxonomy":"product_cat","embeddable":true,"href":"https:\/\/www.customywear.com\/sk\/wp-json\/wp\/v2\/product_cat?post=35613"},{"taxonomy":"product_tag","embeddable":true,"href":"https:\/\/www.customywear.com\/sk\/wp-json\/wp\/v2\/product_tag?post=35613"}],"curies":[{"name":"wp","href":"https:\/\/api.w.org\/{rel}","templated":true}]}}