{"id":37901,"date":"2024-05-24T11:34:54","date_gmt":"2024-05-24T11:34:54","guid":{"rendered":"https:\/\/www.customywear.com\/?post_type=product&#038;p=37901"},"modified":"2026-05-16T11:38:06","modified_gmt":"2026-05-16T11:38:06","slug":"tricka-na-jeho-a-jej-vyrocie","status":"publish","type":"product","link":"https:\/\/www.customywear.com\/sk\/his-and-hers-anniversary-t-shirts\/","title":{"rendered":"Tri\u010dk\u00e1 k v\u00fdro\u010diu pre neho a pre \u0148u \u2013 tri\u010dko na mieru"},"content":{"rendered":"<p>Tri\u010dk\u00e1 k v\u00fdro\u010diu pre neho a pre \u0148u: Oslavujte svoju ve\u010dn\u00fa l\u00e1sku s na\u0161imi p\u00f4vabn\u00fdmi tri\u010dkami k v\u00fdro\u010diu pre neho a pre \u0148u! N\u00e1\u0161 t\u00edm odborn\u00edkov premen\u00ed va\u0161u fotografiu na rozko\u0161n\u00e9 postavi\u010dky, ktor\u00e9 zobrazia \u0161\u0165astn\u00fd p\u00e1r v elegantnom oble\u010den\u00ed na pozad\u00ed sl\u00e1vnostn\u00fdch dekor\u00e1ci\u00ed a radostnej atmosf\u00e9ry, pripom\u00ednaj\u00facej obr\u00e1zky na\u0161ich produktov. Na\u0161e tri\u010dk\u00e1 s\u00fa vyroben\u00e9 z pr\u00e9miovej bavlny, pon\u00fakaj\u00fa pohodln\u00e9 nosenie a zachov\u00e1vaj\u00fa si \u017eiariv\u00fd dizajn po ka\u017edom pran\u00ed. \u010ci u\u017e ide o m\u00ed\u013eniky alebo o ka\u017edodenn\u00e9 nosenie, tieto tri\u010dk\u00e1 s\u00fa perfektnou vo\u013ebou na pripomenutie si va\u0161ej spolo\u010dnej cesty. Ka\u017ed\u00fd dizajn je starostlivo vytvoren\u00fd na\u0161imi sk\u00fasen\u00fdmi digit\u00e1lnymi umelcami, v\u010faka \u010domu s\u00fa va\u0161e tri\u010dk\u00e1 k v\u00fdro\u010diu pre neho a pre \u0148u cennou spomienkou. Prisp\u00f4sobte si svoje tri\u010dk\u00e1 vlastn\u00fdm textom pre osobn\u00fd n\u00e1dych!<\/p>","protected":false},"excerpt":{"rendered":"<p>Ozna\u010dte v\u00fdro\u010dia svojimi a jej tri\u010dkami na v\u00fdro\u010die. Vlastn\u00e9 tri\u010dk\u00e1 premenia ak\u00fako\u013evek fotografiu na zodpovedaj\u00face, jedine\u010dn\u00e9 tri\u010dk\u00e1.<\/p>","protected":false},"featured_media":144013,"comment_status":"open","ping_status":"closed","template":"","meta":{"_acf_changed":false},"product_brand":[],"product_cat":[6197,250,6371,6147,6412,6428],"product_tag":[6440,6329,6218,237,6442],"class_list":{"0":"post-37901","1":"product","2":"type-product","3":"status-publish","4":"has-post-thumbnail","6":"product_cat-t-shirts-couple","7":"product_cat-couple","8":"product_cat-couples-wedding-t-shirts","9":"product_cat-custom-gifts-wedding-rose","10":"product_cat-photo-to-tees","11":"product_cat-translate-products","12":"product_tag-ai-artwork-couple","13":"product_tag-custom-t-shirt-from-selfie-for-couples","14":"product_tag-making-your-own-t-shirts","15":"product_tag-personalized-t-shirts","16":"product_tag-top-artwork","18":"first","19":"instock","20":"taxable","21":"shipping-taxable","22":"purchasable","23":"product-type-simple"},"acf":[],"wcpa_form_fields":null,"_links":{"self":[{"href":"https:\/\/www.customywear.com\/sk\/wp-json\/wp\/v2\/product\/37901","targetHints":{"allow":["GET"]}}],"collection":[{"href":"https:\/\/www.customywear.com\/sk\/wp-json\/wp\/v2\/product"}],"about":[{"href":"https:\/\/www.customywear.com\/sk\/wp-json\/wp\/v2\/types\/product"}],"replies":[{"embeddable":true,"href":"https:\/\/www.customywear.com\/sk\/wp-json\/wp\/v2\/comments?post=37901"}],"wp:featuredmedia":[{"embeddable":true,"href":"https:\/\/www.customywear.com\/sk\/wp-json\/wp\/v2\/media\/144013"}],"wp:attachment":[{"href":"https:\/\/www.customywear.com\/sk\/wp-json\/wp\/v2\/media?parent=37901"}],"wp:term":[{"taxonomy":"product_brand","embeddable":true,"href":"https:\/\/www.customywear.com\/sk\/wp-json\/wp\/v2\/product_brand?post=37901"},{"taxonomy":"product_cat","embeddable":true,"href":"https:\/\/www.customywear.com\/sk\/wp-json\/wp\/v2\/product_cat?post=37901"},{"taxonomy":"product_tag","embeddable":true,"href":"https:\/\/www.customywear.com\/sk\/wp-json\/wp\/v2\/product_tag?post=37901"}],"curies":[{"name":"wp","href":"https:\/\/api.w.org\/{rel}","templated":true}]}}