{"id":38131,"date":"2024-05-24T12:22:25","date_gmt":"2024-05-24T12:22:25","guid":{"rendered":"https:\/\/www.customywear.com\/?post_type=product&#038;p=38131"},"modified":"2026-05-07T15:29:44","modified_gmt":"2026-05-07T15:29:44","slug":"svadobne-tricko-pre-batolata","status":"publish","type":"product","link":"https:\/\/www.customywear.com\/sk\/wedding-t-shirt-for-toddler\/","title":{"rendered":"Svadobn\u00e9 tri\u010dko pre bato\u013eat\u00e1 \u2013 tri\u010dko s potla\u010dou na mieru"},"content":{"rendered":"<p>Svadobn\u00e9 tri\u010dko pre bato\u013eat\u00e1: Doprajte svojmu die\u0165a\u0165u pocit, \u017ee je s\u00fa\u010das\u0165ou oslavy, s na\u0161\u00edm p\u00f4vabn\u00fdm svadobn\u00fdm tri\u010dkom pre bato\u013eat\u00e1! Tieto tri\u010dk\u00e1 s\u00fa vyroben\u00e9 z m\u00e4kkej a priedu\u0161nej l\u00e1tky a maj\u00fa p\u00f4vabn\u00e9 vzory vhodn\u00e9 na svadby, rozd\u00e1vanie kvetov, rozd\u00e1vanie obr\u00fa\u010dok alebo ak\u00fako\u013evek \u0161peci\u00e1lnu pr\u00edle\u017eitos\u0165. S na\u0161\u00edm svadobn\u00fdm tri\u010dkom pre bato\u013eat\u00e1 sa uistite, \u017ee va\u0161e die\u0165atko bude oble\u010den\u00e9 tak, aby vo v\u00e1\u0161 ve\u013ek\u00fd de\u0148 zap\u00f4sobilo.<\/p>","protected":false},"excerpt":{"rendered":"<p>Osl\u00e1vte najmen\u0161\u00edch svadobn\u00fdmi tri\u010dkami pre bato\u013eat\u00e1. Vlastn\u00e9 ko\u0161ele s potla\u010dou premenia ak\u00fako\u013evek fotografiu na z\u00e1bavn\u00e9, jedine\u010dn\u00e9 tri\u010dko.<\/p>","protected":false},"featured_media":143206,"comment_status":"open","ping_status":"closed","template":"","meta":{"_acf_changed":false},"product_brand":[],"product_cat":[6207,6147,6412,6428],"product_tag":[6433,6439,6221],"class_list":{"0":"post-38131","1":"product","2":"type-product","3":"status-publish","4":"has-post-thumbnail","6":"product_cat-toddler-girl-t-shirts","7":"product_cat-custom-gifts-wedding-rose","8":"product_cat-photo-to-tees","9":"product_cat-translate-products","10":"product_tag-ai-artwork","11":"product_tag-ai-kids-artwork","12":"product_tag-custom-t-shirts-near-me","14":"first","15":"instock","16":"taxable","17":"shipping-taxable","18":"purchasable","19":"product-type-simple"},"acf":[],"wcpa_form_fields":null,"_links":{"self":[{"href":"https:\/\/www.customywear.com\/sk\/wp-json\/wp\/v2\/product\/38131","targetHints":{"allow":["GET"]}}],"collection":[{"href":"https:\/\/www.customywear.com\/sk\/wp-json\/wp\/v2\/product"}],"about":[{"href":"https:\/\/www.customywear.com\/sk\/wp-json\/wp\/v2\/types\/product"}],"replies":[{"embeddable":true,"href":"https:\/\/www.customywear.com\/sk\/wp-json\/wp\/v2\/comments?post=38131"}],"wp:featuredmedia":[{"embeddable":true,"href":"https:\/\/www.customywear.com\/sk\/wp-json\/wp\/v2\/media\/143206"}],"wp:attachment":[{"href":"https:\/\/www.customywear.com\/sk\/wp-json\/wp\/v2\/media?parent=38131"}],"wp:term":[{"taxonomy":"product_brand","embeddable":true,"href":"https:\/\/www.customywear.com\/sk\/wp-json\/wp\/v2\/product_brand?post=38131"},{"taxonomy":"product_cat","embeddable":true,"href":"https:\/\/www.customywear.com\/sk\/wp-json\/wp\/v2\/product_cat?post=38131"},{"taxonomy":"product_tag","embeddable":true,"href":"https:\/\/www.customywear.com\/sk\/wp-json\/wp\/v2\/product_tag?post=38131"}],"curies":[{"name":"wp","href":"https:\/\/api.w.org\/{rel}","templated":true}]}}