{"id":38925,"date":"2024-06-13T12:38:50","date_gmt":"2024-06-13T12:38:50","guid":{"rendered":"https:\/\/www.customywear.com\/?post_type=product&#038;p=38925"},"modified":"2026-05-16T11:35:27","modified_gmt":"2026-05-16T11:35:27","slug":"kulturisticke-tricka-pre-muzov-s-grafikou-na-mieru","status":"publish","type":"product","link":"https:\/\/www.customywear.com\/sk\/bodybuilding-t-shirts-for-men-custom-graphic-shirt\/","title":{"rendered":"Tri\u010dk\u00e1 na kulturistiku pre mu\u017eov \u2013 Tri\u010dko s vlastnou grafikou"},"content":{"rendered":"<p>Tri\u010dk\u00e1 na kulturistiku pre mu\u017eov: Oslavujte silu s na\u0161imi tri\u010dkami na kulturistiku pre mu\u017eov, ktor\u00e9 s\u00fa vyroben\u00e9 z m\u00e4kkej 100 % bavlny pre dlhotrvaj\u00face pohodlie. Tieto tri\u010dk\u00e1 sa vyzna\u010duj\u00fa pr\u00e9miovou kvalitou a vysoko kvalitnou DTG potla\u010dou a predstavuj\u00fa \u017eiariv\u00e9 dizajny, ktor\u00e9 odol\u00e1vaj\u00fa vyblednutiu. Be\u017en\u00fd strih sa hod\u00ed pre mu\u017eov aj \u017eeny a pon\u00faka v\u0161estrannos\u0165 vo va\u0161om \u0161atn\u00edku. Ka\u017ed\u00e9 tri\u010dko obsahuje digit\u00e1lne umenie transformovan\u00e9 z va\u0161ich fotografi\u00ed, \u010d\u00edm vytv\u00e1ra personalizovan\u00fd k\u00fasok, ktor\u00fd odr\u00e1\u017ea va\u0161u oddanos\u0165 kulturistike.<\/p>","protected":false},"excerpt":{"rendered":"<p>Uk\u00e1\u017ete silu s kulturistick\u00fdmi tri\u010dkami pre mu\u017eov. Vlastn\u00e9 grafick\u00e9 ko\u0161ele premenia ak\u00fako\u013evek fotografiu na odv\u00e1\u017ene, jedine\u010dn\u00e9 tri\u010dko.<\/p>","protected":false},"featured_media":135011,"comment_status":"open","ping_status":"closed","template":"","meta":{"_acf_changed":false},"product_brand":[],"product_cat":[6195,157,6149,186,6337,6348,6412,6428],"product_tag":[6433,6165,6216],"class_list":{"0":"post-38925","1":"product","2":"type-product","3":"status-publish","4":"has-post-thumbnail","6":"product_cat-t-shirts-men","7":"product_cat-best-sellers","8":"product_cat-custom-gifts-ai-bodybuilder","9":"product_cat-men","10":"product_cat-mens-gym-t-shirts","11":"product_cat-mens-summer-t-shirts","12":"product_cat-photo-to-tees","13":"product_cat-translate-products","14":"product_tag-ai-artwork","15":"product_tag-custom-gym-tees","16":"product_tag-mens-custom-t-shirts","18":"first","19":"instock","20":"taxable","21":"shipping-taxable","22":"purchasable","23":"product-type-simple"},"acf":[],"wcpa_form_fields":null,"_links":{"self":[{"href":"https:\/\/www.customywear.com\/sk\/wp-json\/wp\/v2\/product\/38925","targetHints":{"allow":["GET"]}}],"collection":[{"href":"https:\/\/www.customywear.com\/sk\/wp-json\/wp\/v2\/product"}],"about":[{"href":"https:\/\/www.customywear.com\/sk\/wp-json\/wp\/v2\/types\/product"}],"replies":[{"embeddable":true,"href":"https:\/\/www.customywear.com\/sk\/wp-json\/wp\/v2\/comments?post=38925"}],"wp:featuredmedia":[{"embeddable":true,"href":"https:\/\/www.customywear.com\/sk\/wp-json\/wp\/v2\/media\/135011"}],"wp:attachment":[{"href":"https:\/\/www.customywear.com\/sk\/wp-json\/wp\/v2\/media?parent=38925"}],"wp:term":[{"taxonomy":"product_brand","embeddable":true,"href":"https:\/\/www.customywear.com\/sk\/wp-json\/wp\/v2\/product_brand?post=38925"},{"taxonomy":"product_cat","embeddable":true,"href":"https:\/\/www.customywear.com\/sk\/wp-json\/wp\/v2\/product_cat?post=38925"},{"taxonomy":"product_tag","embeddable":true,"href":"https:\/\/www.customywear.com\/sk\/wp-json\/wp\/v2\/product_tag?post=38925"}],"curies":[{"name":"wp","href":"https:\/\/api.w.org\/{rel}","templated":true}]}}