{"id":39076,"date":"2024-06-13T14:50:51","date_gmt":"2024-06-13T14:50:51","guid":{"rendered":"https:\/\/www.customywear.com\/?post_type=product&#038;p=39076"},"modified":"2026-05-07T15:29:44","modified_gmt":"2026-05-07T15:29:44","slug":"tricko-do-posilnovne-na-mieru-pre-chlapcov-modne-tricko-na-mieru","status":"publish","type":"product","link":"https:\/\/www.customywear.com\/sk\/custom-gym-shirt-for-boys-custom-fashion-tee\/","title":{"rendered":"Tri\u010dko do posil\u0148ovne na mieru pre chlapcov \u2013 m\u00f3dne tri\u010dko na mieru"},"content":{"rendered":"<p>Tri\u010dko do posil\u0148ovne na mieru pre chlapcov: Na\u0161e tri\u010dko do posil\u0148ovne na mieru pre chlapcov kombinuje pohodlie a \u0161t\u00fdl, \u0161peci\u00e1lne prisp\u00f4soben\u00e9 pre mlad\u00fdch \u0161portovcov. Toto tri\u010dko je vyroben\u00e9 z m\u00e4kkej a odolnej l\u00e1tky a zais\u0165uje vo\u013enos\u0165 pohybu po\u010das akt\u00edvnej hry. V\u010faka \u017eiv\u00fdm dizajnom a vysokokvalitnej potla\u010di je ka\u017ed\u00e9 tri\u010dko personalizovan\u00e9 digit\u00e1lnym umen\u00edm na z\u00e1klade vami vybran\u00fdch fotografi\u00ed, v\u010faka \u010domu je jedine\u010dn\u00fdm doplnkom \u0161atn\u00edka ka\u017ed\u00e9ho mlad\u00e9ho nad\u0161enca posil\u0148ovne.<\/p>","protected":false},"excerpt":{"rendered":"<p>Vybudujte si sebad\u00f4veru s ko\u0161e\u013eami na mieru pre chlapcov. Vlastn\u00e9 m\u00f3dne tri\u010dk\u00e1 premenia ak\u00fako\u013evek fotografiu na odv\u00e1\u017ene, \u0161portov\u00e9 tri\u010dko.<\/p>","protected":false},"featured_media":95733,"comment_status":"open","ping_status":"closed","template":"","meta":{"_acf_changed":false},"product_brand":[],"product_cat":[6189,6149,6412,6428],"product_tag":[6433,6439,6221,6330],"class_list":{"0":"post-39076","1":"product","2":"type-product","3":"status-publish","4":"has-post-thumbnail","6":"product_cat-boys-t-shirts","7":"product_cat-custom-gifts-ai-bodybuilder","8":"product_cat-photo-to-tees","9":"product_cat-translate-products","10":"product_tag-ai-artwork","11":"product_tag-ai-kids-artwork","12":"product_tag-custom-t-shirts-near-me","13":"product_tag-photo-print-t-shirt-for-boys","15":"first","16":"instock","17":"taxable","18":"shipping-taxable","19":"purchasable","20":"product-type-simple"},"acf":[],"wcpa_form_fields":null,"_links":{"self":[{"href":"https:\/\/www.customywear.com\/sk\/wp-json\/wp\/v2\/product\/39076","targetHints":{"allow":["GET"]}}],"collection":[{"href":"https:\/\/www.customywear.com\/sk\/wp-json\/wp\/v2\/product"}],"about":[{"href":"https:\/\/www.customywear.com\/sk\/wp-json\/wp\/v2\/types\/product"}],"replies":[{"embeddable":true,"href":"https:\/\/www.customywear.com\/sk\/wp-json\/wp\/v2\/comments?post=39076"}],"wp:featuredmedia":[{"embeddable":true,"href":"https:\/\/www.customywear.com\/sk\/wp-json\/wp\/v2\/media\/95733"}],"wp:attachment":[{"href":"https:\/\/www.customywear.com\/sk\/wp-json\/wp\/v2\/media?parent=39076"}],"wp:term":[{"taxonomy":"product_brand","embeddable":true,"href":"https:\/\/www.customywear.com\/sk\/wp-json\/wp\/v2\/product_brand?post=39076"},{"taxonomy":"product_cat","embeddable":true,"href":"https:\/\/www.customywear.com\/sk\/wp-json\/wp\/v2\/product_cat?post=39076"},{"taxonomy":"product_tag","embeddable":true,"href":"https:\/\/www.customywear.com\/sk\/wp-json\/wp\/v2\/product_tag?post=39076"}],"curies":[{"name":"wp","href":"https:\/\/api.w.org\/{rel}","templated":true}]}}