{"id":39587,"date":"2024-06-16T11:02:45","date_gmt":"2024-06-16T11:02:45","guid":{"rendered":"https:\/\/www.customywear.com\/?post_type=product&#038;p=39587"},"modified":"2026-05-05T20:23:27","modified_gmt":"2026-05-05T20:23:27","slug":"vlastne-superhrdinske-tricko-pre-zeny","status":"publish","type":"product","link":"https:\/\/www.customywear.com\/sk\/custom-female-superhero-tee\/","title":{"rendered":"Tri\u010dko so superhrdinkou na mieru pre \u017eeny \u2013 Tri\u010dko s grafikou na mieru"},"content":{"rendered":"<p>Tri\u010dko s vlastnou n\u00e1pisom Superhrdinka: Posilnite svoj \u0161t\u00fdl s na\u0161\u00edm tri\u010dkom so superhrdinkou. Toto tri\u010dko pr\u00e9miovej kvality je vyroben\u00e9 z m\u00e4kkej 100 % bavlny a pon\u00faka pohodlie a odolnos\u0165 na ka\u017edodenn\u00e9 nosenie. V\u010faka \u017eiariv\u00fdm dizajnom a vysokokvalitnej DTG potla\u010di ka\u017ed\u00e9 tri\u010dko premen\u00ed va\u0161e fotografie na personalizovan\u00fa postavu superhrdinky. \u010ci u\u017e ako dar\u010dek alebo na osobn\u00e9 nosenie, na\u0161e tri\u010dko so superhrdinkou oslavuje silu a individualitu.<\/p>","protected":false},"excerpt":{"rendered":"<p>Posilnite vlastn\u00e9 \u017eensk\u00e9 tri\u010dk\u00e1 superhrdinov. Vlastn\u00e9 grafick\u00e9 ko\u0161ele premenia ak\u00fako\u013evek fotografiu na z\u00e1bavn\u00e9, jedine\u010dn\u00e9 hrdinsk\u00e9 tri\u010dko.<\/p>","protected":false},"featured_media":126856,"comment_status":"open","ping_status":"closed","template":"","meta":{"_acf_changed":false},"product_brand":[],"product_cat":[6191,6150,6412,515,6428,75,6350],"product_tag":[6214,6433,6328,229,6432,6215],"class_list":{"0":"post-39587","1":"product","2":"type-product","3":"status-publish","4":"has-post-thumbnail","6":"product_cat-t-shirts-women","7":"product_cat-custom-gifts-ai-superhero","8":"product_cat-photo-to-tees","9":"product_cat-superhero","10":"product_cat-translate-products","11":"product_cat-women","12":"product_cat-womens-superhero-t-shirts","13":"product_tag-affordable-custom-t-shirts","14":"product_tag-ai-artwork","15":"product_tag-custom-image-t-shirt-for-women","16":"product_tag-custom-tee-shirts","17":"product_tag-product-video","18":"product_tag-screen-printing-near-me","20":"first","21":"instock","22":"taxable","23":"shipping-taxable","24":"purchasable","25":"product-type-simple"},"acf":[],"wcpa_form_fields":null,"_links":{"self":[{"href":"https:\/\/www.customywear.com\/sk\/wp-json\/wp\/v2\/product\/39587","targetHints":{"allow":["GET"]}}],"collection":[{"href":"https:\/\/www.customywear.com\/sk\/wp-json\/wp\/v2\/product"}],"about":[{"href":"https:\/\/www.customywear.com\/sk\/wp-json\/wp\/v2\/types\/product"}],"replies":[{"embeddable":true,"href":"https:\/\/www.customywear.com\/sk\/wp-json\/wp\/v2\/comments?post=39587"}],"wp:featuredmedia":[{"embeddable":true,"href":"https:\/\/www.customywear.com\/sk\/wp-json\/wp\/v2\/media\/126856"}],"wp:attachment":[{"href":"https:\/\/www.customywear.com\/sk\/wp-json\/wp\/v2\/media?parent=39587"}],"wp:term":[{"taxonomy":"product_brand","embeddable":true,"href":"https:\/\/www.customywear.com\/sk\/wp-json\/wp\/v2\/product_brand?post=39587"},{"taxonomy":"product_cat","embeddable":true,"href":"https:\/\/www.customywear.com\/sk\/wp-json\/wp\/v2\/product_cat?post=39587"},{"taxonomy":"product_tag","embeddable":true,"href":"https:\/\/www.customywear.com\/sk\/wp-json\/wp\/v2\/product_tag?post=39587"}],"curies":[{"name":"wp","href":"https:\/\/api.w.org\/{rel}","templated":true}]}}