{"id":39999,"date":"2024-06-16T14:21:14","date_gmt":"2024-06-16T14:21:14","guid":{"rendered":"https:\/\/www.customywear.com\/?post_type=product&#038;p=39999"},"modified":"2026-05-07T15:29:44","modified_gmt":"2026-05-07T15:29:44","slug":"tricko-so-superhrdinom-pre-batolata","status":"publish","type":"product","link":"https:\/\/www.customywear.com\/sk\/superhero-t-shirt-for-toddler\/","title":{"rendered":"Tri\u010dko so superhrdinom pre bato\u013eat\u00e1 \u2013 personalizovan\u00e9 tri\u010dko"},"content":{"rendered":"<p>Tri\u010dko so superhrdinom pre bato\u013eat\u00e1 \u2013 personalizovan\u00e9 tri\u010dko: Oble\u010dte svojho mal\u00e9ho hrdinu \u0161t\u00fdlovo s na\u0161\u00edm tri\u010dkom so superhrdinom pre bato\u013eat\u00e1 \u2013 personalizovan\u00fdm tri\u010dkom. Toto tri\u010dko je vyroben\u00e9 z m\u00e4kk\u00fdch a odoln\u00fdch materi\u00e1lov a zais\u0165uje pohodlie pre akt\u00edvne bato\u013eat\u00e1. Ka\u017ed\u00e9 tri\u010dko sa vyzna\u010duje \u017eiv\u00fdmi vzormi a kvalitnou potla\u010dou DTG a je mo\u017en\u00e9 ho personalizova\u0165 tak, aby zobrazovalo ob\u013e\u00faben\u00e9ho superhrdinu v\u00e1\u0161ho bato\u013ea\u0165a. \u010ci u\u017e ide o hranie alebo ka\u017edodenn\u00e9 dobrodru\u017estv\u00e1, na\u0161e personalizovan\u00e9 tri\u010dko je perfektn\u00e9.<\/p>","protected":false},"excerpt":{"rendered":"<p>Za\u010dnite mlad\u00fd s tri\u010dkami pre superhrdinov pre bato\u013eat\u00e1. Personalizovan\u00e9 tri\u010dk\u00e1 premenia ak\u00fako\u013evek fotografiu na hrav\u00e9, jedine\u010dn\u00e9 tri\u010dko.<\/p>","protected":false},"featured_media":135269,"comment_status":"open","ping_status":"closed","template":"","meta":{"_acf_changed":false},"product_brand":[],"product_cat":[6209,6150,6412,6428],"product_tag":[6433,6439,6221],"class_list":{"0":"post-39999","1":"product","2":"type-product","3":"status-publish","4":"has-post-thumbnail","6":"product_cat-toddler-boy-t-shirts","7":"product_cat-custom-gifts-ai-superhero","8":"product_cat-photo-to-tees","9":"product_cat-translate-products","10":"product_tag-ai-artwork","11":"product_tag-ai-kids-artwork","12":"product_tag-custom-t-shirts-near-me","14":"first","15":"instock","16":"taxable","17":"shipping-taxable","18":"purchasable","19":"product-type-simple"},"acf":[],"wcpa_form_fields":null,"_links":{"self":[{"href":"https:\/\/www.customywear.com\/sk\/wp-json\/wp\/v2\/product\/39999","targetHints":{"allow":["GET"]}}],"collection":[{"href":"https:\/\/www.customywear.com\/sk\/wp-json\/wp\/v2\/product"}],"about":[{"href":"https:\/\/www.customywear.com\/sk\/wp-json\/wp\/v2\/types\/product"}],"replies":[{"embeddable":true,"href":"https:\/\/www.customywear.com\/sk\/wp-json\/wp\/v2\/comments?post=39999"}],"wp:featuredmedia":[{"embeddable":true,"href":"https:\/\/www.customywear.com\/sk\/wp-json\/wp\/v2\/media\/135269"}],"wp:attachment":[{"href":"https:\/\/www.customywear.com\/sk\/wp-json\/wp\/v2\/media?parent=39999"}],"wp:term":[{"taxonomy":"product_brand","embeddable":true,"href":"https:\/\/www.customywear.com\/sk\/wp-json\/wp\/v2\/product_brand?post=39999"},{"taxonomy":"product_cat","embeddable":true,"href":"https:\/\/www.customywear.com\/sk\/wp-json\/wp\/v2\/product_cat?post=39999"},{"taxonomy":"product_tag","embeddable":true,"href":"https:\/\/www.customywear.com\/sk\/wp-json\/wp\/v2\/product_tag?post=39999"}],"curies":[{"name":"wp","href":"https:\/\/api.w.org\/{rel}","templated":true}]}}