{"id":40000,"date":"2024-06-16T14:21:16","date_gmt":"2024-06-16T14:21:16","guid":{"rendered":"https:\/\/www.customywear.com\/?post_type=product&#038;p=40000"},"modified":"2026-05-07T15:29:44","modified_gmt":"2026-05-07T15:29:44","slug":"superhrdinske-tricko-pre-chlapcov","status":"publish","type":"product","link":"https:\/\/www.customywear.com\/sk\/superhero-t-shirt-for-boys\/","title":{"rendered":"Tri\u010dko so superhrdinom pre chlapcov \u2013 m\u00f3dne tri\u010dko na mieru"},"content":{"rendered":"<p>Tri\u010dko so superhrdinom pre chlapcov \u2013 m\u00f3dne tri\u010dko na mieru: Zapojte svoju predstavivos\u0165 do n\u00e1\u0161ho tri\u010dka so superhrdinom pre chlapcov \u2013 m\u00f3dneho tri\u010dka na mieru. Tieto tri\u010dk\u00e1, vyroben\u00e9 z prvotriednych materi\u00e1lov, pon\u00fakaj\u00fa pohodlie a odolnos\u0165 pre ka\u017ed\u00e9ho mlad\u00e9ho superhrdinu. V\u010faka \u017eiariv\u00fdm dizajnom a vysoko kvalitnej potla\u010di DTG ka\u017ed\u00e9 tri\u010dko premen\u00ed v\u00e1\u0161ho chlapca na \u0161t\u00fdlov\u00e9ho hrdinu. \u010ci u\u017e ide o \u0161kolu alebo z\u00e1bavu, na\u0161e m\u00f3dne tri\u010dko na mieru zaru\u010d\u00ed, \u017ee vynikne sebavedom\u00edm.<\/p>","protected":false},"excerpt":{"rendered":"<p>Uvo\u013enite hrdinstvo s tri\u010dkom pre superhrdinov pre chlapcov. Vlastn\u00e9 m\u00f3dne tri\u010dk\u00e1 premenia ak\u00fako\u013evek fotografiu na odv\u00e1\u017ene, jedine\u010dn\u00e9 tri\u010dko.<\/p>","protected":false},"featured_media":135265,"comment_status":"open","ping_status":"closed","template":"","meta":{"_acf_changed":false},"product_brand":[],"product_cat":[6189,496,6150,6412,6428],"product_tag":[6433,6439,6221,6330],"class_list":{"0":"post-40000","1":"product","2":"type-product","3":"status-publish","4":"has-post-thumbnail","6":"product_cat-boys-t-shirts","7":"product_cat-birthday","8":"product_cat-custom-gifts-ai-superhero","9":"product_cat-photo-to-tees","10":"product_cat-translate-products","11":"product_tag-ai-artwork","12":"product_tag-ai-kids-artwork","13":"product_tag-custom-t-shirts-near-me","14":"product_tag-photo-print-t-shirt-for-boys","16":"first","17":"instock","18":"taxable","19":"shipping-taxable","20":"purchasable","21":"product-type-simple"},"acf":[],"wcpa_form_fields":null,"_links":{"self":[{"href":"https:\/\/www.customywear.com\/sk\/wp-json\/wp\/v2\/product\/40000","targetHints":{"allow":["GET"]}}],"collection":[{"href":"https:\/\/www.customywear.com\/sk\/wp-json\/wp\/v2\/product"}],"about":[{"href":"https:\/\/www.customywear.com\/sk\/wp-json\/wp\/v2\/types\/product"}],"replies":[{"embeddable":true,"href":"https:\/\/www.customywear.com\/sk\/wp-json\/wp\/v2\/comments?post=40000"}],"wp:featuredmedia":[{"embeddable":true,"href":"https:\/\/www.customywear.com\/sk\/wp-json\/wp\/v2\/media\/135265"}],"wp:attachment":[{"href":"https:\/\/www.customywear.com\/sk\/wp-json\/wp\/v2\/media?parent=40000"}],"wp:term":[{"taxonomy":"product_brand","embeddable":true,"href":"https:\/\/www.customywear.com\/sk\/wp-json\/wp\/v2\/product_brand?post=40000"},{"taxonomy":"product_cat","embeddable":true,"href":"https:\/\/www.customywear.com\/sk\/wp-json\/wp\/v2\/product_cat?post=40000"},{"taxonomy":"product_tag","embeddable":true,"href":"https:\/\/www.customywear.com\/sk\/wp-json\/wp\/v2\/product_tag?post=40000"}],"curies":[{"name":"wp","href":"https:\/\/api.w.org\/{rel}","templated":true}]}}