{"id":40059,"date":"2024-06-16T14:32:39","date_gmt":"2024-06-16T14:32:39","guid":{"rendered":"https:\/\/www.customywear.com\/?post_type=product&#038;p=40059"},"modified":"2026-05-07T15:29:44","modified_gmt":"2026-05-07T15:29:44","slug":"mladeznicke-superhrdinske-tricko-pre-dievcata","status":"publish","type":"product","link":"https:\/\/www.customywear.com\/sk\/youth-superhero-t-shirt-for-girls\/","title":{"rendered":"Ml\u00e1de\u017e Superhrdina T-Shirt pre Diev\u010dat\u00e1 \u2013 Personalizovan\u00e9 \u010daj"},"content":{"rendered":"<p>Tri\u010dko so superhrdinkami pre diev\u010dat\u00e1 \u2013 personalizovan\u00e9 tri\u010dko: Podporujte hrdinstvo s na\u0161\u00edm tri\u010dkom so superhrdinkami pre diev\u010dat\u00e1 \u2013 personalizovan\u00fdm tri\u010dkom. Toto tri\u010dko je vyroben\u00e9 z m\u00e4kk\u00fdch a odoln\u00fdch materi\u00e1lov a pon\u00faka pohodlie pre rast\u00face superhrdinky. V\u010faka personalizovan\u00fdm dizajnom a vysokokvalitnej DTG potla\u010di ka\u017ed\u00e9 tri\u010dko jedine\u010dn\u00fdm sp\u00f4sobom predstavuje jej ob\u013e\u00faben\u00e9ho hrdinu. \u010ci u\u017e ide o \u0161kolu alebo hranie, na\u0161e personalizovan\u00e9 tri\u010dko vzbudzuje sebavedomie a fant\u00e1ziu.<\/p>","protected":false},"excerpt":{"rendered":"<p>Posilnite mlad\u00e9 diev\u010dat\u00e1 tri\u010dkom pre mladistv\u00fdch superhrdinov pre diev\u010dat\u00e1. Personalizovan\u00e9 tri\u010dk\u00e1 premenia ak\u00fako\u013evek fotografiu na hrav\u00e9, hrdinsk\u00e9 tri\u010dko.<\/p>","protected":false},"featured_media":126779,"comment_status":"open","ping_status":"closed","template":"","meta":{"_acf_changed":false},"product_brand":[],"product_cat":[6193,496,6150,152,6412,6428,58],"product_tag":[6433,6439,6331,6221],"class_list":{"0":"post-40059","1":"product","2":"type-product","3":"status-publish","4":"has-post-thumbnail","6":"product_cat-girls-t-shirts","7":"product_cat-birthday","8":"product_cat-custom-gifts-ai-superhero","9":"product_cat-girls","10":"product_cat-photo-to-tees","11":"product_cat-translate-products","12":"product_cat-youth-kids","13":"product_tag-ai-artwork","14":"product_tag-ai-kids-artwork","15":"product_tag-custom-picture-t-shirt-for-girls","16":"product_tag-custom-t-shirts-near-me","18":"first","19":"instock","20":"taxable","21":"shipping-taxable","22":"purchasable","23":"product-type-simple"},"acf":[],"wcpa_form_fields":null,"_links":{"self":[{"href":"https:\/\/www.customywear.com\/sk\/wp-json\/wp\/v2\/product\/40059","targetHints":{"allow":["GET"]}}],"collection":[{"href":"https:\/\/www.customywear.com\/sk\/wp-json\/wp\/v2\/product"}],"about":[{"href":"https:\/\/www.customywear.com\/sk\/wp-json\/wp\/v2\/types\/product"}],"replies":[{"embeddable":true,"href":"https:\/\/www.customywear.com\/sk\/wp-json\/wp\/v2\/comments?post=40059"}],"wp:featuredmedia":[{"embeddable":true,"href":"https:\/\/www.customywear.com\/sk\/wp-json\/wp\/v2\/media\/126779"}],"wp:attachment":[{"href":"https:\/\/www.customywear.com\/sk\/wp-json\/wp\/v2\/media?parent=40059"}],"wp:term":[{"taxonomy":"product_brand","embeddable":true,"href":"https:\/\/www.customywear.com\/sk\/wp-json\/wp\/v2\/product_brand?post=40059"},{"taxonomy":"product_cat","embeddable":true,"href":"https:\/\/www.customywear.com\/sk\/wp-json\/wp\/v2\/product_cat?post=40059"},{"taxonomy":"product_tag","embeddable":true,"href":"https:\/\/www.customywear.com\/sk\/wp-json\/wp\/v2\/product_tag?post=40059"}],"curies":[{"name":"wp","href":"https:\/\/api.w.org\/{rel}","templated":true}]}}