{"id":40061,"date":"2024-06-16T14:32:43","date_gmt":"2024-06-16T14:32:43","guid":{"rendered":"https:\/\/www.customywear.com\/?post_type=product&#038;p=40061"},"modified":"2026-05-07T15:29:44","modified_gmt":"2026-05-07T15:29:44","slug":"tricko-babatko-dievca-na-mieru","status":"publish","type":"product","link":"https:\/\/www.customywear.com\/sk\/custom-toddler-girls-t-shirt\/","title":{"rendered":"Diev\u010densk\u00e9 tri\u010dko na mieru \u2013 Tri\u010dko s jedine\u010dn\u00fdm dizajnom"},"content":{"rendered":"<p>Diev\u010densk\u00e9 tri\u010dko na mieru pre bato\u013eat\u00e1 \u2013 tri\u010dko s jedine\u010dn\u00fdm dizajnom: Oble\u010dte svoje diev\u010datko \u0161t\u00fdlovo s na\u0161\u00edm diev\u010densk\u00fdm tri\u010dkom na mieru pre bato\u013eat\u00e1 \u2013 tri\u010dkom s jedine\u010dn\u00fdm dizajnom. Toto tri\u010dko je vyroben\u00e9 z m\u00e4kk\u00fdch a odoln\u00fdch materi\u00e1lov a poskytuje pohodlie pri ka\u017edodenn\u00fdch dobrodru\u017estv\u00e1ch. Ka\u017ed\u00e9 tri\u010dko s jedine\u010dn\u00fdm dizajnom, ktor\u00fd zachyt\u00e1va jej hrav\u00e9ho ducha, je personalizovan\u00fdm vyjadren\u00edm bato\u013eacieho veku. \u010ci u\u017e ide o \u0161k\u00f4lku alebo rodinn\u00e9 v\u00fdlety, na\u0161e tri\u010dko s jedine\u010dn\u00fdm dizajnom zabezpe\u010d\u00ed, aby bato\u013eat\u00e1 vyzerali rozko\u0161ne a c\u00edtili sa pohodlne.<\/p>","protected":false},"excerpt":{"rendered":"<p>Celebrate little ones with a Custom Toddler Girl&#8217;s T-Shirt. Unique Design Shirts turn any photo into a fun, one-of-a-kind tee.<\/p>","protected":false},"featured_media":135278,"comment_status":"open","ping_status":"closed","template":"","meta":{"_acf_changed":false},"product_brand":[],"product_cat":[6207,6150,6412,6428],"product_tag":[6433,6439,6221],"class_list":{"0":"post-40061","1":"product","2":"type-product","3":"status-publish","4":"has-post-thumbnail","6":"product_cat-toddler-girl-t-shirts","7":"product_cat-custom-gifts-ai-superhero","8":"product_cat-photo-to-tees","9":"product_cat-translate-products","10":"product_tag-ai-artwork","11":"product_tag-ai-kids-artwork","12":"product_tag-custom-t-shirts-near-me","14":"first","15":"instock","16":"taxable","17":"shipping-taxable","18":"purchasable","19":"product-type-simple"},"acf":[],"wcpa_form_fields":null,"_links":{"self":[{"href":"https:\/\/www.customywear.com\/sk\/wp-json\/wp\/v2\/product\/40061","targetHints":{"allow":["GET"]}}],"collection":[{"href":"https:\/\/www.customywear.com\/sk\/wp-json\/wp\/v2\/product"}],"about":[{"href":"https:\/\/www.customywear.com\/sk\/wp-json\/wp\/v2\/types\/product"}],"replies":[{"embeddable":true,"href":"https:\/\/www.customywear.com\/sk\/wp-json\/wp\/v2\/comments?post=40061"}],"wp:featuredmedia":[{"embeddable":true,"href":"https:\/\/www.customywear.com\/sk\/wp-json\/wp\/v2\/media\/135278"}],"wp:attachment":[{"href":"https:\/\/www.customywear.com\/sk\/wp-json\/wp\/v2\/media?parent=40061"}],"wp:term":[{"taxonomy":"product_brand","embeddable":true,"href":"https:\/\/www.customywear.com\/sk\/wp-json\/wp\/v2\/product_brand?post=40061"},{"taxonomy":"product_cat","embeddable":true,"href":"https:\/\/www.customywear.com\/sk\/wp-json\/wp\/v2\/product_cat?post=40061"},{"taxonomy":"product_tag","embeddable":true,"href":"https:\/\/www.customywear.com\/sk\/wp-json\/wp\/v2\/product_tag?post=40061"}],"curies":[{"name":"wp","href":"https:\/\/api.w.org\/{rel}","templated":true}]}}