{"id":40256,"date":"2024-06-26T08:56:53","date_gmt":"2024-06-26T08:56:53","guid":{"rendered":"https:\/\/www.customywear.com\/?post_type=product&#038;p=40256"},"modified":"2026-05-16T11:41:45","modified_gmt":"2026-05-16T11:41:45","slug":"vlastne-chlapcenske-superhrdinske-tricko","status":"publish","type":"product","link":"https:\/\/www.customywear.com\/sk\/custom-boys-superhero-shirt\/","title":{"rendered":"Tri\u010dko na mieru pre chlapcov \u2013 Navrhni si vlastn\u00e9 tri\u010dko so superhrdinom"},"content":{"rendered":"<p>Tri\u010dko na mieru pre chlapcov \u2013 Navrhni si vlastn\u00e9 tri\u010dko so superhrdinom: Podporte kreativitu s na\u0161\u00edm tri\u010dkom na mieru pre chlapcov \u2013 Navrhni si vlastn\u00e9 tri\u010dko so superhrdinom! Toto tri\u010dko pr\u00e9miovej kvality, vyroben\u00e9 z m\u00e4kkej 100 % bavlny, poskytuje pohodlie a odolnos\u0165 pre akt\u00edvnu hru. Ka\u017ed\u00e9 tri\u010dko umo\u017e\u0148uje chlapcom navrhn\u00fa\u0165 si vlastn\u00e9 postavy superhrdinov, potla\u010den\u00e9 vysokokvalitnou DTG potla\u010dou pre \u017eiv\u00fa a detailn\u00fa grafiku. \u010ci u\u017e ide o \u0161kolu alebo hranie, toto tri\u010dko so superhrdinom, ktor\u00e9 si m\u00f4\u017eete navrhn\u00fa\u0165 sami, je personalizovan\u00fdm pl\u00e1tnom pre ich fant\u00e1ziu.<\/p>","protected":false},"excerpt":{"rendered":"<p>Navrhnite svojho hrdinu s tri\u010dkom na mieru pre chlapcov. Vytvorte si vlastn\u00e9 superhrdinsk\u00e9 ko\u0161ele premenia ak\u00fako\u013evek fotografiu na odv\u00e1\u017ene, jedine\u010dn\u00e9 tri\u010dko.<\/p>","protected":false},"featured_media":134952,"comment_status":"open","ping_status":"closed","template":"","meta":{"_acf_changed":false},"product_brand":[],"product_cat":[6189,6152,6412,6428,58],"product_tag":[6433,6439,6221],"class_list":{"0":"post-40256","1":"product","2":"type-product","3":"status-publish","4":"has-post-thumbnail","6":"product_cat-boys-t-shirts","7":"product_cat-custom-gifts-batman","8":"product_cat-photo-to-tees","9":"product_cat-translate-products","10":"product_cat-youth-kids","11":"product_tag-ai-artwork","12":"product_tag-ai-kids-artwork","13":"product_tag-custom-t-shirts-near-me","15":"first","16":"instock","17":"taxable","18":"shipping-taxable","19":"purchasable","20":"product-type-simple"},"acf":[],"wcpa_form_fields":null,"_links":{"self":[{"href":"https:\/\/www.customywear.com\/sk\/wp-json\/wp\/v2\/product\/40256","targetHints":{"allow":["GET"]}}],"collection":[{"href":"https:\/\/www.customywear.com\/sk\/wp-json\/wp\/v2\/product"}],"about":[{"href":"https:\/\/www.customywear.com\/sk\/wp-json\/wp\/v2\/types\/product"}],"replies":[{"embeddable":true,"href":"https:\/\/www.customywear.com\/sk\/wp-json\/wp\/v2\/comments?post=40256"}],"wp:featuredmedia":[{"embeddable":true,"href":"https:\/\/www.customywear.com\/sk\/wp-json\/wp\/v2\/media\/134952"}],"wp:attachment":[{"href":"https:\/\/www.customywear.com\/sk\/wp-json\/wp\/v2\/media?parent=40256"}],"wp:term":[{"taxonomy":"product_brand","embeddable":true,"href":"https:\/\/www.customywear.com\/sk\/wp-json\/wp\/v2\/product_brand?post=40256"},{"taxonomy":"product_cat","embeddable":true,"href":"https:\/\/www.customywear.com\/sk\/wp-json\/wp\/v2\/product_cat?post=40256"},{"taxonomy":"product_tag","embeddable":true,"href":"https:\/\/www.customywear.com\/sk\/wp-json\/wp\/v2\/product_tag?post=40256"}],"curies":[{"name":"wp","href":"https:\/\/api.w.org\/{rel}","templated":true}]}}