{"id":40377,"date":"2024-06-26T09:02:51","date_gmt":"2024-06-26T09:02:51","guid":{"rendered":"https:\/\/www.customywear.com\/?post_type=product&#038;p=40377"},"modified":"2026-05-07T15:29:44","modified_gmt":"2026-05-07T15:29:44","slug":"mladeznicke-dievcenske-superhrdinske-tricko","status":"publish","type":"product","link":"https:\/\/www.customywear.com\/sk\/youth-girl-superhero-tee\/","title":{"rendered":"Diev\u010densk\u00e9 tri\u010dko so superhrdinom \u2013 tri\u010dko so superhrdinom na mieru"},"content":{"rendered":"<p>Diev\u010densk\u00e9 tri\u010dko so superhrdinkami \u2013 tri\u010dko so superhrdinkami na mieru: Vyjadrite svoju individualitu s na\u0161\u00edm diev\u010densk\u00fdm tri\u010dkom so superhrdinkami \u2013 tri\u010dkom so superhrdinkami na mieru! Toto tri\u010dko pr\u00e9miovej kvality, vyroben\u00e9 z m\u00e4kkej 100 % bavlny, pon\u00faka pohodlie a odolnos\u0165 pre rast\u00face diev\u010dat\u00e1. Ka\u017ed\u00e9 tri\u010dko m\u00e1 vlastn\u00e9 dizajny superhrdiniek, potla\u010den\u00e9 vysokokvalitnou DTG potla\u010dou pre \u017eiv\u00e9 a detailn\u00e9 grafiky. \u010ci u\u017e ide o \u0161kolsk\u00e9 akcie alebo tr\u00e1venie \u010dasu s priate\u013emi, toto tri\u010dko so superhrdinkami na mieru umo\u017e\u0148uje mlad\u00fdm diev\u010dat\u00e1m predvies\u0165 svoju jedine\u010dn\u00fa osobnos\u0165.<\/p>","protected":false},"excerpt":{"rendered":"<p>In\u0161pirujte mlados\u0165 s tri\u010dkom mladistv\u00fdch superhrdinov. Vlastn\u00e9 superhrdinsk\u00e9 tri\u010dk\u00e1 premenia ak\u00fako\u013evek fotografiu na hrav\u00e9, jedine\u010dn\u00e9 tri\u010dko.<\/p>","protected":false},"featured_media":134889,"comment_status":"open","ping_status":"closed","template":"","meta":{"_acf_changed":false},"product_brand":[],"product_cat":[6193,6152,152,6412,6428,58],"product_tag":[6433,6439,6153,6331,6154,6155],"class_list":{"0":"post-40377","1":"product","2":"type-product","3":"status-publish","4":"has-post-thumbnail","6":"product_cat-girls-t-shirts","7":"product_cat-custom-gifts-batman","8":"product_cat-girls","9":"product_cat-photo-to-tees","10":"product_cat-translate-products","11":"product_cat-youth-kids","12":"product_tag-ai-artwork","13":"product_tag-ai-kids-artwork","14":"product_tag-batman","15":"product_tag-custom-picture-t-shirt-for-girls","16":"product_tag-dc-comic","17":"product_tag-marvel","19":"first","20":"instock","21":"taxable","22":"shipping-taxable","23":"purchasable","24":"product-type-simple"},"acf":[],"wcpa_form_fields":null,"_links":{"self":[{"href":"https:\/\/www.customywear.com\/sk\/wp-json\/wp\/v2\/product\/40377","targetHints":{"allow":["GET"]}}],"collection":[{"href":"https:\/\/www.customywear.com\/sk\/wp-json\/wp\/v2\/product"}],"about":[{"href":"https:\/\/www.customywear.com\/sk\/wp-json\/wp\/v2\/types\/product"}],"replies":[{"embeddable":true,"href":"https:\/\/www.customywear.com\/sk\/wp-json\/wp\/v2\/comments?post=40377"}],"wp:featuredmedia":[{"embeddable":true,"href":"https:\/\/www.customywear.com\/sk\/wp-json\/wp\/v2\/media\/134889"}],"wp:attachment":[{"href":"https:\/\/www.customywear.com\/sk\/wp-json\/wp\/v2\/media?parent=40377"}],"wp:term":[{"taxonomy":"product_brand","embeddable":true,"href":"https:\/\/www.customywear.com\/sk\/wp-json\/wp\/v2\/product_brand?post=40377"},{"taxonomy":"product_cat","embeddable":true,"href":"https:\/\/www.customywear.com\/sk\/wp-json\/wp\/v2\/product_cat?post=40377"},{"taxonomy":"product_tag","embeddable":true,"href":"https:\/\/www.customywear.com\/sk\/wp-json\/wp\/v2\/product_tag?post=40377"}],"curies":[{"name":"wp","href":"https:\/\/api.w.org\/{rel}","templated":true}]}}