{"id":40399,"date":"2024-06-26T09:03:48","date_gmt":"2024-06-26T09:03:48","guid":{"rendered":"https:\/\/www.customywear.com\/?post_type=product&#038;p=40399"},"modified":"2026-05-05T20:24:06","modified_gmt":"2026-05-05T20:24:06","slug":"tricko-temny-rytier-superhrdina","status":"publish","type":"product","link":"https:\/\/www.customywear.com\/sk\/the-dark-knight-superhero-tee\/","title":{"rendered":"Dark Knight Tri\u010dko \u2013 Osobn\u00e9 Grafick\u00e9 Superhrdina \u010caj"},"content":{"rendered":"<p>Tri\u010dko Temn\u00fd rytier \u2013 personalizovan\u00e9 grafick\u00e9 tri\u010dko so superhrdinom: Prijmite temnotu s tri\u010dkom Temn\u00fd rytier \u2013 personalizovan\u00fdm grafick\u00fdm tri\u010dkom so superhrdinom! Toto tri\u010dko pr\u00e9miovej kvality je vyroben\u00e9 zo 100 % m\u00e4kkej bavlny a pon\u00faka pohodlie a odolnos\u0165 s be\u017en\u00fdm strihom, ktor\u00fd je ide\u00e1lny pre tajomn\u00fdch kri\u017eiakov. Ka\u017ed\u00e9 tri\u010dko m\u00e1 personalizovan\u00fa grafiku superhrdinskej postavy, starostlivo navrhnut\u00fa a potla\u010den\u00fa vysoko kvalitnou DTG potla\u010dou. \u010ci u\u017e ste fan\u00fa\u0161ikom vigilante justice alebo jednoducho milujete jedine\u010dn\u00fd \u0161t\u00fdl, toto personalizovan\u00e9 grafick\u00e9 tri\u010dko so superhrdinom urob\u00ed v\u00fdrazn\u00fd dojem, nech ste kdeko\u013evek.<\/p>","protected":false},"excerpt":{"rendered":"<p>Obj\u00edmte noc tri\u010dkom Dark Knight. Personalizovan\u00e9 tri\u010dk\u00e1 s grafick\u00fdm superhrdinom premenia ak\u00fako\u013evek fotografiu na odv\u00e1\u017ene, jedine\u010dn\u00e9 tri\u010dko.<\/p>","protected":false},"featured_media":134985,"comment_status":"open","ping_status":"closed","template":"","meta":{"_acf_changed":false},"product_brand":[],"product_cat":[6195,157,6152,186,6336,6412,515,6428],"product_tag":[6433,6153,6327,6154,6155,6216,6168],"class_list":{"0":"post-40399","1":"product","2":"type-product","3":"status-publish","4":"has-post-thumbnail","6":"product_cat-t-shirts-men","7":"product_cat-best-sellers","8":"product_cat-custom-gifts-batman","9":"product_cat-men","10":"product_cat-mens-superhero-t-shirts","11":"product_cat-photo-to-tees","12":"product_cat-superhero","13":"product_cat-translate-products","14":"product_tag-ai-artwork","15":"product_tag-batman","16":"product_tag-custom-photo-t-shirt-for-men","17":"product_tag-dc-comic","18":"product_tag-marvel","19":"product_tag-mens-custom-t-shirts","20":"product_tag-unique-superhero-tees","22":"first","23":"instock","24":"taxable","25":"shipping-taxable","26":"purchasable","27":"product-type-simple"},"acf":[],"wcpa_form_fields":null,"_links":{"self":[{"href":"https:\/\/www.customywear.com\/sk\/wp-json\/wp\/v2\/product\/40399","targetHints":{"allow":["GET"]}}],"collection":[{"href":"https:\/\/www.customywear.com\/sk\/wp-json\/wp\/v2\/product"}],"about":[{"href":"https:\/\/www.customywear.com\/sk\/wp-json\/wp\/v2\/types\/product"}],"replies":[{"embeddable":true,"href":"https:\/\/www.customywear.com\/sk\/wp-json\/wp\/v2\/comments?post=40399"}],"wp:featuredmedia":[{"embeddable":true,"href":"https:\/\/www.customywear.com\/sk\/wp-json\/wp\/v2\/media\/134985"}],"wp:attachment":[{"href":"https:\/\/www.customywear.com\/sk\/wp-json\/wp\/v2\/media?parent=40399"}],"wp:term":[{"taxonomy":"product_brand","embeddable":true,"href":"https:\/\/www.customywear.com\/sk\/wp-json\/wp\/v2\/product_brand?post=40399"},{"taxonomy":"product_cat","embeddable":true,"href":"https:\/\/www.customywear.com\/sk\/wp-json\/wp\/v2\/product_cat?post=40399"},{"taxonomy":"product_tag","embeddable":true,"href":"https:\/\/www.customywear.com\/sk\/wp-json\/wp\/v2\/product_tag?post=40399"}],"curies":[{"name":"wp","href":"https:\/\/api.w.org\/{rel}","templated":true}]}}