{"id":41159,"date":"2024-07-24T09:24:24","date_gmt":"2024-07-24T09:24:24","guid":{"rendered":"https:\/\/www.customywear.com\/?post_type=product&#038;p=41159"},"modified":"2026-05-05T20:23:27","modified_gmt":"2026-05-05T20:23:27","slug":"zenske-tricko-s-pavukom","status":"publish","type":"product","link":"https:\/\/www.customywear.com\/sk\/female-spider-tee\/","title":{"rendered":"Tri\u010dk\u00e1 so superhrdinkami pre \u017eeny \u2013 M\u00f3dne tri\u010dko so superhrdinkami na mieru"},"content":{"rendered":"<p>Tri\u010dk\u00e1 so superhrdinkami pre \u017eeny \u2013 m\u00f3dne tri\u010dko so superhrdinkami na mieru s pav\u00fa\u010d\u00edm mot\u00edvom: Oslavujte svoj superhrdinsk\u00fd \u0161t\u00fdl s na\u0161imi tri\u010dkami so superhrdinkami pre \u017eeny \u2013 m\u00f3dne tri\u010dko so superhrdinkami na mieru s pav\u00fa\u010d\u00edm mot\u00edvom! Toto tri\u010dko na mieru sa vyzna\u010duje superhrdinsk\u00fdm dizajnom pod\u013ea va\u0161ej fotografie, vytla\u010den\u00fdm na m\u00e4kkej 100 % bavlne s pou\u017eit\u00edm vysoko kvalitnej technol\u00f3gie DTG. V\u010faka be\u017en\u00e9mu strihu a unisex \u0161t\u00fdlu je ide\u00e1lne na ka\u017edodenn\u00e9 nosenie a zru\u010dn\u00ed umelci vytv\u00e1raj\u00fa \u017eiv\u00fa, personalizovan\u00fa superhrdinsk\u00fa grafiku, ktor\u00e1 je \u0161t\u00fdlov\u00e1 aj jedine\u010dn\u00e1.<\/p>","protected":false},"excerpt":{"rendered":"<p>Posilnite \u017eensk\u00e9 tri\u010dk\u00e1 pre superhrdinov. Vlastn\u00e9 tri\u010dk\u00e1 Spider Superhero Fashion premenia ak\u00fako\u013evek fotografiu na odv\u00e1\u017ene, \u0161t\u00fdlov\u00e9 tri\u010dko.<\/p>","protected":false},"featured_media":135223,"comment_status":"open","ping_status":"closed","template":"","meta":{"_acf_changed":false},"product_brand":[],"product_cat":[6191,6151,6412,515,6428,75],"product_tag":[6214,6433,6328,229,6215],"class_list":{"0":"post-41159","1":"product","2":"type-product","3":"status-publish","4":"has-post-thumbnail","6":"product_cat-t-shirts-women","7":"product_cat-custom-gifts-spiderman","8":"product_cat-photo-to-tees","9":"product_cat-superhero","10":"product_cat-translate-products","11":"product_cat-women","12":"product_tag-affordable-custom-t-shirts","13":"product_tag-ai-artwork","14":"product_tag-custom-image-t-shirt-for-women","15":"product_tag-custom-tee-shirts","16":"product_tag-screen-printing-near-me","18":"first","19":"instock","20":"taxable","21":"shipping-taxable","22":"purchasable","23":"product-type-simple"},"acf":[],"wcpa_form_fields":null,"_links":{"self":[{"href":"https:\/\/www.customywear.com\/sk\/wp-json\/wp\/v2\/product\/41159","targetHints":{"allow":["GET"]}}],"collection":[{"href":"https:\/\/www.customywear.com\/sk\/wp-json\/wp\/v2\/product"}],"about":[{"href":"https:\/\/www.customywear.com\/sk\/wp-json\/wp\/v2\/types\/product"}],"replies":[{"embeddable":true,"href":"https:\/\/www.customywear.com\/sk\/wp-json\/wp\/v2\/comments?post=41159"}],"wp:featuredmedia":[{"embeddable":true,"href":"https:\/\/www.customywear.com\/sk\/wp-json\/wp\/v2\/media\/135223"}],"wp:attachment":[{"href":"https:\/\/www.customywear.com\/sk\/wp-json\/wp\/v2\/media?parent=41159"}],"wp:term":[{"taxonomy":"product_brand","embeddable":true,"href":"https:\/\/www.customywear.com\/sk\/wp-json\/wp\/v2\/product_brand?post=41159"},{"taxonomy":"product_cat","embeddable":true,"href":"https:\/\/www.customywear.com\/sk\/wp-json\/wp\/v2\/product_cat?post=41159"},{"taxonomy":"product_tag","embeddable":true,"href":"https:\/\/www.customywear.com\/sk\/wp-json\/wp\/v2\/product_tag?post=41159"}],"curies":[{"name":"wp","href":"https:\/\/api.w.org\/{rel}","templated":true}]}}