{"id":41201,"date":"2024-07-24T09:25:22","date_gmt":"2024-07-24T09:25:22","guid":{"rendered":"https:\/\/www.customywear.com\/?post_type=product&#038;p=41201"},"modified":"2026-05-07T15:29:44","modified_gmt":"2026-05-07T15:29:44","slug":"oblecenie-pre-mladez-s-pavukom-a-superhrdinmi","status":"publish","type":"product","link":"https:\/\/www.customywear.com\/sk\/youth-spider-superhero-clothing\/","title":{"rendered":"Ml\u00e1de\u017e Superhrdina T-Shirt \u2013 Personalizovan\u00e9 Spider Superhrdina Oble\u010denie"},"content":{"rendered":"<p>Tri\u010dko pre ml\u00e1de\u017e so superhrdinmi \u2013 personalizovan\u00e9 oble\u010denie pav\u00fakov a superhrdinov: Posilnite svoju ml\u00e1de\u017e s na\u0161\u00edm tri\u010dkom pre ml\u00e1de\u017e so superhrdinmi \u2013 personalizovan\u00fdm oble\u010den\u00edm pav\u00fakov a superhrdinov! Toto tri\u010dko na mieru m\u00e1 superhrdinsk\u00fd dizajn zalo\u017een\u00fd na fotografii, vytla\u010den\u00fd na m\u00e4kkej 100 % bavlne s pou\u017eit\u00edm vysoko kvalitnej technol\u00f3gie DTG. Be\u017en\u00fd strih a unisex \u0161t\u00fdl poskytuj\u00fa pohodlie, pri\u010dom ka\u017ed\u00e9 tri\u010dko je odborne vyroben\u00e9 tak, aby prin\u00e1\u0161alo \u017eiv\u00fa, personalizovan\u00fa superhrdinsk\u00fa grafiku, ktor\u00e1 oslavuje ich mladistv\u00e9ho ducha.<\/p>","protected":false},"excerpt":{"rendered":"<p>Transformujte mladistv\u00fd \u0161t\u00fdl s tri\u010dkom pre mladistv\u00fdch superhrdinov. Personalizovan\u00e9 oble\u010denie Spider Superhero premen\u00ed ka\u017ed\u00fa fotografiu na odv\u00e1\u017ene, jedine\u010dn\u00e9 tri\u010dko.<\/p>","protected":false},"featured_media":135190,"comment_status":"open","ping_status":"closed","template":"","meta":{"_acf_changed":false},"product_brand":[],"product_cat":[6189,157,496,6151,6412,515,6428,58],"product_tag":[6433,6439,6221,6330],"class_list":{"0":"post-41201","1":"product","2":"type-product","3":"status-publish","4":"has-post-thumbnail","6":"product_cat-boys-t-shirts","7":"product_cat-best-sellers","8":"product_cat-birthday","9":"product_cat-custom-gifts-spiderman","10":"product_cat-photo-to-tees","11":"product_cat-superhero","12":"product_cat-translate-products","13":"product_cat-youth-kids","14":"product_tag-ai-artwork","15":"product_tag-ai-kids-artwork","16":"product_tag-custom-t-shirts-near-me","17":"product_tag-photo-print-t-shirt-for-boys","19":"first","20":"instock","21":"taxable","22":"shipping-taxable","23":"purchasable","24":"product-type-simple"},"acf":[],"wcpa_form_fields":null,"_links":{"self":[{"href":"https:\/\/www.customywear.com\/sk\/wp-json\/wp\/v2\/product\/41201","targetHints":{"allow":["GET"]}}],"collection":[{"href":"https:\/\/www.customywear.com\/sk\/wp-json\/wp\/v2\/product"}],"about":[{"href":"https:\/\/www.customywear.com\/sk\/wp-json\/wp\/v2\/types\/product"}],"replies":[{"embeddable":true,"href":"https:\/\/www.customywear.com\/sk\/wp-json\/wp\/v2\/comments?post=41201"}],"wp:featuredmedia":[{"embeddable":true,"href":"https:\/\/www.customywear.com\/sk\/wp-json\/wp\/v2\/media\/135190"}],"wp:attachment":[{"href":"https:\/\/www.customywear.com\/sk\/wp-json\/wp\/v2\/media?parent=41201"}],"wp:term":[{"taxonomy":"product_brand","embeddable":true,"href":"https:\/\/www.customywear.com\/sk\/wp-json\/wp\/v2\/product_brand?post=41201"},{"taxonomy":"product_cat","embeddable":true,"href":"https:\/\/www.customywear.com\/sk\/wp-json\/wp\/v2\/product_cat?post=41201"},{"taxonomy":"product_tag","embeddable":true,"href":"https:\/\/www.customywear.com\/sk\/wp-json\/wp\/v2\/product_tag?post=41201"}],"curies":[{"name":"wp","href":"https:\/\/api.w.org\/{rel}","templated":true}]}}