{"id":41240,"date":"2024-07-24T09:26:14","date_gmt":"2024-07-24T09:26:14","guid":{"rendered":"https:\/\/www.customywear.com\/?post_type=product&#038;p=41240"},"modified":"2026-05-07T15:29:43","modified_gmt":"2026-05-07T15:29:43","slug":"tricko-toddler-pavuk-superhrdina","status":"publish","type":"product","link":"https:\/\/www.customywear.com\/sk\/toddler-spider-superhero-shirt\/","title":{"rendered":"Tri\u010dko na mieru pre bato\u013eacie diev\u010datko \u2013 tri\u010dko so superhrdinom a obr\u00e1zkom pav\u00faka"},"content":{"rendered":"<p>Tri\u010dko na mieru pre bato\u013ea \u2013 tri\u010dko s obr\u00e1zkom pav\u00faka a superhrdinu na mieru: Urobte de\u0148 v\u00e1\u0161ho bato\u013ea\u0165a \u010darovn\u00fdm s na\u0161\u00edm tri\u010dkom na mieru pre bato\u013ea \u2013 tri\u010dkom s obr\u00e1zkom pav\u00faka a superhrdinu na mieru! Toto personalizovan\u00e9 tri\u010dko sa vyzna\u010duje \u017eiv\u00fdm superhrdinsk\u00fdm dizajnom zalo\u017een\u00fdm na jej fotografii, potla\u010den\u00fdm na m\u00e4kkej 100 % bavlne s pou\u017eit\u00edm vysoko kvalitnej DTG technol\u00f3gie. Be\u017en\u00fd strih a unisex \u0161t\u00fdl zais\u0165uj\u00fa pohodlie pre bato\u013eat\u00e1, pri\u010dom ka\u017ed\u00e9 tri\u010dko je vyroben\u00e9 tak, aby prinieslo jedine\u010dn\u00fa superhrdinsk\u00fa grafiku, ktor\u00e1 o\u017eivuje jej ob\u013e\u00faben\u00fa postavu.<\/p>","protected":false},"excerpt":{"rendered":"<p>Prisp\u00f4sobte si mal\u00fdch hrdinov pomocou tri\u010dka na mieru pre bato\u013eat\u00e1. Vlastn\u00e9 ko\u0161ele Image Spider Superhero premenia ak\u00fako\u013evek fotografiu na hrav\u00e9, jedine\u010dn\u00e9 tri\u010dko.<\/p>","protected":false},"featured_media":135156,"comment_status":"open","ping_status":"closed","template":"","meta":{"_acf_changed":false},"product_brand":[],"product_cat":[6207,6151,6412,6428],"product_tag":[6433,6439,6221],"class_list":{"0":"post-41240","1":"product","2":"type-product","3":"status-publish","4":"has-post-thumbnail","6":"product_cat-toddler-girl-t-shirts","7":"product_cat-custom-gifts-spiderman","8":"product_cat-photo-to-tees","9":"product_cat-translate-products","10":"product_tag-ai-artwork","11":"product_tag-ai-kids-artwork","12":"product_tag-custom-t-shirts-near-me","14":"first","15":"instock","16":"taxable","17":"shipping-taxable","18":"purchasable","19":"product-type-simple"},"acf":[],"wcpa_form_fields":null,"_links":{"self":[{"href":"https:\/\/www.customywear.com\/sk\/wp-json\/wp\/v2\/product\/41240","targetHints":{"allow":["GET"]}}],"collection":[{"href":"https:\/\/www.customywear.com\/sk\/wp-json\/wp\/v2\/product"}],"about":[{"href":"https:\/\/www.customywear.com\/sk\/wp-json\/wp\/v2\/types\/product"}],"replies":[{"embeddable":true,"href":"https:\/\/www.customywear.com\/sk\/wp-json\/wp\/v2\/comments?post=41240"}],"wp:featuredmedia":[{"embeddable":true,"href":"https:\/\/www.customywear.com\/sk\/wp-json\/wp\/v2\/media\/135156"}],"wp:attachment":[{"href":"https:\/\/www.customywear.com\/sk\/wp-json\/wp\/v2\/media?parent=41240"}],"wp:term":[{"taxonomy":"product_brand","embeddable":true,"href":"https:\/\/www.customywear.com\/sk\/wp-json\/wp\/v2\/product_brand?post=41240"},{"taxonomy":"product_cat","embeddable":true,"href":"https:\/\/www.customywear.com\/sk\/wp-json\/wp\/v2\/product_cat?post=41240"},{"taxonomy":"product_tag","embeddable":true,"href":"https:\/\/www.customywear.com\/sk\/wp-json\/wp\/v2\/product_tag?post=41240"}],"curies":[{"name":"wp","href":"https:\/\/api.w.org\/{rel}","templated":true}]}}