{"id":41241,"date":"2024-07-24T09:26:15","date_gmt":"2024-07-24T09:26:15","guid":{"rendered":"https:\/\/www.customywear.com\/?post_type=product&#038;p=41241"},"modified":"2026-05-07T15:29:43","modified_gmt":"2026-05-07T15:29:43","slug":"dievcenske-tricko-s-pavukom-a-superhrdinom","status":"publish","type":"product","link":"https:\/\/www.customywear.com\/sk\/girls-spider-superhero-shirt\/","title":{"rendered":"Tri\u010dko na mieru pre diev\u010dat\u00e1 \u2013 Tri\u010dko so superhrdinom na mieru s pav\u00fakom"},"content":{"rendered":"<p>Tri\u010dko na mieru pre diev\u010dat\u00e1 \u2013 tri\u010dko so superhrdinkou na mieru s umeleck\u00fdm pav\u00fakom: Doprajte svojej malej superhrdinke na\u0161e tri\u010dko na mieru pre diev\u010dat\u00e1 \u2013 tri\u010dko so superhrdinkou na mieru s umeleck\u00fdm pav\u00fakom! Toto personalizovan\u00e9 tri\u010dko predstavuje dizajn superhrdinky in\u0161pirovan\u00fd jej fotografiou, vytla\u010den\u00e9 na m\u00e4kkej 100 % bavlne s pou\u017eit\u00edm vysoko kvalitnej technol\u00f3gie DTG. Be\u017en\u00fd strih a unisex \u0161t\u00fdl pon\u00fakaj\u00fa pohodlie pre ka\u017edodenn\u00e9 dobrodru\u017estv\u00e1, pri\u010dom ka\u017ed\u00e9 tri\u010dko je jedine\u010dne vyroben\u00e9 tak, aby sa vyzna\u010dovalo \u017eivou, vlastnou grafikou superhrdinky, v\u010faka ktorej vynikne.<\/p>","protected":false},"excerpt":{"rendered":"<p>Umo\u017enite mlad\u00fdm diev\u010dat\u00e1m tri\u010dko na mieru pre diev\u010dat\u00e1. Vlastn\u00e9 tri\u010dk\u00e1 Art Spider Superhero premenia ak\u00fako\u013evek fotografiu na z\u00e1bavn\u00e9, jedine\u010dn\u00e9 tri\u010dko.<\/p>","protected":false},"featured_media":135135,"comment_status":"open","ping_status":"closed","template":"","meta":{"_acf_changed":false},"product_brand":[],"product_cat":[6193,496,6151,152,6412,515,6428],"product_tag":[6433,6439,6331,6221],"class_list":{"0":"post-41241","1":"product","2":"type-product","3":"status-publish","4":"has-post-thumbnail","6":"product_cat-girls-t-shirts","7":"product_cat-birthday","8":"product_cat-custom-gifts-spiderman","9":"product_cat-girls","10":"product_cat-photo-to-tees","11":"product_cat-superhero","12":"product_cat-translate-products","13":"product_tag-ai-artwork","14":"product_tag-ai-kids-artwork","15":"product_tag-custom-picture-t-shirt-for-girls","16":"product_tag-custom-t-shirts-near-me","18":"first","19":"instock","20":"taxable","21":"shipping-taxable","22":"purchasable","23":"product-type-simple"},"acf":[],"wcpa_form_fields":null,"_links":{"self":[{"href":"https:\/\/www.customywear.com\/sk\/wp-json\/wp\/v2\/product\/41241","targetHints":{"allow":["GET"]}}],"collection":[{"href":"https:\/\/www.customywear.com\/sk\/wp-json\/wp\/v2\/product"}],"about":[{"href":"https:\/\/www.customywear.com\/sk\/wp-json\/wp\/v2\/types\/product"}],"replies":[{"embeddable":true,"href":"https:\/\/www.customywear.com\/sk\/wp-json\/wp\/v2\/comments?post=41241"}],"wp:featuredmedia":[{"embeddable":true,"href":"https:\/\/www.customywear.com\/sk\/wp-json\/wp\/v2\/media\/135135"}],"wp:attachment":[{"href":"https:\/\/www.customywear.com\/sk\/wp-json\/wp\/v2\/media?parent=41241"}],"wp:term":[{"taxonomy":"product_brand","embeddable":true,"href":"https:\/\/www.customywear.com\/sk\/wp-json\/wp\/v2\/product_brand?post=41241"},{"taxonomy":"product_cat","embeddable":true,"href":"https:\/\/www.customywear.com\/sk\/wp-json\/wp\/v2\/product_cat?post=41241"},{"taxonomy":"product_tag","embeddable":true,"href":"https:\/\/www.customywear.com\/sk\/wp-json\/wp\/v2\/product_tag?post=41241"}],"curies":[{"name":"wp","href":"https:\/\/api.w.org\/{rel}","templated":true}]}}