{"id":42490,"date":"2024-09-11T15:27:47","date_gmt":"2024-09-11T15:27:47","guid":{"rendered":"https:\/\/www.customywear.com\/?post_type=product&#038;p=42490"},"modified":"2026-05-05T20:24:06","modified_gmt":"2026-05-05T20:24:06","slug":"tricko-gitara-muzi","status":"publish","type":"product","link":"https:\/\/www.customywear.com\/sk\/guitar-t-shirt-men\/","title":{"rendered":"Gitara T-Shirt \u2013 Vlastn\u00e9 Gitara T-shirt pre Mu\u017eov"},"content":{"rendered":"<p>Tri\u010dko s gitarov\u00fdm mot\u00edvom \u2013 Pozdvihnite svoj \u0161t\u00fdl s na\u0161\u00edm p\u00e1nskym tri\u010dkom s gitarov\u00fdm mot\u00edvom na mieru, v ktorom sa va\u0161e ob\u013e\u00faben\u00e9 fotografie premenia na jedine\u010dn\u00e9 umeleck\u00e9 dielo. Toto tri\u010dko s gitarov\u00fdm mot\u00edvom na mieru je vyroben\u00e9 z m\u00e4kkej 100 % bavlny a pon\u00faka v\u00fdnimo\u010dn\u00e9 pohodlie a pr\u00e9miov\u00fa kvalitu pre dlh\u00fa \u017eivotnos\u0165. V\u010faka be\u017en\u00e9mu strihu je ide\u00e1lne na ka\u017edodenn\u00e9 nosenie, zatia\u013e \u010do unisex dizajn pristane ka\u017ed\u00e9mu. Vychutnajte si \u017eiariv\u00e9 a trv\u00e1cne vzory s vysoko kvalitnou DTG potla\u010dou a predve\u010fte svoje personalizovan\u00e9 digit\u00e1lne umenie s ka\u017ed\u00fdm nosen\u00edm.<\/p>","protected":false},"excerpt":{"rendered":"<p>Rock out s gitarov\u00fdm tri\u010dkom. Vlastn\u00e9 gitarov\u00e9 tri\u010dk\u00e1 pre mu\u017eov premenia ak\u00fako\u013evek fotografiu na odv\u00e1\u017ene, jedine\u010dn\u00e9 tri\u010dko.<\/p>","protected":false},"featured_media":95462,"comment_status":"open","ping_status":"closed","template":"","meta":{"_acf_changed":false},"product_brand":[],"product_cat":[6195,6123,186,6340,1582,6412,6428],"product_tag":[6433,6327,6216,6219,6220],"class_list":{"0":"post-42490","1":"product","2":"type-product","3":"status-publish","4":"has-post-thumbnail","6":"product_cat-t-shirts-men","7":"product_cat-custom-gifts-ai-guitar","8":"product_cat-men","9":"product_cat-mens-music-t-shirts","10":"product_cat-music","11":"product_cat-photo-to-tees","12":"product_cat-translate-products","13":"product_tag-ai-artwork","14":"product_tag-custom-photo-t-shirt-for-men","15":"product_tag-mens-custom-t-shirts","16":"product_tag-order-custom-shirts","17":"product_tag-t-shirt-printing-near-me","19":"first","20":"instock","21":"taxable","22":"shipping-taxable","23":"purchasable","24":"product-type-simple"},"acf":[],"wcpa_form_fields":null,"_links":{"self":[{"href":"https:\/\/www.customywear.com\/sk\/wp-json\/wp\/v2\/product\/42490","targetHints":{"allow":["GET"]}}],"collection":[{"href":"https:\/\/www.customywear.com\/sk\/wp-json\/wp\/v2\/product"}],"about":[{"href":"https:\/\/www.customywear.com\/sk\/wp-json\/wp\/v2\/types\/product"}],"replies":[{"embeddable":true,"href":"https:\/\/www.customywear.com\/sk\/wp-json\/wp\/v2\/comments?post=42490"}],"wp:featuredmedia":[{"embeddable":true,"href":"https:\/\/www.customywear.com\/sk\/wp-json\/wp\/v2\/media\/95462"}],"wp:attachment":[{"href":"https:\/\/www.customywear.com\/sk\/wp-json\/wp\/v2\/media?parent=42490"}],"wp:term":[{"taxonomy":"product_brand","embeddable":true,"href":"https:\/\/www.customywear.com\/sk\/wp-json\/wp\/v2\/product_brand?post=42490"},{"taxonomy":"product_cat","embeddable":true,"href":"https:\/\/www.customywear.com\/sk\/wp-json\/wp\/v2\/product_cat?post=42490"},{"taxonomy":"product_tag","embeddable":true,"href":"https:\/\/www.customywear.com\/sk\/wp-json\/wp\/v2\/product_tag?post=42490"}],"curies":[{"name":"wp","href":"https:\/\/api.w.org\/{rel}","templated":true}]}}