{"id":42500,"date":"2024-09-11T15:28:09","date_gmt":"2024-09-11T15:28:09","guid":{"rendered":"https:\/\/www.customywear.com\/?post_type=product&#038;p=42500"},"modified":"2026-05-05T20:23:27","modified_gmt":"2026-05-05T20:23:27","slug":"priatelka-na-gitaru","status":"publish","type":"product","link":"https:\/\/www.customywear.com\/sk\/guitar-tee-girlfriend\/","title":{"rendered":"Tri\u010dk\u00e1 s gitarou na mieru \u2013 personalizovan\u00e9 tri\u010dko s gitarou pre \u017eeny"},"content":{"rendered":"<p>\u0160t\u00fdlov\u00e9 gitarov\u00e9 tri\u010dk\u00e1 \u2013 Vyjadrite sa s na\u0161\u00edm personalizovan\u00fdm gitarov\u00fdm tri\u010dkom pre priate\u013eku a preme\u0148te svoje ob\u013e\u00faben\u00e9 fotografie na v\u00fdnimo\u010dn\u00fd dizajn. Toto \u0161t\u00fdlov\u00e9 gitarov\u00e9 tri\u010dko je vyroben\u00e9 zo 100 % bavlny pre maxim\u00e1lne pohodlie a m\u00e1 pr\u00e9miov\u00fa kvalitu pre dlh\u00fa \u017eivotnos\u0165. V\u010faka be\u017en\u00e9mu strihu a unisex dizajnu je ide\u00e1lne na ka\u017edodenn\u00e9 nosenie. Vychutnajte si \u017eiariv\u00e9 a trv\u00e1cne potla\u010de v\u010faka vysokokvalitnej DTG tla\u010di a personalizovan\u00e9mu digit\u00e1lnemu umeniu pre osobn\u00fd n\u00e1dych.<\/p>","protected":false},"excerpt":{"rendered":"<p>Osl\u00e1vte hudbu s ko\u0161e\u013eami na mieru. Personalizovan\u00e9 gitarov\u00e9 tri\u010dk\u00e1 pre \u017eeny premenia ka\u017ed\u00fa fotografiu na \u0161t\u00fdlov\u00e9, jedine\u010dn\u00e9 tri\u010dko.<\/p>","protected":false},"featured_media":95481,"comment_status":"open","ping_status":"closed","template":"","meta":{"_acf_changed":false},"product_brand":[],"product_cat":[6191,6123,6412,6428,75,6353],"product_tag":[6214,6433,6328,229,6215],"class_list":{"0":"post-42500","1":"product","2":"type-product","3":"status-publish","4":"has-post-thumbnail","6":"product_cat-t-shirts-women","7":"product_cat-custom-gifts-ai-guitar","8":"product_cat-photo-to-tees","9":"product_cat-translate-products","10":"product_cat-women","11":"product_cat-womens-music-t-shirts","12":"product_tag-affordable-custom-t-shirts","13":"product_tag-ai-artwork","14":"product_tag-custom-image-t-shirt-for-women","15":"product_tag-custom-tee-shirts","16":"product_tag-screen-printing-near-me","18":"first","19":"instock","20":"taxable","21":"shipping-taxable","22":"purchasable","23":"product-type-simple"},"acf":[],"wcpa_form_fields":null,"_links":{"self":[{"href":"https:\/\/www.customywear.com\/sk\/wp-json\/wp\/v2\/product\/42500","targetHints":{"allow":["GET"]}}],"collection":[{"href":"https:\/\/www.customywear.com\/sk\/wp-json\/wp\/v2\/product"}],"about":[{"href":"https:\/\/www.customywear.com\/sk\/wp-json\/wp\/v2\/types\/product"}],"replies":[{"embeddable":true,"href":"https:\/\/www.customywear.com\/sk\/wp-json\/wp\/v2\/comments?post=42500"}],"wp:featuredmedia":[{"embeddable":true,"href":"https:\/\/www.customywear.com\/sk\/wp-json\/wp\/v2\/media\/95481"}],"wp:attachment":[{"href":"https:\/\/www.customywear.com\/sk\/wp-json\/wp\/v2\/media?parent=42500"}],"wp:term":[{"taxonomy":"product_brand","embeddable":true,"href":"https:\/\/www.customywear.com\/sk\/wp-json\/wp\/v2\/product_brand?post=42500"},{"taxonomy":"product_cat","embeddable":true,"href":"https:\/\/www.customywear.com\/sk\/wp-json\/wp\/v2\/product_cat?post=42500"},{"taxonomy":"product_tag","embeddable":true,"href":"https:\/\/www.customywear.com\/sk\/wp-json\/wp\/v2\/product_tag?post=42500"}],"curies":[{"name":"wp","href":"https:\/\/api.w.org\/{rel}","templated":true}]}}